{"id":1169,"date":"2022-11-12T00:39:11","date_gmt":"2022-11-11T23:39:11","guid":{"rendered":"https:\/\/martingagnon.net\/collection\/?page_id=1169"},"modified":"2025-11-16T16:04:45","modified_gmt":"2025-11-16T15:04:45","slug":"la-cie-des-remedes-de-labbe-warre","status":"publish","type":"page","link":"https:\/\/martingagnon.net\/collection\/la-cie-des-remedes-de-labbe-warre\/","title":{"rendered":"La Cie des Rem\u00e8des de l&rsquo;Abb\u00e9 Warr\u00e9"},"content":{"rendered":"<div class=\"groupe\">\n<h3 class=\"sous_titre\">Rem\u00e8des et m\u00e9dicaments<\/h3>\n<div class=\"bloc_wrapper\">\n<div class=\"bouteille modele_1_vertical gauche\">\n<div class=\"titre_bouteille\">La Cie des Rem\u00e8des de l&rsquo;Abb\u00e9 Warr\u00e9 &#8211;<br \/>\nGod-O-Var No 2<\/div>\n<p><img decoding=\"async\" src=\"..\/images\/abbewarre_no2.jpg\" width=\"426\"><\/p>\n<\/div>\n<div class=\"bouteille modele_1_vertical droite\">\n<div class=\"titre_bouteille\">La Cie des Rem\u00e8des de l&rsquo;Abb\u00e9 Warr\u00e9 &#8211;<br \/>\nGod-O-Var No 7<\/div>\n<p><img decoding=\"async\" src=\"..\/images\/35870288693_6cfb820682_z.jpg\" width=\"426\"><\/p>\n<\/div>\n<p><br style=\"clear:both;\"><\/p>\n<\/div>\n<div class=\"bloc_wrapper\">\n<div class=\"bouteille modele_1_vertical gauche\">\n<div class=\"titre_bouteille\">La Cie des Rem\u00e8des de l&rsquo;Abb\u00e9 Warr\u00e9 &#8211;<br \/>\nRem\u00e8de No 8<\/div>\n<p><img decoding=\"async\" src=\"..\/images\/abbewarre_remedes_bte.jpg\" width=\"426\"><\/p>\n<\/div>\n<div class=\"bouteille modele_1_vertical droite\">\n<div class=\"titre_bouteille\">La Cie des Rem\u00e8des de l&rsquo;Abb\u00e9 Warr\u00e9 &#8211;<br \/>\nRem\u00e8de No 9<\/div>\n<p><img decoding=\"async\" src=\"..\/images\/abbewarre_9.jpg\" width=\"426\"><\/p>\n<\/div>\n<p><br style=\"clear:both;\"><\/p>\n<\/div>\n<div class=\"bloc_wrapper\">\n<div class=\"bouteille modele_1_vertical gauche\">\n<div class=\"titre_bouteille\">La Cie des Rem\u00e8des de l&rsquo;Abb\u00e9 Warr\u00e9 &#8211;<br \/>\nRem\u00e8de No 9 (\u00e9chantillon)<\/div>\n<p><img decoding=\"async\" src=\"..\/images\/abbewarre_no9_sample.jpg\" width=\"426\"><\/p>\n<\/div>\n<div class=\"bouteille modele_1_vertical droite\">\n<div class=\"titre_bouteille\">La Cie des Rem\u00e8des de l&rsquo;Abb\u00e9 Warr\u00e9 &#8211;<br \/>\nRem\u00e8de No 10<\/div>\n<p><img decoding=\"async\" src=\"..\/images\/abbewarre_no10.jpg\" width=\"426\"><\/p>\n<\/div>\n<p><br style=\"clear:both;\"><\/p>\n<\/div>\n<div class=\"bloc_wrapper\">\n<div class=\"bouteille modele_1_vertical gauche\">\n<div class=\"titre_bouteille\">La Cie des Rem\u00e8des de l&rsquo;Abb\u00e9 Warr\u00e9 &#8211;<br \/>\nGod-O-Var No 11<\/div>\n<p><img decoding=\"async\" src=\"..\/images\/35870295473_662bdc548a_z.jpg\" width=\"426\"><\/p>\n<\/div>\n<p><br style=\"clear:both;\"><\/p>\n<\/div>\n<\/div>\n<div class=\"groupe\">\n<h3 class=\"sous_titre\">Objets publicitaires<\/h3>\n<div class=\"bloc_wrapper\">\n<div class=\"bouteille modele_2_horizontal gauche\">\n<div class=\"titre_bouteille pleine_largeur\">La Cie des Rem\u00e8des de l&rsquo;Abb\u00e9 Warr\u00e9 &#8211; Annonce publicitaire God-O-Var No 7<\/div>\n<div class=\"modele_2_crop\"><img decoding=\"async\" src=\"..\/images\/godovar_no7_pancarte.JPG\" width=\"881px\" style=\"margin:-100px 0 0 0;\"><\/div>\n<\/div>\n<p><br style=\"clear:both;\"><\/p>\n<\/div>\n<div class=\"bloc_wrapper\">\n<div class=\"bouteille modele_1_vertical gauche\">\n<div class=\"titre_bouteille\">La Cie des Rem\u00e8des de l&rsquo;Abb\u00e9 Warr\u00e9 &#8211;<br \/>\nMeuble pr\u00e9sentoir<\/div>\n<p><img decoding=\"async\" src=\"..\/images\/abbe_warre_presentoir.jpg\" width=\"426\"><\/p>\n<\/div>\n<div class=\"bouteille modele_1_vertical droite\">\n<div class=\"titre_bouteille\">La Cie des Rem\u00e8des de l&rsquo;Abb\u00e9 Warr\u00e9 &#8211;<br \/>\nLivret publicitaire<\/div>\n<p><img decoding=\"async\" src=\"..\/images\/abbe_warre_sa_methode.jpg\" width=\"426\"><\/p>\n<\/div>\n<p><br style=\"clear:both;\"><\/p>\n<\/div>\n","protected":false},"excerpt":{"rendered":"<p>Rem\u00e8des et m\u00e9dicaments La Cie des Rem\u00e8des de l&rsquo;Abb\u00e9 Warr\u00e9 &#8211; God-O-Var No 2 La Cie des Rem\u00e8des de l&rsquo;Abb\u00e9 Warr\u00e9 &#8211; God-O-Var No 7 La Cie des Rem\u00e8des de l&rsquo;Abb\u00e9 Warr\u00e9 &#8211; Rem\u00e8de No 8 La Cie des Rem\u00e8des de l&rsquo;Abb\u00e9 Warr\u00e9 &#8211; Rem\u00e8de No 9 La Cie des Rem\u00e8des de l&rsquo;Abb\u00e9 Warr\u00e9 &#8211; [&hellip;]<\/p>\n","protected":false},"author":1,"featured_media":0,"parent":0,"menu_order":0,"comment_status":"closed","ping_status":"closed","template":"","meta":{"footnotes":""},"class_list":["post-1169","page","type-page","status-publish","hentry"],"_links":{"self":[{"href":"https:\/\/martingagnon.net\/collection\/wp-json\/wp\/v2\/pages\/1169","targetHints":{"allow":["GET"]}}],"collection":[{"href":"https:\/\/martingagnon.net\/collection\/wp-json\/wp\/v2\/pages"}],"about":[{"href":"https:\/\/martingagnon.net\/collection\/wp-json\/wp\/v2\/types\/page"}],"author":[{"embeddable":true,"href":"https:\/\/martingagnon.net\/collection\/wp-json\/wp\/v2\/users\/1"}],"replies":[{"embeddable":true,"href":"https:\/\/martingagnon.net\/collection\/wp-json\/wp\/v2\/comments?post=1169"}],"version-history":[{"count":13,"href":"https:\/\/martingagnon.net\/collection\/wp-json\/wp\/v2\/pages\/1169\/revisions"}],"predecessor-version":[{"id":1885,"href":"https:\/\/martingagnon.net\/collection\/wp-json\/wp\/v2\/pages\/1169\/revisions\/1885"}],"wp:attachment":[{"href":"https:\/\/martingagnon.net\/collection\/wp-json\/wp\/v2\/media?parent=1169"}],"curies":[{"name":"wp","href":"https:\/\/api.w.org\/{rel}","templated":true}]}}