{"id":1328,"date":"2023-10-29T15:41:04","date_gmt":"2023-10-29T14:41:04","guid":{"rendered":"https:\/\/martingagnon.net\/collection\/?page_id=1328"},"modified":"2025-11-26T03:00:57","modified_gmt":"2025-11-26T02:00:57","slug":"medicaments-cantons-de-lest","status":"publish","type":"page","link":"https:\/\/martingagnon.net\/collection\/medicaments-cantons-de-lest\/","title":{"rendered":"M\u00e9dicaments \/ Cantons-de-l&rsquo;Est"},"content":{"rendered":"<div class=\"groupe\">\n<h3 class=\"sous_titre\">Laboratoire Aub\u00e9 <span class=\"sous_titre_small\">(Sherbrooke, QC)<\/span><\/h3>\n<div class=\"bloc_wrapper\">\n<div class=\"bouteille modele_1_vertical gauche\">\n<div class=\"titre_bouteille\">Calendrier Tonique Aub\u00e9 1949<\/div>\n<p><img decoding=\"async\" src=\"..\/images\/33421609112_0f8eed86d9_z.jpg\" width=\"426\"><\/p>\n<\/div>\n<div class=\"bouteille modele_1_vertical droite\">\n<div class=\"titre_bouteille\">\u00c9tiquettes Tonique Aub\u00e9<\/div>\n<p><img decoding=\"async\" src=\"..\/images\/aube_tonique_etiq.jpg\" width=\"426\"><\/p>\n<\/div>\n<p><br style=\"clear:both;\"><\/p>\n<\/div>\n<\/div>\n<div class=\"groupe\">\n<h3 class=\"sous_titre\">Benol Medicine Co. <span class=\"sous_titre_small\">(Sherbrooke, QC)<\/span><\/h3>\n<div class=\"bloc_wrapper\">\n<div class=\"bouteille modele_1_vertical gauche\">\n<div class=\"titre_bouteille\">Benol Medicine Co. &#8211; Benol No.1<\/div>\n<p><img decoding=\"async\" src=\"..\/images\/benol_no1.JPG\" width=\"426\"><\/p>\n<\/div>\n<p><br style=\"clear:both;\"><\/p>\n<\/div>\n<\/div>\n<div class=\"groupe\">\n<h3 class=\"sous_titre\">Brown&rsquo;s Drops Med. Co. <span class=\"sous_titre_small\">(Sutton, QC)<\/span><\/h3>\n<div class=\"bloc_wrapper\">\n<div class=\"bouteille modele_1_vertical gauche\">\n<div class=\"titre_bouteille\">Brown&rsquo;s Drops Med. Co. &#8211; Bo\u00eete Brown&rsquo;s Drops<\/div>\n<p><img decoding=\"async\" src=\"..\/images\/38020063222_1b9044a09e_z.jpg\" width=\"426\"><\/p>\n<\/div>\n<div class=\"bouteille modele_1_vertical droite\">\n<div class=\"titre_bouteille\">Wm. Brown &#8211; Brown&rsquo;s Drops<\/div>\n<p><img decoding=\"async\" src=\"..\/images\/brown_browns_drops.JPG\" width=\"426\"><\/p>\n<\/div>\n<p><br style=\"clear:both;\"><\/p>\n<\/div>\n<\/div>\n<div class=\"groupe\">\n<h3 class=\"sous_titre\">W. Bruneau &amp; Fils, Enr. \/ Le laboratoire du Dr Georges <span class=\"sous_titre_small\">(St-Georges-de-Windsor, QC)<\/span><\/h3>\n<div class=\"bloc_wrapper\">\n<div class=\"bouteille modele_1_vertical gauche\">\n<div class=\"titre_bouteille\">W. Bruneau &amp; Fils, Enr. &#8211; Savoyanne Compos\u00e9 Bruno<\/div>\n<p><img decoding=\"async\" src=\"..\/images\/27593505017_21541337b3_z.jpg\" width=\"426\"><\/p>\n<\/div>\n<div class=\"bouteille modele_1_vertical droite\">\n<div class=\"titre_bouteille\">W. Bruneau &amp; Fils, Enr. &#8211; Savoyanne Compos\u00e9 Bruno<\/div>\n<p><img decoding=\"async\" src=\"..\/images\/31798381510_dfa899c878_z.jpg\" width=\"426\"><\/p>\n<\/div>\n<p><br style=\"clear:both;\"><\/p>\n<\/div>\n<div class=\"bloc_wrapper\">\n<div class=\"bouteille modele_1_vertical gauche\">\n<div class=\"titre_bouteille\">W. Bruneau &amp; Fils, Enr. &#8211; Savoyanne Compos\u00e9 Bruno<\/div>\n<p><img decoding=\"async\" src=\"..\/images\/savoyanne3.jpg\" width=\"426\"><\/p>\n<\/div>\n<div class=\"bouteille modele_1_vertical droite\">\n<div class=\"titre_bouteille\">W. Bruneau &amp; Fils, Enr. &#8211; Tablettes Bruno<\/div>\n<p><img decoding=\"async\" src=\"..\/images\/bruno_tablettes.jpg\" width=\"426\"><\/p>\n<\/div>\n<p><br style=\"clear:both;\"><\/p>\n<\/div>\n<div class=\"bloc_wrapper\">\n<div class=\"bouteille modele_1_vertical gauche\">\n<div class=\"titre_bouteille\">Le laboratoire du Dr Georges &#8211; Epsalim<\/div>\n<p><img decoding=\"async\" src=\"..\/images\/drgeorges_epsalim.jpg\" width=\"426\"><\/p>\n<\/div>\n<p><br style=\"clear:both;\"><\/p>\n<\/div>\n<\/div>\n<div class=\"groupe\">\n<h3 class=\"sous_titre\">Dr. J. A. M. \u00c9lie <span class=\"sous_titre_small\">(Farnham, QC)<\/span><\/h3>\n<div class=\"bloc_wrapper\">\n<div class=\"bouteille modele_2_horizontal gauche\">\n<div class=\"titre_bouteille pleine_largeur\">Dr. J. A. M. \u00c9lie &#8211; Pilules \u00e9clectriques<\/div>\n<div class=\"modele_2_crop\"><img decoding=\"async\" src=\"..\/images\/30372112995_f8e0aca49a_b.jpg\" width=\"881px\" style=\"margin:-100px 0 0 0;\"><\/div>\n<\/div>\n<p><br style=\"clear:both;\"><\/p>\n<\/div>\n<\/div>\n<div class=\"groupe\">\n<h3 class=\"sous_titre\">Dr L. A. Gendreau <span class=\"sous_titre_small\">(Sherbrooke, QC)<\/span><\/h3>\n<div class=\"bloc_wrapper\">\n<div class=\"bouteille modele_1_vertical gauche\">\n<div class=\"titre_bouteille\">Dr L. A. Gendreau \u2013 Alcool \u00e0 friction<\/div>\n<p><img decoding=\"async\" src=\"..\/images\/36284133650_9e528d4e41_z.jpg\" width=\"426\"><\/p>\n<\/div>\n<p><br style=\"clear:both;\"><\/p>\n<\/div>\n<\/div>\n<div class=\"groupe\">\n<h3 class=\"sous_titre\">Jacob\u2019s Rheumatic Liquid <span class=\"sous_titre_small\">(Compton, QC)<\/span><\/h3>\n<div class=\"bloc_wrapper\">\n<div class=\"bouteille modele_1_vertical gauche\">\n<div class=\"titre_bouteille\">Jacob\u2019s Rheumatic Liquid<\/div>\n<p><img decoding=\"async\" src=\"..\/images\/jacob_rheumatic_liquid_3.jpg\" width=\"426\"><\/p>\n<\/div>\n<p><br style=\"clear:both;\"><\/p>\n<\/div>\n<\/div>\n<div class=\"groupe\">\n<h3 class=\"sous_titre\">Joseph Lamontagne <span class=\"sous_titre_small\">(Sherbrooke, QC)<\/span><\/h3>\n<div class=\"bloc_wrapper\">\n<div class=\"bouteille modele_1_vertical gauche\">\n<div class=\"titre_bouteille\">Joseph Lamontagne \u2013 Onguent Lamontagne<\/div>\n<div class=\"slider\"><img decoding=\"async\" src=\"..\/images\/37997945676_503a81c774_z.jpg\" width=\"426\"><img decoding=\"async\" src=\"..\/images\/38051333211_286ab0f9c5_z.jpg\" width=\"426\"><img decoding=\"async\" src=\"..\/images\/37341968034_422d25e774_z.jpg\" width=\"426\"><\/div>\n<\/div>\n<p><br style=\"clear:both;\"><\/p>\n<\/div>\n<\/div>\n<div class=\"groupe\">\n<h3 class=\"sous_titre\">Liniment Colburn Enrg <span class=\"sous_titre_small\">(Sherbrooke, QC)<\/span><\/h3>\n<div class=\"bloc_wrapper\">\n<div class=\"bouteille modele_1_vertical gauche\">\n<div class=\"titre_bouteille\">Liniment Colburn Enrg &#8211; Liniment Colburn<\/div>\n<p><img decoding=\"async\" src=\"..\/images\/31361163688_0282532f3e_z.jpg\" width=\"426\"><\/p>\n<\/div>\n<p><br style=\"clear:both;\"><\/p>\n<\/div>\n<\/div>\n<div class=\"groupe\">\n<h3 class=\"sous_titre\">Cie Onguent Eskimo <span class=\"sous_titre_small\">(Mansonville, QC)<\/span><\/h3>\n<div class=\"bloc_wrapper\">\n<div class=\"bouteille modele_2_horizontal gauche\">\n<div class=\"titre_bouteille pleine_largeur\">Cie Onguent Eskimo &#8211; Buvard<\/div>\n<p><img decoding=\"async\" src=\"..\/images\/31362946513_eb54d1132d_b.jpg\" width=\"881px\"><\/p>\n<\/div>\n<p><br style=\"clear:both;\"><\/p>\n<\/div>\n<div class=\"bloc_wrapper\">\n<div class=\"bouteille modele_1_vertical gauche\">\n<div class=\"titre_bouteille\">Cie Onguent Eskimo &#8211; Onguent Eskimo<\/div>\n<p><img decoding=\"async\" src=\"..\/images\/eskimo_onguent_50c.JPG\" width=\"426\"><\/p>\n<\/div>\n<div class=\"bouteille modele_1_vertical droite\">\n<div class=\"titre_bouteille\">Cie Onguent Eskimo &#8211; Onguent Eskimo<\/div>\n<p><img decoding=\"async\" src=\"..\/images\/eskimo_onguent_75c.JPG\" width=\"426\"><\/p>\n<\/div>\n<p><br style=\"clear:both;\"><\/p>\n<\/div>\n<div class=\"bloc_wrapper\">\n<div class=\"bouteille modele_1_vertical gauche\">\n<div class=\"titre_bouteille\">Cie Onguent Eskimo &#8211; Sirop Eskimo<\/div>\n<p><img decoding=\"async\" src=\"..\/images\/36541407921_7d387f3982_z.jpg\" width=\"426\"><\/p>\n<\/div>\n<div class=\"bouteille modele_1_vertical droite\">\n<div class=\"titre_bouteille\">Cie Onguent Eskimo &#8211; Sirop Eskimo<\/div>\n<p><img decoding=\"async\" src=\"..\/images\/eskimo_sirop_bte.jpg\" width=\"426\"><\/p>\n<\/div>\n<p><br style=\"clear:both;\"><\/p>\n<\/div>\n<\/div>\n<div class=\"groupe\">\n<h3 class=\"sous_titre\">R. T. M. Prime <span class=\"sous_titre_small\">(Knowlton, QC)<\/span><\/h3>\n<div class=\"bloc_wrapper\">\n<div class=\"bouteille modele_1_vertical gauche\">\n<div class=\"titre_bouteille\">R. T. M. Prime &#8211; Blackberry Cordial<\/div>\n<p><img decoding=\"async\" src=\"..\/images\/38660916385_d51dc04fe1_z.jpg\" width=\"426\"><\/p>\n<\/div>\n<p><br style=\"clear:both;\"><\/p>\n<\/div>\n<\/div>\n<div class=\"groupe\">\n<h3 class=\"sous_titre\">Les Rem\u00e8des Frichon <span class=\"sous_titre_small\">(Lac-Fronti\u00e8re, QC)<\/span><\/h3>\n<div class=\"bloc_wrapper\">\n<div class=\"bouteille modele_1_vertical gauche\">\n<div class=\"titre_bouteille\">Les Rem\u00e8des Frichon &#8211; Liniment Soro<\/div>\n<p><img decoding=\"async\" src=\"..\/images\/24968281858_936dd19ede_z.jpg\" width=\"426\"><\/p>\n<\/div>\n<div class=\"bouteille modele_1_vertical droite\">\n<div class=\"titre_bouteille\">Les Rem\u00e8des Frichon &#8211; Sirop Leck<\/div>\n<p><img decoding=\"async\" src=\"..\/images\/44113967932_c1a65aeafb_z.jpg\" width=\"426\"><\/p>\n<\/div>\n<p><br style=\"clear:both;\"><\/p>\n<\/div>\n<\/div>\n<div class=\"groupe\">\n<h3 class=\"sous_titre\">Robinson &amp; Co. <span class=\"sous_titre_small\">(Coaticook, QC)<\/span><\/h3>\n<div class=\"bloc_wrapper\">\n<div class=\"bouteille modele_1_vertical gauche\">\n<div class=\"titre_bouteille\">Robinson &amp; Co. &#8211; Poudre pour maux de t\u00eate de Robinson<\/div>\n<p><img decoding=\"async\" src=\"..\/images\/robinson_poudre_mauxdetete.jpg\" width=\"426\"><\/p>\n<\/div>\n<p><br style=\"clear:both;\"><\/p>\n<\/div>\n<\/div>\n<div class=\"groupe\">\n<h3 class=\"sous_titre\">B. N. Robinson &amp; Co. <span class=\"sous_titre_small\">(Coaticook, QC puis Granby, QC)<\/span><\/h3>\n<div class=\"bloc_wrapper\">\n<div class=\"bouteille modele_2_horizontal gauche\">\n<div class=\"titre_bouteille pleine_largeur\">B. N. Robinson &amp; Co. \u2013 Tablettes Kimo<\/div>\n<p><img decoding=\"async\" src=\"..\/images\/18849407640_a2696d44bf_z.jpg\" width=\"881px\"><\/p>\n<\/div>\n<p><br style=\"clear:both;\"><\/p>\n<\/div>\n<div class=\"bloc_wrapper\">\n<div class=\"bouteille modele_1_vertical gauche\">\n<div class=\"titre_bouteille\">B.N. Robinson &amp; Co. &#8211; Onguent Eskimo<\/div>\n<p><img decoding=\"async\" src=\"..\/images\/27780642669_8c0d970ed1_z.jpg\" width=\"426\"><\/p>\n<\/div>\n<div class=\"bouteille modele_1_vertical droite\">\n<div class=\"titre_bouteille\">B.N. Robinson &amp; Co. &#8211; Sirop Eskimo<\/div>\n<p><img decoding=\"async\" src=\"..\/images\/bnrobinson_sirop_eskimo.jpg\" width=\"426\"><\/p>\n<\/div>\n<p><br style=\"clear:both;\"><\/p>\n<\/div>\n<div class=\"bloc_wrapper\">\n<div class=\"bouteille modele_1_vertical gauche\">\n<div class=\"titre_bouteille\">B.N. Robinson &amp; Co. &#8211; Zutoo Tablets<\/div>\n<p><img decoding=\"async\" src=\"..\/images\/robinson_zutoo_tablets_display.jpg\" width=\"426\"><\/p>\n<\/div>\n<div class=\"bouteille modele_1_vertical droite\">\n<div class=\"titre_bouteille\">B.N. Robinson &amp; Co. &#8211; Kimo Tablets<\/div>\n<p><img decoding=\"async\" src=\"..\/images\/bnrobinson_kimo_tablets_tin.jpg\" width=\"426\"><\/p>\n<\/div>\n<p><br style=\"clear:both;\"><\/p>\n<\/div>\n<\/div>\n<div class=\"groupe\">\n<h3 class=\"sous_titre\">Dr. J.F. True &amp; Co. <span class=\"sous_titre_small\">(Knowlton, QC)<\/span><\/h3>\n<div class=\"bloc_wrapper\">\n<div class=\"bouteille modele_1_vertical gauche\">\n<div class=\"titre_bouteille\">Dr. J.F. True &amp; Co. &#8211; Dr True&rsquo;s Elixir<\/div>\n<p><img decoding=\"async\" src=\"..\/images\/true_elixir.jpg\" width=\"426\"><\/p>\n<\/div>\n<div class=\"bouteille modele_1_vertical droite\">\n<div class=\"titre_bouteille\">Dr. J.F. True &amp; Co. &#8211; Dr True&rsquo;s Elixir<\/div>\n<p><img decoding=\"async\" src=\"..\/images\/dr_true_elixir_etiq.jpg\" width=\"426\"><\/p>\n<\/div>\n<p><br style=\"clear:both;\"><\/p>\n<\/div>\n<\/div>\n<div class=\"groupe\">\n<h3 class=\"sous_titre\">George W. Willard <span class=\"sous_titre_small\">(Sherbrooke, QC)<\/span><\/h3>\n<div class=\"bloc_wrapper\">\n<div class=\"bouteille modele_1_vertical gauche\">\n<div class=\"titre_bouteille\">Geo. W. Willard &#8211; Willard&rsquo;s Salve<\/div>\n<p><img decoding=\"async\" src=\"..\/images\/geo_w_willard_willards_salve_sample.jpg\" width=\"426\"><\/p>\n<\/div>\n<p><br style=\"clear:both;\"><\/p>\n<\/div>\n<\/div>\n","protected":false},"excerpt":{"rendered":"<p>Laboratoire Aub\u00e9 (Sherbrooke, QC) Calendrier Tonique Aub\u00e9 1949 \u00c9tiquettes Tonique Aub\u00e9 Benol Medicine Co. (Sherbrooke, QC) Benol Medicine Co. &#8211; Benol No.1 Brown&rsquo;s Drops Med. Co. (Sutton, QC) Brown&rsquo;s Drops Med. Co. &#8211; Bo\u00eete Brown&rsquo;s Drops Wm. Brown &#8211; Brown&rsquo;s Drops W. Bruneau &amp; Fils, Enr. \/ Le laboratoire du Dr Georges (St-Georges-de-Windsor, QC) W. [&hellip;]<\/p>\n","protected":false},"author":1,"featured_media":0,"parent":0,"menu_order":0,"comment_status":"closed","ping_status":"closed","template":"","meta":{"footnotes":""},"class_list":["post-1328","page","type-page","status-publish","hentry"],"_links":{"self":[{"href":"https:\/\/martingagnon.net\/collection\/wp-json\/wp\/v2\/pages\/1328","targetHints":{"allow":["GET"]}}],"collection":[{"href":"https:\/\/martingagnon.net\/collection\/wp-json\/wp\/v2\/pages"}],"about":[{"href":"https:\/\/martingagnon.net\/collection\/wp-json\/wp\/v2\/types\/page"}],"author":[{"embeddable":true,"href":"https:\/\/martingagnon.net\/collection\/wp-json\/wp\/v2\/users\/1"}],"replies":[{"embeddable":true,"href":"https:\/\/martingagnon.net\/collection\/wp-json\/wp\/v2\/comments?post=1328"}],"version-history":[{"count":14,"href":"https:\/\/martingagnon.net\/collection\/wp-json\/wp\/v2\/pages\/1328\/revisions"}],"predecessor-version":[{"id":1934,"href":"https:\/\/martingagnon.net\/collection\/wp-json\/wp\/v2\/pages\/1328\/revisions\/1934"}],"wp:attachment":[{"href":"https:\/\/martingagnon.net\/collection\/wp-json\/wp\/v2\/media?parent=1328"}],"curies":[{"name":"wp","href":"https:\/\/api.w.org\/{rel}","templated":true}]}}