{"id":1348,"date":"2023-10-29T16:40:23","date_gmt":"2023-10-29T15:40:23","guid":{"rendered":"https:\/\/martingagnon.net\/collection\/?page_id=1348"},"modified":"2025-11-22T05:07:08","modified_gmt":"2025-11-22T04:07:08","slug":"extraits-culinaires","status":"publish","type":"page","link":"https:\/\/martingagnon.net\/collection\/extraits-culinaires\/","title":{"rendered":"Extraits culinaires"},"content":{"rendered":"<div class=\"groupe\">\n<div class=\"bloc_wrapper\">\n<div class=\"bouteille modele_1_vertical gauche\">\n<div class=\"titre_bouteille\">Produits Primus<\/div>\n<p><img decoding=\"async\" src=\"..\/images\/primus_prod_abm.jpg\" width=\"426\"><\/p>\n<\/div>\n<div class=\"bouteille modele_1_vertical droite\">\n<div class=\"titre_bouteille\">Produits Primus<\/div>\n<p><img decoding=\"async\" src=\"..\/images\/primus_prod_bim.jpg\" width=\"426\"><\/p>\n<\/div>\n<p><br style=\"clear:both;\"><\/p>\n<\/div>\n<div class=\"bloc_wrapper\">\n<div class=\"bouteille modele_1_vertical gauche\">\n<div class=\"titre_bouteille\">Birks Corner &amp; Co. &#8211; Almond Extract<\/div>\n<p><img decoding=\"async\" src=\"..\/images\/birks_corner_almond.jpg\" width=\"426\"><\/p>\n<\/div>\n<div class=\"bouteille modele_1_vertical droite\">\n<div class=\"titre_bouteille\">Birks Corner &amp; Co. &#8211; Banana Extract<\/div>\n<p><img decoding=\"async\" src=\"..\/images\/birks_corner_banana.jpg\" width=\"426\"><\/p>\n<\/div>\n<p><br style=\"clear:both;\"><\/p>\n<\/div>\n<div class=\"bloc_wrapper\">\n<div class=\"bouteille modele_1_vertical gauche\">\n<div class=\"titre_bouteille\">Birks Corner &amp; Co. &#8211; Cayenne Extract<\/div>\n<p><img decoding=\"async\" src=\"..\/images\/birks_corner_cayenne.jpg\" width=\"426\"><\/p>\n<\/div>\n<div class=\"bouteille modele_1_vertical droite\">\n<div class=\"titre_bouteille\">Birks Corner &amp; Co. &#8211; Cinnamon Extract<\/div>\n<p><img decoding=\"async\" src=\"..\/images\/birks_corner_cinnamon.jpg\" width=\"426\"><\/p>\n<\/div>\n<p><br style=\"clear:both;\"><\/p>\n<\/div>\n<div class=\"bloc_wrapper\">\n<div class=\"bouteille modele_1_vertical gauche\">\n<div class=\"titre_bouteille\">Birks Corner &amp; Co. &#8211; Ginger Extract<\/div>\n<p><img decoding=\"async\" src=\"..\/images\/birks_corner_ginger.jpg\" width=\"426\"><\/p>\n<\/div>\n<div class=\"bouteille modele_1_vertical droite\">\n<div class=\"titre_bouteille\">Birks Corner &amp; Co. &#8211; Lemon Extract<\/div>\n<p><img decoding=\"async\" src=\"..\/images\/birks_corner_lemon.jpg\" width=\"426\"><\/p>\n<\/div>\n<p><br style=\"clear:both;\"><\/p>\n<\/div>\n<div class=\"bloc_wrapper\">\n<div class=\"bouteille modele_1_vertical gauche\">\n<div class=\"titre_bouteille\">Birks Corner &amp; Co. &#8211; Peppermint Extract<\/div>\n<p><img decoding=\"async\" src=\"..\/images\/birks_corner_peppermint.jpg\" width=\"426\"><\/p>\n<\/div>\n<div class=\"bouteille modele_1_vertical droite\">\n<div class=\"titre_bouteille\">Birks Corner &amp; Co. &#8211; Pineapple Extract<\/div>\n<p><img decoding=\"async\" src=\"..\/images\/birks_corner_pineapple.jpg\" width=\"426\"><\/p>\n<\/div>\n<p><br style=\"clear:both;\"><\/p>\n<\/div>\n<div class=\"bloc_wrapper\">\n<div class=\"bouteille modele_1_vertical gauche\">\n<div class=\"titre_bouteille\">Birks Corner &amp; Co. &#8211; Ratafia Extract<\/div>\n<p><img decoding=\"async\" src=\"..\/images\/birks_corner_ratafia.jpg\" width=\"426\"><\/p>\n<\/div>\n<div class=\"bouteille modele_1_vertical droite\">\n<div class=\"titre_bouteille\">Birks Corner &amp; Co. &#8211; Strawberry Extract<\/div>\n<p><img decoding=\"async\" src=\"..\/images\/birks_corner_strawberry.jpg\" width=\"426\"><\/p>\n<\/div>\n<p><br style=\"clear:both;\"><\/p>\n<\/div>\n<div class=\"bloc_wrapper\">\n<div class=\"bouteille modele_1_vertical gauche\">\n<div class=\"titre_bouteille\">Birks Corner &amp; Co. &#8211; Vanilla Extract<\/div>\n<p><img decoding=\"async\" src=\"..\/images\/birks_corner_vanilla.jpg\" width=\"426\"><\/p>\n<\/div>\n<div class=\"bouteille modele_1_vertical droite\">\n<div class=\"titre_bouteille\">Birks Corner &amp; Co. &#8211; Walnut Extract<\/div>\n<p><img decoding=\"async\" src=\"..\/images\/birks_corner_walnut.jpg\" width=\"426\"><\/p>\n<\/div>\n<p><br style=\"clear:both;\"><\/p>\n<\/div>\n<div class=\"bloc_wrapper\">\n<div class=\"bouteille modele_1_vertical gauche\">\n<div class=\"titre_bouteille\">Birks Corner &amp; Co. &#8211; Wintergreen Extract<\/div>\n<p><img decoding=\"async\" src=\"..\/images\/birks_corner_wintergreen.jpg\" width=\"426\"><\/p>\n<\/div>\n<div class=\"bouteille modele_1_vertical droite\">\n<div class=\"titre_bouteille\">Heron-Leblanc Ltd &#8211; Extracts<\/div>\n<p><img decoding=\"async\" src=\"..\/images\/heron-leblanc_extracts.jpg\" width=\"426\"><\/p>\n<\/div>\n<p><br style=\"clear:both;\"><\/p>\n<\/div>\n<div class=\"bloc_wrapper\">\n<div class=\"bouteille modele_1_vertical gauche\">\n<div class=\"titre_bouteille\">Holly Packing Co. &#8211; Raspberry Extract<\/div>\n<p><img decoding=\"async\" src=\"..\/images\/holly_extract.jpg\" width=\"426\"><\/p>\n<\/div>\n<div class=\"bouteille modele_1_vertical droite\">\n<div class=\"titre_bouteille\">Windsor Spice Mills &#8211; Reina Extracts<\/div>\n<p><img decoding=\"async\" src=\"..\/images\/windsor_spice_reina_extract.jpg\" width=\"426\"><\/p>\n<\/div>\n<p><br style=\"clear:both;\"><\/p>\n<\/div>\n<div class=\"bloc_wrapper\">\n<div class=\"bouteille modele_1_vertical gauche\">\n<div class=\"titre_bouteille\">Produits Viceroy \u2013 Essence de Sucre<\/div>\n<p><img decoding=\"async\" src=\"..\/images\/38221339022_cb61a43241_z.jpg\" width=\"426\"><\/p>\n<\/div>\n<div class=\"bouteille modele_1_vertical droite\">\n<div class=\"titre_bouteille\">Produits Viceroy \u2013 Essence d&rsquo;orange<\/div>\n<p><img decoding=\"async\" src=\"..\/images\/37542368774_de9418dcb6_z.jpg\" width=\"426\"><\/p>\n<\/div>\n<p><br style=\"clear:both;\"><\/p>\n<\/div>\n<div class=\"bloc_wrapper\">\n<div class=\"bouteille modele_1_vertical gauche\">\n<div class=\"titre_bouteille\">Produits Marvellex \u2013 Extrait d&rsquo;\u00e9rable<\/div>\n<p><img decoding=\"async\" src=\"..\/images\/26477151699_93167bee67_z.jpg\" width=\"426\"><\/p>\n<\/div>\n<div class=\"bouteille modele_1_vertical droite\">\n<div class=\"titre_bouteille\">Produits Marvellex \u2013 Orangeade<\/div>\n<p><img decoding=\"async\" src=\"..\/images\/marvellex_orangeade.JPG\" width=\"426\"><\/p>\n<\/div>\n<p><br style=\"clear:both;\"><\/p>\n<\/div>\n<div class=\"bloc_wrapper\">\n<div class=\"bouteille modele_1_vertical gauche\">\n<div class=\"titre_bouteille\">Orlin&rsquo;s Extract Co. \u2013 Lemon Extract<\/div>\n<p><img decoding=\"async\" src=\"..\/images\/orlins_lemon.jpg\" width=\"426\"><\/p>\n<\/div>\n<div class=\"bouteille modele_1_vertical droite\">\n<div class=\"titre_bouteille\">La Cie Pharmaceutique Excelsior &#8211;<br \/>\nEssence de citron<\/div>\n<p><img decoding=\"async\" src=\"..\/images\/39816725424_91abcb6dd0_z.jpg\" width=\"426\"><\/p>\n<\/div>\n<p><br style=\"clear:both;\"><\/p>\n<\/div>\n<div class=\"bloc_wrapper\">\n<div class=\"bouteille modele_1_vertical gauche\">\n<div class=\"titre_bouteille\">Laporte, Martin &amp; Co \u2013 Princess Extracts Lemon<\/div>\n<p><img decoding=\"async\" src=\"..\/images\/laportemartin_princess_lemon.jpg\" width=\"426\"><\/p>\n<\/div>\n<div class=\"bouteille modele_1_vertical droite\">\n<div class=\"titre_bouteille\">Laporte, Martin &amp; Co \u2013 Princess Extracts Banana<\/div>\n<p><img decoding=\"async\" src=\"..\/images\/laportemartin_princess_banana.jpg\" width=\"426\"><\/p>\n<\/div>\n<p><br style=\"clear:both;\"><\/p>\n<\/div>\n<div class=\"bloc_wrapper\">\n<div class=\"bouteille modele_1_vertical gauche\">\n<div class=\"titre_bouteille\">Laporte, Martin &amp; Co \u2013 Princess Extracts Lemon<\/div>\n<p><img decoding=\"async\" src=\"..\/images\/laportemartin_princess_lemon2.jpg\" width=\"426\"><\/p>\n<\/div>\n<div class=\"bouteille modele_1_vertical droite\">\n<div class=\"titre_bouteille\">Laporte, Martin &amp; Co \u2013 Princess Extracts Vanilla<\/div>\n<p><img decoding=\"async\" src=\"..\/images\/laportemartin_princess_vanilla.jpg\" width=\"426\"><\/p>\n<\/div>\n<p><br style=\"clear:both;\"><\/p>\n<\/div>\n<div class=\"bloc_wrapper\">\n<div class=\"bouteille modele_1_vertical gauche\">\n<div class=\"titre_bouteille\">La Compagnie Caron \u2013 Vatel Extracts<\/div>\n<p><img decoding=\"async\" src=\"..\/images\/cie_caron_vatel_extracts.JPG\" width=\"426\"><\/p>\n<\/div>\n<div class=\"bouteille modele_1_vertical droite\">\n<div class=\"titre_bouteille\">T. Eaton Co. \u2013 Orange Flavor 2oz<\/div>\n<p><img decoding=\"async\" src=\"..\/images\/38252908291_1c763a97c4_z.jpg\" width=\"426\"><\/p>\n<\/div>\n<p><br style=\"clear:both;\"><\/p>\n<\/div>\n<div class=\"bloc_wrapper\">\n<div class=\"bouteille modele_1_vertical gauche\">\n<div class=\"titre_bouteille\">T. Eaton Drug Co. \u2013 Vanilla Flavoring<\/div>\n<p><img decoding=\"async\" src=\"..\/images\/eaton_vanille1.JPG\" width=\"426\"><\/p>\n<\/div>\n<div class=\"bouteille modele_1_vertical droite\">\n<div class=\"titre_bouteille\">T. Eaton Drug Co. \u2013 Vanilla Flavoring<\/div>\n<p><img decoding=\"async\" src=\"..\/images\/eaton_vanille2.JPG\" width=\"426\"><\/p>\n<\/div>\n<p><br style=\"clear:both;\"><\/p>\n<\/div>\n<div class=\"bloc_wrapper\">\n<div class=\"bouteille modele_1_vertical gauche\">\n<div class=\"titre_bouteille\">Imperial Extract Co. \u2013 Silver Label Essences<\/div>\n<p><img decoding=\"async\" src=\"..\/images\/imperial_extract_silver_label.jpg\" width=\"426\"><\/p>\n<\/div>\n<div class=\"bouteille modele_1_vertical droite\">\n<div class=\"titre_bouteille\">Imperial Extract Co. \u2013 Peppermint<\/div>\n<p><img decoding=\"async\" src=\"..\/images\/imperial_extract_peppermint.jpg\" width=\"426\"><\/p>\n<\/div>\n<p><br style=\"clear:both;\"><\/p>\n<\/div>\n<div class=\"bloc_wrapper\">\n<div class=\"bouteille modele_1_vertical gauche\">\n<div class=\"titre_bouteille\">Ottawa Drug Co &#8211; Orange Extract<\/div>\n<p><img decoding=\"async\" src=\"..\/images\/ottawa_drug_co_orange.jpg\" width=\"426\"><\/p>\n<\/div>\n<div class=\"bouteille modele_1_vertical droite\">\n<div class=\"titre_bouteille\">Pure Gold Mfg. Co \u2013 Wintergreen 1oz<\/div>\n<p><img decoding=\"async\" src=\"..\/images\/37542372374_ba68a726f8_z.jpg\" width=\"426\"><\/p>\n<\/div>\n<p><br style=\"clear:both;\"><\/p>\n<\/div>\n<div class=\"bloc_wrapper\">\n<div class=\"bouteille modele_1_vertical gauche\">\n<div class=\"titre_bouteille\">Tropical Extract Co. \u2013 Eagle Brand Flavoring Extract<\/div>\n<p><img decoding=\"async\" src=\"..\/images\/eagle_flavoring_2.jpg\" width=\"426\"><\/p>\n<\/div>\n<div class=\"bouteille modele_1_vertical droite\">\n<div class=\"titre_bouteille\">Tropical Extract Co. \u2013 Eagle Brand Flavoring Extract<\/div>\n<p><img decoding=\"async\" src=\"..\/images\/tropical_extract_eagle_essence.jpg\" width=\"426\"><\/p>\n<\/div>\n<p><br style=\"clear:both;\"><\/p>\n<\/div>\n<div class=\"bloc_wrapper\">\n<div class=\"bouteille modele_1_vertical gauche\">\n<div class=\"titre_bouteille\">S.J. Major &#8211; Reina Flavoring Extract<\/div>\n<p><img decoding=\"async\" src=\"..\/images\/major_reina_extracts.jpg\" width=\"426\"><\/p>\n<\/div>\n<div class=\"bouteille modele_1_vertical droite\">\n<div class=\"titre_bouteille\">Dalton Bros \u2013 Nonpareil Flavoring Extract<\/div>\n<p><img decoding=\"async\" src=\"..\/images\/dalton_nonpareil_extracts.jpg\" width=\"426\"><\/p>\n<\/div>\n<p><br style=\"clear:both;\"><\/p>\n<\/div>\n<div class=\"bloc_wrapper\">\n<div class=\"bouteille modele_1_vertical gauche\">\n<div class=\"titre_bouteille\">Imperial Extract Co. \u2013 Shirriff\u2019s Extracts<\/div>\n<p><img decoding=\"async\" src=\"..\/images\/shirriffs_flavoring_bimal.jpg\" width=\"426\"><\/p>\n<\/div>\n<div class=\"bouteille modele_1_vertical droite\">\n<div class=\"titre_bouteille\">Shirriff&rsquo;s Ltd \u2013 Shirriff\u2019s Extracts<\/div>\n<p><img decoding=\"async\" src=\"..\/images\/shirriffs_true_vanilla.jpg\" width=\"426\"><\/p>\n<\/div>\n<p><br style=\"clear:both;\"><\/p>\n<\/div>\n<div class=\"bloc_wrapper\">\n<div class=\"bouteille modele_1_vertical gauche\">\n<div class=\"titre_bouteille\">Ocean Mills \u2013 Chef extracts<\/div>\n<p><img decoding=\"async\" src=\"..\/images\/ocean_mills_chef_extract.jpg\" width=\"426\"><\/p>\n<\/div>\n<div class=\"bouteille modele_1_vertical droite\">\n<div class=\"titre_bouteille\">? \u2013 Golden Seal Extra Strength<\/div>\n<p><img decoding=\"async\" src=\"..\/images\/golden_seal_extract.jpg\" width=\"426\"><\/p>\n<\/div>\n<p><br style=\"clear:both;\"><\/p>\n<\/div>\n<div class=\"bloc_wrapper\">\n<div class=\"bouteille modele_1_vertical gauche\">\n<div class=\"titre_bouteille\">Harry Horne Co &#8211; Cherry Flavouring<\/div>\n<p><img decoding=\"async\" src=\"..\/images\/42413359922_db4be80dd2_b.jpg\" width=\"426\"><\/p>\n<\/div>\n<div class=\"bouteille modele_1_vertical droite\">\n<div class=\"titre_bouteille\">Harry Horne Co. \u2013 Horne&rsquo;s Pure Vanilla 2oz<\/div>\n<p><img decoding=\"async\" src=\"..\/images\/38221354802_a6ea4ff8a4_z.jpg\" width=\"426\"><\/p>\n<\/div>\n<p><br style=\"clear:both;\"><\/p>\n<\/div>\n<div class=\"bloc_wrapper\">\n<div class=\"bouteille modele_1_vertical gauche\">\n<div class=\"titre_bouteille\">L&rsquo;Orientale Limit\u00e9e \u2013 Extrait vanille L&rsquo;orientale<\/div>\n<p><img decoding=\"async\" src=\"..\/images\/lorientale_vanille.jpg\" width=\"426\"><\/p>\n<\/div>\n<div class=\"bouteille modele_1_vertical droite\">\n<div class=\"titre_bouteille\">L&rsquo;Orientale Limit\u00e9e \u2013 Extrait de citron Eureka<\/div>\n<p><img decoding=\"async\" src=\"..\/images\/24680751998_605ac78abb_z.jpg\" width=\"426\"><\/p>\n<\/div>\n<p><br style=\"clear:both;\"><\/p>\n<\/div>\n<div class=\"bloc_wrapper\">\n<div class=\"bouteille modele_1_vertical gauche\">\n<div class=\"titre_bouteille\">Wells, Richardson &amp; Co &#8211; Improved Butter Color<\/div>\n<p><img decoding=\"async\" src=\"..\/images\/wr_butter.jpg\" width=\"426\"><\/p>\n<\/div>\n<div class=\"bouteille modele_1_vertical droite\">\n<div class=\"titre_bouteille\">S.H. Ewing &amps; Sons \u2013 Ewings Club Extracts \/div><br \/>\n<img decoding=\"async\" src=\"..\/images\/ewings_vanille.jpg\" width=\"426\"><\/p>\n<\/div>\n<p><br style=\"clear:both;\"><\/p>\n<\/div>\n<div class=\"bloc_wrapper\">\n<div class=\"bouteille modele_1_vertical gauche\">\n<div class=\"titre_bouteille\">Dominion Importing &amp; Mfg Co &#8211; Murrays Star Extracts<\/div>\n<p><img decoding=\"async\" src=\"..\/images\/murrays_star_extracts.JPG\" width=\"426\"><\/p>\n<\/div>\n<div class=\"bouteille modele_1_vertical droite\">\n<div class=\"titre_bouteille\">V. Girard &amp; Co. \u2013 Vanilla<\/div>\n<p><img decoding=\"async\" src=\"..\/images\/girard_xxx_vanilla.JPG\" width=\"426\"><\/p>\n<\/div>\n<p><br style=\"clear:both;\"><\/p>\n<\/div>\n<div class=\"bloc_wrapper\">\n<div class=\"bouteille modele_1_vertical gauche\">\n<div class=\"titre_bouteille\">McLaren&rsquo;s Invincible Extracts<\/div>\n<p><img decoding=\"async\" src=\"..\/images\/mclarens_extracts.JPG\" width=\"426\"><\/p>\n<\/div>\n<div class=\"bouteille modele_1_vertical droite\">\n<div class=\"titre_bouteille\">McLaren&rsquo;s Limited &#8211;  Dew Drop Extracts<\/div>\n<p><img decoding=\"async\" src=\"..\/images\/mclarens_dewdrop_extracts.jpg\" width=\"426\"><\/p>\n<\/div>\n<p><br style=\"clear:both;\"><\/p>\n<\/div>\n<div class=\"bloc_wrapper\">\n<div class=\"bouteille modele_1_vertical gauche\">\n<div class=\"titre_bouteille\">(?) \u2013 Fleur de lis extract<\/div>\n<p><img decoding=\"async\" src=\"..\/images\/fleur_de_lis_extract2.jpg\" width=\"426\"><\/p>\n<\/div>\n<div class=\"bouteille modele_1_vertical droite\">\n<div class=\"titre_bouteille\">(?) \u2013 Fleur de lis extract<\/div>\n<p><img decoding=\"async\" src=\"..\/images\/fleurdelis_extract.jpg\" width=\"426\"><\/p>\n<\/div>\n<p><br style=\"clear:both;\"><\/p>\n<\/div>\n<div class=\"bloc_wrapper\">\n<div class=\"bouteille modele_1_vertical gauche\">\n<div class=\"titre_bouteille\">California Perfume Co &#8211; Fruit Flavors<\/div>\n<p><img decoding=\"async\" src=\"..\/images\/california_perfume_co_fruit_flavors.jpg\" width=\"426\"><\/p>\n<\/div>\n<div class=\"bouteille modele_1_vertical droite\">\n<div class=\"titre_bouteille\">Dolan &amp; Furnival Co.<\/div>\n<p><img decoding=\"async\" src=\"..\/images\/dolan_furnival_co.jpg\" width=\"426\"><\/p>\n<\/div>\n<p><br style=\"clear:both;\"><\/p>\n<\/div>\n<div class=\"bloc_wrapper\">\n<div class=\"bouteille modele_1_vertical gauche\">\n<div class=\"titre_bouteille\">Lundin &amp; Co.<\/div>\n<p><img decoding=\"async\" src=\"..\/images\/lundin_co_extract1.jpg\" width=\"426\"><\/p>\n<\/div>\n<div class=\"bouteille modele_1_vertical droite\">\n<div class=\"titre_bouteille\">Lundin &amp; Co.<\/div>\n<p><img decoding=\"async\" src=\"..\/images\/lundin_co_extract2.jpg\" width=\"426\"><\/p>\n<\/div>\n<p><br style=\"clear:both;\"><\/p>\n<\/div>\n<div class=\"bloc_wrapper\">\n<div class=\"bouteille modele_2_horizontal gauche\">\n<div class=\"titre_bouteille pleine_largeur\">T. Noirot &#8211; Extraits<\/div>\n<div class=\"modele_2_crop\">\n<img decoding=\"async\" src=\"..\/images\/noirot_extraits.jpg\" width=\"881px\" style=\"margin:-125px 0 0 0\">\n<\/div>\n<\/div>\n<p><br style=\"clear:both;\"><\/p>\n<\/div>\n<div class=\"bloc_wrapper\">\n<div class=\"bouteille modele_1_vertical gauche\">\n<div class=\"titre_bouteille\">Aubry-Paris &#8211; Extrait Curacao<\/div>\n<p><img decoding=\"async\" src=\"..\/images\/aubry-paris_curacao.jpg\" width=\"426\"><\/p>\n<\/div>\n<div class=\"bouteille modele_1_vertical droite\">\n<div class=\"titre_bouteille\">Bee Starch Co. \u2013 Flavoring Extracts<\/div>\n<p><img decoding=\"async\" src=\"..\/images\/bee_starch_extracts.jpg\" width=\"426\"><\/p>\n<\/div>\n<p><br style=\"clear:both;\"><\/p>\n<\/div>\n<div class=\"bloc_wrapper\">\n<div class=\"bouteille modele_1_vertical gauche\">\n<div class=\"titre_bouteille\">Old city Manufacturing Co. &#8211; Essence vanille<\/div>\n<p><img decoding=\"async\" src=\"..\/images\/old_city_vanille.JPG\" width=\"426\"><\/p>\n<\/div>\n<div class=\"bouteille modele_1_vertical droite\">\n<div class=\"titre_bouteille\">Baker Extracts Co \u2013 Baker&rsquo;s Flavoring Extracts<\/div>\n<p><img decoding=\"async\" src=\"..\/images\/baker_extracts.JPG\" width=\"426\"><\/p>\n<\/div>\n<p><br style=\"clear:both;\"><\/p>\n<\/div>\n<div class=\"bloc_wrapper\">\n<div class=\"bouteille modele_1_vertical gauche\">\n<div class=\"titre_bouteille\">Mayell &amp; Co &#8211; Mayell&rsquo;s Extract Lemon<\/div>\n<p><img decoding=\"async\" src=\"..\/images\/mayell_extract_lemon.jpg\" width=\"426\"><\/p>\n<\/div>\n<div class=\"bouteille modele_1_vertical droite\">\n<div class=\"titre_bouteille\">Boulevard Laboratories \u2013 Essence Bi\u00e8re d&rsquo;\u00c9pinette Trois \u00c9toiles<\/div>\n<p><img decoding=\"async\" src=\"..\/images\/boulevard_laboratories_biere_depinette.jpg\" width=\"426\"><\/p>\n<\/div>\n<p><br style=\"clear:both;\"><\/p>\n<\/div>\n<\/div>\n","protected":false},"excerpt":{"rendered":"<p>Produits Primus Produits Primus Birks Corner &amp; Co. &#8211; Almond Extract Birks Corner &amp; Co. &#8211; Banana Extract Birks Corner &amp; Co. &#8211; Cayenne Extract Birks Corner &amp; Co. &#8211; Cinnamon Extract Birks Corner &amp; Co. &#8211; Ginger Extract Birks Corner &amp; Co. &#8211; Lemon Extract Birks Corner &amp; Co. &#8211; Peppermint Extract Birks Corner [&hellip;]<\/p>\n","protected":false},"author":1,"featured_media":0,"parent":0,"menu_order":0,"comment_status":"closed","ping_status":"closed","template":"","meta":{"footnotes":""},"class_list":["post-1348","page","type-page","status-publish","hentry"],"_links":{"self":[{"href":"https:\/\/martingagnon.net\/collection\/wp-json\/wp\/v2\/pages\/1348","targetHints":{"allow":["GET"]}}],"collection":[{"href":"https:\/\/martingagnon.net\/collection\/wp-json\/wp\/v2\/pages"}],"about":[{"href":"https:\/\/martingagnon.net\/collection\/wp-json\/wp\/v2\/types\/page"}],"author":[{"embeddable":true,"href":"https:\/\/martingagnon.net\/collection\/wp-json\/wp\/v2\/users\/1"}],"replies":[{"embeddable":true,"href":"https:\/\/martingagnon.net\/collection\/wp-json\/wp\/v2\/comments?post=1348"}],"version-history":[{"count":8,"href":"https:\/\/martingagnon.net\/collection\/wp-json\/wp\/v2\/pages\/1348\/revisions"}],"predecessor-version":[{"id":1903,"href":"https:\/\/martingagnon.net\/collection\/wp-json\/wp\/v2\/pages\/1348\/revisions\/1903"}],"wp:attachment":[{"href":"https:\/\/martingagnon.net\/collection\/wp-json\/wp\/v2\/media?parent=1348"}],"curies":[{"name":"wp","href":"https:\/\/api.w.org\/{rel}","templated":true}]}}