{"id":1376,"date":"2023-10-30T04:09:44","date_gmt":"2023-10-30T03:09:44","guid":{"rendered":"https:\/\/martingagnon.net\/collection\/?page_id=1376"},"modified":"2025-06-10T01:15:20","modified_gmt":"2025-06-10T00:15:20","slug":"mowatt-moore","status":"publish","type":"page","link":"https:\/\/martingagnon.net\/collection\/mowatt-moore\/","title":{"rendered":"Mowatt &#038; Moore"},"content":{"rendered":"<div class=\"groupe\">\n<h3 class=\"sous_titre\">Rem\u00e8des et m\u00e9dicaments<\/h3>\n<div class=\"bloc_wrapper\">\n<div class=\"bouteille modele_1_vertical gauche\">\n<div class=\"titre_bouteille\">Mowatt &amp; Moore \u2013 Solution Cocaine<\/div>\n<p><img decoding=\"async\" src=\"..\/images\/mowatt_moore_cocaine.JPG\" width=\"426\"><\/p>\n<\/div>\n<div class=\"bouteille modele_1_vertical droite\">\n<div class=\"titre_bouteille\">Mowatt &amp; Moore \u2013 H\u00e9moglobine Glyc\u00e9rophosphat\u00e9e Granul\u00e9<\/div>\n<p><img decoding=\"async\" src=\"..\/images\/mowatt_moore_hemoglobine.JPG\" width=\"426\">\n<\/div>\n<p><br style=\"clear:both;\"><\/p>\n<\/div>\n<\/div>\n<div class=\"groupe\">\n<h3 class=\"sous_titre\">Buvards publicitaires<\/h3>\n<div class=\"bloc_wrapper\">\n<div class=\"bouteille modele_2_horizontal gauche\">\n<div class=\"titre_bouteille pleine_largeur\">Mowatt &amp; Moore \u2013 Buvard C-Bex<\/div>\n<div class=\"modele_2_crop_buvard\"><img decoding=\"async\" src=\"..\/images\/mowatt_moore_buvard_cbex.JPG\" width=\"881px\" style=\"\"><\/div>\n<\/div>\n<p><br style=\"clear:both;\"><\/p>\n<\/div>\n<div class=\"bloc_wrapper\">\n<div class=\"bouteille modele_2_horizontal gauche\">\n<div class=\"titre_bouteille pleine_largeur\">Mowatt &amp; Moore \u2013 Buvard Di-Oso-Tan<\/div>\n<div class=\"modele_2_crop_buvard\"><img decoding=\"async\" src=\"..\/images\/mowatt_moore_buvard_diosotan.JPG\" width=\"881px\" style=\"\"><\/div>\n<\/div>\n<p><br style=\"clear:both;\"><\/p>\n<\/div>\n<div class=\"bloc_wrapper\">\n<div class=\"bouteille modele_2_horizontal gauche\">\n<div class=\"titre_bouteille pleine_largeur\">Mowatt &amp; Moore \u2013 Buvard Ferro-Fortis<\/div>\n<div class=\"modele_2_crop_buvard\"><img decoding=\"async\" src=\"..\/images\/mowatt_moore_buvard_ferrofortis.JPG\" width=\"881px\" style=\"\"><\/div>\n<\/div>\n<p><br style=\"clear:both;\"><\/p>\n<\/div>\n<div class=\"bloc_wrapper\">\n<div class=\"bouteille modele_2_horizontal gauche\">\n<div class=\"titre_bouteille pleine_largeur\">Mowatt &amp; Moore \u2013 Buvard Folifer<\/div>\n<div class=\"modele_2_crop_buvard\"><img decoding=\"async\" src=\"..\/images\/mowatt_moore_buvard_folifer.JPG\" width=\"881px\" style=\"\"><\/div>\n<\/div>\n<p><br style=\"clear:both;\"><\/p>\n<\/div>\n<div class=\"bloc_wrapper\">\n<div class=\"bouteille modele_2_horizontal gauche\">\n<div class=\"titre_bouteille pleine_largeur\">Mowatt &amp; Moore \u2013 Buvard Jel-Lax<\/div>\n<div class=\"modele_2_crop_buvard\"><img decoding=\"async\" src=\"..\/images\/mowatt_moore_buvard_jellax.JPG\" width=\"881px\" style=\"\"><\/div>\n<\/div>\n<p><br style=\"clear:both;\"><\/p>\n<\/div>\n<div class=\"bloc_wrapper\">\n<div class=\"bouteille modele_2_horizontal gauche\">\n<div class=\"titre_bouteille pleine_largeur\">Mowatt &amp; Moore \u2013 Buvard Pheno-Brom<\/div>\n<div class=\"modele_2_crop_buvard\"><img decoding=\"async\" src=\"..\/images\/mowatt_moore_buvard_pheno_brom.JPG\" width=\"881px\" style=\"\"><\/div>\n<\/div>\n<p><br style=\"clear:both;\"><\/p>\n<\/div>\n<div class=\"bloc_wrapper\">\n<div class=\"bouteille modele_2_horizontal gauche\">\n<div class=\"titre_bouteille pleine_largeur\">Mowatt &amp; Moore \u2013 Buvard Rutin<\/div>\n<div class=\"modele_2_crop_buvard\"><img decoding=\"async\" src=\"..\/images\/mowatt_moore_buvard_rutin.JPG\" width=\"881px\" style=\"\"><\/div>\n<\/div>\n<p><br style=\"clear:both;\"><\/p>\n<\/div>\n<div class=\"bloc_wrapper\">\n<div class=\"bouteille modele_2_horizontal gauche\">\n<div class=\"titre_bouteille pleine_largeur\">Mowatt &amp; Moore \u2013 Buvard Elixir Vebex<\/div>\n<div class=\"modele_2_crop_buvard\"><img decoding=\"async\" src=\"..\/images\/mowatt_moore_buvard_vebex.JPG\" width=\"881px\" style=\"\"><\/div>\n<\/div>\n<p><br style=\"clear:both;\"><\/p>\n<\/div>\n<div class=\"bloc_wrapper\">\n<div class=\"bouteille modele_1_vertical gauche\">\n<div class=\"titre_bouteille\">Mowatt &amp; Moore \u2013 Buvard Ferro-Fortis<\/div>\n<p><img decoding=\"async\" src=\"..\/images\/mowatt_moore_buvard_ferro.jpg\" width=\"426\"><\/p>\n<\/div>\n<p><br style=\"clear:both;\"><\/p>\n<\/div>\n<\/div>\n<div class=\"groupe\">\n<h3 class=\"sous_titre\">Autres vieux papiers<\/h3>\n<div class=\"bloc_wrapper\">\n<div class=\"bouteille modele_2_horizontal gauche\">\n<div class=\"titre_bouteille pleine_largeur\">Mowatt &amp; Moore \u2013 Enveloppe<\/div>\n<p><img decoding=\"async\" src=\"..\/images\/mowatt_moore_enveloppe.JPG\" width=\"881px\" style=\"\"><\/p>\n<\/div>\n<p><br style=\"clear:both;\"><\/p>\n<\/div>\n<\/div>\n","protected":false},"excerpt":{"rendered":"<p>Rem\u00e8des et m\u00e9dicaments Mowatt &amp; Moore \u2013 Solution Cocaine Mowatt &amp; Moore \u2013 H\u00e9moglobine Glyc\u00e9rophosphat\u00e9e Granul\u00e9 Buvards publicitaires Mowatt &amp; Moore \u2013 Buvard C-Bex Mowatt &amp; Moore \u2013 Buvard Di-Oso-Tan Mowatt &amp; Moore \u2013 Buvard Ferro-Fortis Mowatt &amp; Moore \u2013 Buvard Folifer Mowatt &amp; Moore \u2013 Buvard Jel-Lax Mowatt &amp; Moore \u2013 Buvard Pheno-Brom Mowatt [&hellip;]<\/p>\n","protected":false},"author":1,"featured_media":0,"parent":0,"menu_order":0,"comment_status":"closed","ping_status":"closed","template":"","meta":{"footnotes":""},"class_list":["post-1376","page","type-page","status-publish","hentry"],"_links":{"self":[{"href":"https:\/\/martingagnon.net\/collection\/wp-json\/wp\/v2\/pages\/1376","targetHints":{"allow":["GET"]}}],"collection":[{"href":"https:\/\/martingagnon.net\/collection\/wp-json\/wp\/v2\/pages"}],"about":[{"href":"https:\/\/martingagnon.net\/collection\/wp-json\/wp\/v2\/types\/page"}],"author":[{"embeddable":true,"href":"https:\/\/martingagnon.net\/collection\/wp-json\/wp\/v2\/users\/1"}],"replies":[{"embeddable":true,"href":"https:\/\/martingagnon.net\/collection\/wp-json\/wp\/v2\/comments?post=1376"}],"version-history":[{"count":3,"href":"https:\/\/martingagnon.net\/collection\/wp-json\/wp\/v2\/pages\/1376\/revisions"}],"predecessor-version":[{"id":1681,"href":"https:\/\/martingagnon.net\/collection\/wp-json\/wp\/v2\/pages\/1376\/revisions\/1681"}],"wp:attachment":[{"href":"https:\/\/martingagnon.net\/collection\/wp-json\/wp\/v2\/media?parent=1376"}],"curies":[{"name":"wp","href":"https:\/\/api.w.org\/{rel}","templated":true}]}}