{"id":1394,"date":"2023-10-31T01:42:30","date_gmt":"2023-10-31T00:42:30","guid":{"rendered":"https:\/\/martingagnon.net\/collection\/?page_id=1394"},"modified":"2025-06-10T01:19:33","modified_gmt":"2025-06-10T00:19:33","slug":"rougier-freres","status":"publish","type":"page","link":"https:\/\/martingagnon.net\/collection\/rougier-freres\/","title":{"rendered":"Rougier Fr\u00e8res"},"content":{"rendered":"<div class=\"groupe\">\n<h3 class=\"sous_titre\">Rem\u00e8des et m\u00e9dicaments<\/h3>\n<div class=\"bloc_wrapper\">\n<div class=\"bouteille modele_1_vertical gauche\">\n<div class=\"titre_bouteille\">Rougier Fr\u00e8res &#8211; Actylamide<\/div>\n<p><img decoding=\"async\" src=\"..\/images\/rougier_actylamide.JPG\" width=\"426\"><\/p>\n<\/div>\n<div class=\"bouteille modele_1_vertical droite\">\n<div class=\"titre_bouteille\">Rougier Fr\u00e8res &#8211; Pastilles Boratol<\/div>\n<p><img decoding=\"async\" src=\"..\/images\/rougier_boratol.JPG\" width=\"426\"><\/p>\n<\/div>\n<p><br style=\"clear:both;\"><\/p>\n<\/div>\n<div class=\"bloc_wrapper\">\n<div class=\"bouteille modele_2_horizontal gauche\">\n<div class=\"titre_bouteille pleine_largeur\">Rougier Fr\u00e8res \u2013 Dysn\u00e9-Inhal<\/div>\n<p><img decoding=\"async\" src=\"..\/images\/rougier_dysne-inhal.JPG\" width=\"881px\" style=\"\"><\/p>\n<\/div>\n<p><br style=\"clear:both;\"><\/p>\n<\/div>\n<div class=\"bloc_wrapper\">\n<div class=\"bouteille modele_1_vertical gauche\">\n<div class=\"titre_bouteille\">Rougier Fr\u00e8res &#8211; Eurythmine Dethan<\/div>\n<p><img decoding=\"async\" src=\"..\/images\/rougier_eurythmine_dethan.JPG\" width=\"426\"><\/p>\n<\/div>\n<p><br style=\"clear:both;\"><\/p>\n<\/div>\n<\/div>\n<div class=\"groupe\">\n<h3 class=\"sous_titre\">Buvards publicitaires<\/h3>\n<div class=\"bloc_wrapper\">\n<div class=\"bouteille modele_2_horizontal gauche\">\n<div class=\"titre_bouteille pleine_largeur\">Rougier Fr\u00e8res \u2013 Buvard Pastilles Boratol<\/div>\n<div class=\"modele_2_crop_buvard\"><img decoding=\"async\" src=\"..\/images\/rougier_buvard_boratol.JPG\" width=\"881px\" style=\"\"><\/div>\n<\/div>\n<p><br style=\"clear:both;\"><\/p>\n<\/div>\n<div class=\"bloc_wrapper\">\n<div class=\"bouteille modele_2_horizontal gauche\">\n<div class=\"titre_bouteille pleine_largeur\">Rougier Fr\u00e8res \u2013 Buvard Pastilles Boratol<\/div>\n<div class=\"modele_2_crop_buvard\"><img decoding=\"async\" src=\"..\/images\/rougier_buvard_boratol_2.JPG\" width=\"881px\" style=\"\"><\/div>\n<\/div>\n<p><br style=\"clear:both;\"><\/p>\n<\/div>\n<div class=\"bloc_wrapper\">\n<div class=\"bouteille modele_2_horizontal gauche\">\n<div class=\"titre_bouteille pleine_largeur\">Rougier Fr\u00e8res \u2013 Buvard Elixir Ferro-Lactate<\/div>\n<div class=\"modele_2_crop_buvard\"><img decoding=\"async\" src=\"..\/images\/rougier_buvard_elixir.JPG\" width=\"881px\" style=\"\"><\/div>\n<\/div>\n<p><br style=\"clear:both;\"><\/p>\n<\/div>\n<div class=\"bloc_wrapper\">\n<div class=\"bouteille modele_2_horizontal gauche\">\n<div class=\"titre_bouteille pleine_largeur\">Rougier Fr\u00e8res \u2013 Buvard Eurythmine<\/div>\n<div class=\"modele_2_crop_buvard\"><img decoding=\"async\" src=\"..\/images\/rougier_buvard_eurythmine.JPG\" width=\"881px\" style=\"\"><\/div>\n<\/div>\n<p><br style=\"clear:both;\"><\/p>\n<\/div>\n<div class=\"bloc_wrapper\">\n<div class=\"bouteille modele_2_horizontal gauche\">\n<div class=\"titre_bouteille pleine_largeur\">Rougier Fr\u00e8res \u2013 Buvard Eurythmine<\/div>\n<div class=\"modele_2_crop_buvard\"><img decoding=\"async\" src=\"..\/images\/rougier_buvard_eurythmine_2.JPG\" width=\"881px\" style=\"\"><\/div>\n<\/div>\n<p><br style=\"clear:both;\"><\/p>\n<\/div>\n<div class=\"bloc_wrapper\">\n<div class=\"bouteille modele_2_horizontal gauche\">\n<div class=\"titre_bouteille pleine_largeur\">Rougier Fr\u00e8res \u2013 Buvard Fortamines &amp; Fortabex<\/div>\n<div class=\"modele_2_crop_buvard\"><img decoding=\"async\" src=\"..\/images\/rougier_buvard_forta.JPG\" width=\"881px\" style=\"\"><\/div>\n<\/div>\n<p><br style=\"clear:both;\"><\/p>\n<\/div>\n<div class=\"bloc_wrapper\">\n<div class=\"bouteille modele_2_horizontal gauche\">\n<div class=\"titre_bouteille pleine_largeur\">Rougier Fr\u00e8res \u2013 Buvard Boldo-Verne<\/div>\n<div class=\"modele_2_crop_buvard\"><img decoding=\"async\" src=\"..\/images\/rougier_boldo_buvard.jpg\" width=\"881px\" style=\"\"><\/div>\n<\/div>\n<p><br style=\"clear:both;\"><\/p>\n<\/div>\n<div class=\"bloc_wrapper\">\n<div class=\"bouteille modele_2_horizontal gauche\">\n<div class=\"titre_bouteille pleine_largeur\">Rougier Fr\u00e8res \u2013 Buvard \u00c9lixir Ducro<\/div>\n<div class=\"modele_2_crop_buvard\"><img decoding=\"async\" src=\"..\/images\/rougier_ducro_buvard.jpg\" width=\"881px\" style=\"\"><\/div>\n<\/div>\n<p><br style=\"clear:both;\"><\/p>\n<\/div>\n<\/div>\n","protected":false},"excerpt":{"rendered":"<p>Rem\u00e8des et m\u00e9dicaments Rougier Fr\u00e8res &#8211; Actylamide Rougier Fr\u00e8res &#8211; Pastilles Boratol Rougier Fr\u00e8res \u2013 Dysn\u00e9-Inhal Rougier Fr\u00e8res &#8211; Eurythmine Dethan Buvards publicitaires Rougier Fr\u00e8res \u2013 Buvard Pastilles Boratol Rougier Fr\u00e8res \u2013 Buvard Pastilles Boratol Rougier Fr\u00e8res \u2013 Buvard Elixir Ferro-Lactate Rougier Fr\u00e8res \u2013 Buvard Eurythmine Rougier Fr\u00e8res \u2013 Buvard Eurythmine Rougier Fr\u00e8res \u2013 Buvard [&hellip;]<\/p>\n","protected":false},"author":1,"featured_media":0,"parent":0,"menu_order":0,"comment_status":"closed","ping_status":"closed","template":"","meta":{"footnotes":""},"class_list":["post-1394","page","type-page","status-publish","hentry"],"_links":{"self":[{"href":"https:\/\/martingagnon.net\/collection\/wp-json\/wp\/v2\/pages\/1394","targetHints":{"allow":["GET"]}}],"collection":[{"href":"https:\/\/martingagnon.net\/collection\/wp-json\/wp\/v2\/pages"}],"about":[{"href":"https:\/\/martingagnon.net\/collection\/wp-json\/wp\/v2\/types\/page"}],"author":[{"embeddable":true,"href":"https:\/\/martingagnon.net\/collection\/wp-json\/wp\/v2\/users\/1"}],"replies":[{"embeddable":true,"href":"https:\/\/martingagnon.net\/collection\/wp-json\/wp\/v2\/comments?post=1394"}],"version-history":[{"count":2,"href":"https:\/\/martingagnon.net\/collection\/wp-json\/wp\/v2\/pages\/1394\/revisions"}],"predecessor-version":[{"id":1684,"href":"https:\/\/martingagnon.net\/collection\/wp-json\/wp\/v2\/pages\/1394\/revisions\/1684"}],"wp:attachment":[{"href":"https:\/\/martingagnon.net\/collection\/wp-json\/wp\/v2\/media?parent=1394"}],"curies":[{"name":"wp","href":"https:\/\/api.w.org\/{rel}","templated":true}]}}