{"id":1712,"date":"2025-06-12T01:07:18","date_gmt":"2025-06-12T00:07:18","guid":{"rendered":"https:\/\/martingagnon.net\/collection\/?page_id=1712"},"modified":"2026-02-09T00:43:39","modified_gmt":"2026-02-08T23:43:39","slug":"pharmacies-ville-de-quebec","status":"publish","type":"page","link":"https:\/\/martingagnon.net\/collection\/pharmacies-ville-de-quebec\/","title":{"rendered":"Pharmacies \/ Ville de Qu\u00e9bec"},"content":{"rendered":"<div class=\"groupe\">\n<div class=\"bloc_wrapper\">\n<div class=\"bouteille modele_1_vertical gauche\">\n<div class=\"titre_bouteille\">Pharmacies Dub\u00e9<\/div>\n<p><img decoding=\"async\" src=\"..\/images\/38810465452_1ee0caa007_z.jpg\" width=\"426\"><\/p>\n<\/div>\n<div class=\"bouteille modele_1_vertical droite\">\n<div class=\"titre_bouteille\">Pharmacies Dub\u00e9 &#8211; Bo\u00eete pilules<\/div>\n<p><img decoding=\"async\" src=\"..\/images\/phcie_dube_pilule.JPG\" width=\"426\"><\/p>\n<\/div>\n<p><br style=\"clear:both;\"><\/p>\n<\/div>\n<div class=\"bloc_wrapper\">\n<div class=\"bouteille modele_2_horizontal\">\n<div class=\"titre_bouteille pleine_largeur\">Red Cross Pharmacy, J. Edmond Dub\u00e9<\/div>\n<p><img decoding=\"async\" src=\"..\/images\/phcie_jedube_redcross_emboss.jpg\" width=\"881px\"><\/p>\n<\/div>\n<p><br style=\"clear:both;\"><\/p>\n<\/div>\n<div class=\"bloc_wrapper\">\n<div class=\"bouteille modele_2_horizontal\">\n<div class=\"titre_bouteille pleine_largeur\">Facture Pharmacie de la Croix Rouge J.E. Dub\u00e9<\/div>\n<p><img decoding=\"async\" src=\"..\/images\/croixrouge_facture.JPG\" width=\"881px\"><\/p>\n<\/div>\n<p><br style=\"clear:both;\"><\/p>\n<\/div>\n<div class=\"bloc_wrapper\">\n<div class=\"bouteille modele_1_vertical gauche\">\n<div class=\"titre_bouteille\">Pharmacie de la croix de malte<\/div>\n<p><img decoding=\"async\" src=\"..\/images\/38552968211_dfa0768ec9_z.jpg\" width=\"426\"><\/p>\n<\/div>\n<div class=\"bouteille modele_1_vertical droite\">\n<div class=\"titre_bouteille\">Pharmacie Guay<\/div>\n<p><img decoding=\"async\" src=\"..\/images\/38496727846_9b3633554f_z.jpg\" width=\"426\"><\/p>\n<\/div>\n<p><br style=\"clear:both;\"><\/p>\n<\/div>\n<div class=\"bloc_wrapper\">\n<div class=\"bouteille modele_2_horizontal\">\n<div class=\"titre_bouteille pleine_largeur\">Bo\u00eete LaRoche &amp; Co<\/div>\n<p><img decoding=\"async\" src=\"..\/images\/24689495357_100a838bca_b.jpg\" width=\"881px\"><\/p>\n<\/div>\n<p><br style=\"clear:both;\"><\/p>\n<\/div>\n<div class=\"bloc_wrapper\">\n<div class=\"bouteille modele_1_vertical gauche\">\n<div class=\"titre_bouteille\">G\u00e9rard V\u00e9zina<\/div>\n<p><img decoding=\"async\" src=\"..\/images\/phcie_gerard_vezina.JPG\" width=\"426\"><\/p>\n<\/div>\n<div class=\"bouteille modele_1_vertical droite\">\n<div class=\"titre_bouteille\">Victor Giroux<\/div>\n<p><img decoding=\"async\" src=\"..\/images\/26064324998_cc51a1e448_b.jpg\" width=\"426\"><\/p>\n<\/div>\n<p><br style=\"clear:both;\"><\/p>\n<\/div>\n<div class=\"bloc_wrapper\">\n<div class=\"bouteille modele_1_vertical gauche\">\n<div class=\"titre_bouteille\">Paul H Soucy, Qu\u00e9bec &#8211; Argyrol S.<\/div>\n<p><img decoding=\"async\" src=\"..\/images\/44228169411_524ddaa0fc_z.jpg\" width=\"426\"><\/p>\n<\/div>\n<div class=\"bouteille modele_1_vertical droite\">\n<div class=\"titre_bouteille\">J.H. Bissonnette, Qu\u00e9bec<\/div>\n<p><img decoding=\"async\" src=\"..\/images\/phcie_bissonnette.jpg\" width=\"426\"><\/p>\n<\/div>\n<p><br style=\"clear:both;\"><\/p>\n<\/div>\n<div class=\"bloc_wrapper\">\n<div class=\"bouteille modele_2_horizontal\">\n<div class=\"titre_bouteille pleine_largeur\">Bo\u00eete J.E. Morrison, Qu\u00e9bec<\/div>\n<p><img decoding=\"async\" src=\"..\/images\/ph_morrison.jpg\" width=\"881px\"><\/p>\n<\/div>\n<p><br style=\"clear:both;\"><\/p>\n<\/div>\n<div class=\"bloc_wrapper\">\n<div class=\"bouteille modele_1_vertical gauche\">\n<div class=\"titre_bouteille\">Pharmacie O. Couture, Qu\u00e9bec<\/div>\n<p><img decoding=\"async\" src=\"..\/images\/phcie_ocouture.JPG\" width=\"426\"><\/p>\n<\/div>\n<div class=\"bouteille modele_1_vertical droite\">\n<div class=\"titre_bouteille\">Joseph Masson, Qu\u00e9bec &#8211; Bo\u00eete de pilules<\/div>\n<p><img decoding=\"async\" src=\"..\/images\/masson_pilules_abc.JPG\" width=\"426\"><\/p>\n<\/div>\n<p><br style=\"clear:both;\"><\/p>\n<\/div>\n<div class=\"bloc_wrapper\">\n<div class=\"bouteille modele_1_vertical gauche\">\n<div class=\"titre_bouteille\">Henri P. Barry<\/div>\n<p><img decoding=\"async\" src=\"..\/images\/phcie_henri_p_barry.JPG\" width=\"426\"><\/p>\n<\/div>\n<div class=\"bouteille modele_1_vertical droite\">\n<div class=\"titre_bouteille\">J. Antonin Marquis<\/div>\n<p><img decoding=\"async\" src=\"..\/images\/phcie_j_antonin_marquis.JPG\" width=\"426\"><\/p>\n<\/div>\n<p><br style=\"clear:both;\"><\/p>\n<\/div>\n<div class=\"bloc_wrapper\">\n<div class=\"bouteille modele_1_vertical gauche\">\n<div class=\"titre_bouteille\">Martel &amp; Simoneau<\/div>\n<p><img decoding=\"async\" src=\"..\/images\/phcie_martel_simoneau.jpg\" width=\"426\"><\/p>\n<\/div>\n<div class=\"bouteille modele_1_vertical droite\">\n<div class=\"titre_bouteille\">J.R. Guay &#8211; Huile de foie de morue<\/div>\n<p><img decoding=\"async\" src=\"..\/images\/jrguay_foie_de_morue.jpg\" width=\"426\"><\/p>\n<\/div>\n<p><br style=\"clear:both;\"><\/p>\n<\/div>\n<div class=\"bloc_wrapper\">\n<div class=\"bouteille modele_1_vertical gauche\">\n<div class=\"titre_bouteille\">F.E. Gauvreau &amp; Fr\u00e8re<\/div>\n<p><img decoding=\"async\" src=\"..\/images\/phcie_gauvreau_freres.JPG\" width=\"426\"><\/p>\n<\/div>\n<div class=\"bouteille modele_1_vertical droite\">\n<div class=\"titre_bouteille\">Pharmacie Jolicoeur &#8211; Bo\u00eete \u00e0 prescription<\/div>\n<p><img decoding=\"async\" src=\"..\/images\/phcie_jolicoeur_bte.jpg\" width=\"426\"><\/p>\n<\/div>\n<p><br style=\"clear:both;\"><\/p>\n<\/div>\n<div class=\"bloc_wrapper\">\n<div class=\"bouteille modele_1_vertical gauche\">\n<div class=\"titre_bouteille\">J-B. Morin &#8211; Huile de bois<\/div>\n<p><img decoding=\"async\" src=\"..\/images\/jbmorin_huile_de_bois.jpg\" width=\"426\"><\/p>\n<\/div>\n<p><br style=\"clear:both;\"><\/p>\n<\/div>\n<\/div>\n","protected":false},"excerpt":{"rendered":"<p>Pharmacies Dub\u00e9 Pharmacies Dub\u00e9 &#8211; Bo\u00eete pilules Red Cross Pharmacy, J. Edmond Dub\u00e9 Facture Pharmacie de la Croix Rouge J.E. Dub\u00e9 Pharmacie de la croix de malte Pharmacie Guay Bo\u00eete LaRoche &amp; Co G\u00e9rard V\u00e9zina Victor Giroux Paul H Soucy, Qu\u00e9bec &#8211; Argyrol S. J.H. Bissonnette, Qu\u00e9bec Bo\u00eete J.E. Morrison, Qu\u00e9bec Pharmacie O. Couture, Qu\u00e9bec [&hellip;]<\/p>\n","protected":false},"author":1,"featured_media":0,"parent":0,"menu_order":0,"comment_status":"closed","ping_status":"closed","template":"","meta":{"footnotes":""},"class_list":["post-1712","page","type-page","status-publish","hentry"],"_links":{"self":[{"href":"https:\/\/martingagnon.net\/collection\/wp-json\/wp\/v2\/pages\/1712","targetHints":{"allow":["GET"]}}],"collection":[{"href":"https:\/\/martingagnon.net\/collection\/wp-json\/wp\/v2\/pages"}],"about":[{"href":"https:\/\/martingagnon.net\/collection\/wp-json\/wp\/v2\/types\/page"}],"author":[{"embeddable":true,"href":"https:\/\/martingagnon.net\/collection\/wp-json\/wp\/v2\/users\/1"}],"replies":[{"embeddable":true,"href":"https:\/\/martingagnon.net\/collection\/wp-json\/wp\/v2\/comments?post=1712"}],"version-history":[{"count":4,"href":"https:\/\/martingagnon.net\/collection\/wp-json\/wp\/v2\/pages\/1712\/revisions"}],"predecessor-version":[{"id":1985,"href":"https:\/\/martingagnon.net\/collection\/wp-json\/wp\/v2\/pages\/1712\/revisions\/1985"}],"wp:attachment":[{"href":"https:\/\/martingagnon.net\/collection\/wp-json\/wp\/v2\/media?parent=1712"}],"curies":[{"name":"wp","href":"https:\/\/api.w.org\/{rel}","templated":true}]}}