{"id":1716,"date":"2025-06-12T01:11:17","date_gmt":"2025-06-12T00:11:17","guid":{"rendered":"https:\/\/martingagnon.net\/collection\/?page_id=1716"},"modified":"2026-02-09T00:41:34","modified_gmt":"2026-02-08T23:41:34","slug":"pharmacies-montreal","status":"publish","type":"page","link":"https:\/\/martingagnon.net\/collection\/pharmacies-montreal\/","title":{"rendered":"Pharmacies \/ Montr\u00e9al"},"content":{"rendered":"<div class=\"groupe\">\n<h3 class=\"sous_titre\">LACHINE<\/h3>\n<div class=\"bloc_wrapper\">\n<div class=\"bouteille modele_2_horizontal\">\n<div class=\"titre_bouteille pleine_largeur\">\u00c9tiquettes Pharmacie Lewis<\/div>\n<p><img decoding=\"async\" src=\"..\/images\/phcie_lewis_lachine_etiq.jpg\" width=\"881px\"><\/p>\n<\/div>\n<p><br style=\"clear:both;\"><\/p>\n<\/div>\n<\/div>\n<div class=\"groupe\">\n<h3 class=\"sous_titre\">MONTR\u00c9AL<\/h3>\n<div class=\"bloc_wrapper\">\n<div class=\"bouteille modele_1_vertical gauche\">\n<div class=\"titre_bouteille\">Bryson&rsquo;s Medical Dispensary<\/div>\n<p><img decoding=\"async\" src=\"..\/images\/phcie_bryson_banner.jpg\" width=\"426\"><\/p>\n<\/div>\n<div class=\"bouteille modele_1_vertical droite\">\n<div class=\"titre_bouteille\">Bryson&rsquo;s Medical Dispensary<\/div>\n<p><img decoding=\"async\" src=\"..\/images\/phcie_bryson_banner_ambre.jpg\" width=\"426\"><\/p>\n<\/div>\n<p><br style=\"clear:both;\"><\/p>\n<\/div>\n<div class=\"bloc_wrapper\">\n<div class=\"bouteille modele_2_horizontal\">\n<div class=\"titre_bouteille pleine_largeur\">R. H. Bryson<\/div>\n<div class=\"modele_2_crop\"><img decoding=\"async\" src=\"..\/images\/19902149549_f7eee74a1f_z.jpg\" width=\"881px\" style=\"margin:-200px 0 0 0;\"><\/div>\n<\/div>\n<p><br style=\"clear:both;\"><\/p>\n<\/div>\n<hr>\n<div class=\"bloc_wrapper\">\n<div class=\"bouteille modele_1_vertical gauche\">\n<div class=\"titre_bouteille\">Kerry, Watson &amp; Co.<\/div>\n<p><img decoding=\"async\" src=\"..\/images\/kw_grande_aqua.jpg\" width=\"426\"><\/p>\n<\/div>\n<div class=\"bouteille modele_1_vertical droite\">\n<div class=\"titre_bouteille\">Kerry, Watson &amp; Co.<\/div>\n<p><img decoding=\"async\" src=\"..\/images\/kw_grande_cobalt.jpg\" width=\"426\"><\/p>\n<\/div>\n<p><br style=\"clear:both;\"><\/p>\n<\/div>\n<div class=\"bloc_wrapper\">\n<div class=\"bouteille modele_1_vertical gauche\">\n<div class=\"titre_bouteille\">Kerry, Watson &amp; Co.<\/div>\n<p><img decoding=\"async\" src=\"..\/images\/phcie_kerrywatson_montreal.jpg\" width=\"426\"><\/p>\n<\/div>\n<p><br style=\"clear:both;\"><\/p>\n<\/div>\n<hr>\n<div class=\"bloc_wrapper\">\n<div class=\"bouteille modele_1_vertical gauche\">\n<div class=\"titre_bouteille\">Pharmacie Montr\u00e9al &#8211; Cendrier publicitaire<\/div>\n<p><img decoding=\"async\" src=\"..\/images\/phcie_montreal_cendrier.JPG\" width=\"426\"><\/p>\n<\/div>\n<div class=\"bouteille modele_1_vertical droite\">\n<div class=\"titre_bouteille\">Pharmacie Montr\u00e9al &#8211; bo\u00eete \u00e0 prescription<\/div>\n<p><img decoding=\"async\" src=\"..\/images\/phcie_montreal_boite.jpg\" width=\"426\"><\/p>\n<\/div>\n<p><br style=\"clear:both;\"><\/p>\n<\/div>\n<hr>\n<div class=\"bloc_wrapper\">\n<div class=\"bouteille modele_1_vertical gauche\">\n<div class=\"titre_bouteille\">The Medical Hall<\/div>\n<p><img decoding=\"async\" src=\"..\/images\/medical_hall_montreal.jpg\" width=\"426\"><\/p>\n<\/div>\n<div class=\"bouteille modele_1_vertical droite\">\n<div class=\"titre_bouteille\">Kenneth Campbell &amp; Co.<\/div>\n<p><img decoding=\"async\" src=\"..\/images\/campbell_kenneth.jpg\" width=\"426\"><\/p>\n<\/div>\n<p><br style=\"clear:both;\"><\/p>\n<\/div>\n<div class=\"bloc_wrapper\">\n<div class=\"bouteille modele_2_horizontal\">\n<div class=\"titre_bouteille pleine_largeur\">Kenneth Campbell &amp; Co. &#8211; Bouteille \u00e0 eau min\u00e9rale<\/div>\n<p><img decoding=\"async\" src=\"..\/images\/campbell_medical_hall_fondrond.jpg\" width=\"881px\">\n<\/div>\n<p><br style=\"clear:both;\">\n<\/div>\n<div class=\"bloc_wrapper\">\n<div class=\"bouteille modele_1_vertical gauche\">\n<div class=\"titre_bouteille\">Medical Hall &#8211; Campbell&rsquo;s Quinine Wine<\/div>\n<p><img decoding=\"async\" src=\"..\/images\/medical_hall_campbell_quinine_wine.JPG\" width=\"426\"><\/p>\n<\/div>\n<p><br style=\"clear:both;\"><\/p>\n<\/div>\n<hr>\n<div class=\"bloc_wrapper\">\n<div class=\"bouteille modele_1_vertical gauche\">\n<div class=\"titre_bouteille\">Evans &amp; Sons<\/div>\n<p><img decoding=\"async\" src=\"..\/images\/evans_sons.jpg\" width=\"426\"><\/p>\n<\/div>\n<div class=\"bouteille modele_1_vertical droite\">\n<div class=\"titre_bouteille\">Sugden, Evans &amp; Co<\/div>\n<p><img decoding=\"async\" src=\"..\/images\/sugden_evans.jpg\" width=\"426\"><\/p>\n<\/div>\n<p><br style=\"clear:both;\"><\/p>\n<\/div>\n<hr>\n<div class=\"bloc_wrapper\">\n<div class=\"bouteille modele_1_vertical gauche\">\n<div class=\"titre_bouteille\">B.E. McGale<\/div>\n<p><img decoding=\"async\" src=\"..\/images\/be_mcgale.JPG\" width=\"426\"><\/p>\n<\/div>\n<div class=\"bouteille modele_1_vertical droite\">\n<div class=\"titre_bouteille\">Lymans, Clare &amp; Co.<\/div>\n<p><img decoding=\"async\" src=\"..\/images\/phcie_lymans_clare.jpg\" width=\"426\"><\/p>\n<\/div>\n<p><br style=\"clear:both;\"><\/p>\n<\/div>\n<div class=\"bloc_wrapper\">\n<div class=\"bouteille modele_1_vertical gauche\">\n<div class=\"titre_bouteille\">S. lachance chimiste et droguiste<\/div>\n<p><img decoding=\"async\" src=\"..\/images\/phcie_lachance_chimiste.jpg\" width=\"426\"><\/p>\n<\/div>\n<div class=\"bouteille modele_1_vertical droite\">\n<div class=\"titre_bouteille\">Calendrier Pharmacie Al. Couture<\/div>\n<p><img decoding=\"async\" src=\"..\/images\/calendrier_pharmacie_al_couture.jpg\" width=\"426\"><\/p>\n<\/div>\n<p><br style=\"clear:both;\"><\/p>\n<\/div>\n<div class=\"bloc_wrapper\">\n<div class=\"bouteille modele_1_vertical gauche\">\n<div class=\"titre_bouteille\">Livret de prescription Macy&rsquo;s, Montr\u00e9al<\/div>\n<div class=\"slider\"><img decoding=\"async\" src=\"..\/images\/macys_prescription_recto.JPG\" width=\"426\"><img decoding=\"async\" src=\"..\/images\/macys_prescription_verso.JPG\" width=\"426\"><\/div>\n<\/div>\n<div class=\"bouteille modele_1_vertical droite\">\n<div class=\"titre_bouteille\">Macy&rsquo;s &#8211; Calomel<\/div>\n<p><img decoding=\"async\" src=\"..\/images\/macys_calomel.JPG\" width=\"426\"><\/p>\n<\/div>\n<p><br style=\"clear:both;\"><\/p>\n<\/div>\n<div class=\"bloc_wrapper\">\n<div class=\"bouteille modele_1_vertical gauche\">\n<div class=\"titre_bouteille\">Pot H\u00f4pital St-Joseph-de-Rosemont<\/div>\n<p><img decoding=\"async\" src=\"..\/images\/phcie_hopital_rosemont.JPG\" width=\"426\"><\/p>\n<\/div>\n<div class=\"bouteille modele_1_vertical droite\">\n<div class=\"titre_bouteille\">Pharmacie J. G. Beno\u00eet &#8211; Enveloppe<\/div>\n<p><img decoding=\"async\" src=\"..\/images\/phcie_jgbenoit_enveloppe.jpg\" width=\"426\"><\/p>\n<\/div>\n<p><br style=\"clear:both;\"><\/p>\n<\/div>\n<div class=\"bloc_wrapper\">\n<div class=\"bouteille modele_2_horizontal\">\n<div class=\"titre_bouteille pleine_largeur\">Pharmacie West Hill<\/div>\n<p><img decoding=\"async\" src=\"..\/images\/phcie_westhill_papier.jpg\" width=\"881px\">\n<\/div>\n<p><br style=\"clear:both;\">\n<\/div>\n<div class=\"bloc_wrapper\">\n<div class=\"bouteille modele_1_vertical gauche\">\n<div class=\"titre_bouteille\">McEwen, Cameron &amp; Wait &#8211; Beef, Iron &amp; Wine<\/div>\n<p><img decoding=\"async\" src=\"..\/images\/mcewen_beef_iron_wine.jpg\" width=\"426\"><\/p>\n<\/div>\n<div class=\"bouteille modele_1_vertical droite\">\n<div class=\"titre_bouteille\">Pharmacie J. G. Beno\u00eet &#8211; Enveloppe<\/div>\n<p><img decoding=\"async\" src=\"..\/images\/phcie_jgbenoit_enveloppe.jpg\" width=\"426\"><\/p>\n<\/div>\n<p><br style=\"clear:both;\">\n<\/div>\n<div class=\"bloc_wrapper\">\n<div class=\"bouteille modele_1_vertical gauche\">\n<div class=\"titre_bouteille\">Pharmacies Mod\u00e8les de Goyer &#8211; Bouteille \u00e0 prescription<\/div>\n<p><img decoding=\"async\" src=\"..\/images\/phcie_modeles_de_goyer.JPG\" width=\"426\"><\/p>\n<\/div>\n<div class=\"bouteille modele_1_vertical droite\">\n<div class=\"titre_bouteille\">Pharmacie Labelle &#8211; Bouteille \u00e0 prescription<\/div>\n<p><img decoding=\"async\" src=\"..\/images\/phcie_labelle.JPG\" width=\"426\"><\/p>\n<\/div>\n<p><br style=\"clear:both;\"><\/p>\n<\/div>\n<div class=\"bloc_wrapper\">\n<div class=\"bouteille modele_1_vertical gauche\">\n<div class=\"titre_bouteille\">Pharmacie Bisaillon-Hirbour, Montr\u00e9al<\/div>\n<p><img decoding=\"async\" src=\"..\/images\/phcie_bisaillon-hirbour_bte.JPG\" width=\"426\">\n<\/div>\n<div class=\"bouteille modele_1_vertical droite\">\n<div class=\"titre_bouteille\">Joseph Contant &#8211; Bouteille \u00e0 prescription<\/div>\n<p><img decoding=\"async\" src=\"..\/images\/joseph_contant_phcie.jpg\" width=\"426\"><\/p>\n<\/div>\n<p><br style=\"clear:both;\"><\/p>\n<\/div>\n<div class=\"bloc_wrapper\">\n<div class=\"bouteille modele_1_vertical gauche\">\n<div class=\"titre_bouteille\">Rochman&rsquo;s Drug Store &#8211; Backrite Tablets for the Kidneys<\/div>\n<p><img decoding=\"async\" src=\"..\/images\/rochman_drug_store_backrite_tablets.jpg\" width=\"426\">\n<\/div>\n<div class=\"bouteille modele_1_vertical droite\">\n<div class=\"titre_bouteille\">T. J. Quirk, Chemist<\/div>\n<p><img decoding=\"async\" src=\"..\/images\/phcie_quirk.jpg\" width=\"426\"><\/p>\n<\/div>\n<p><br style=\"clear:both;\"><\/p>\n<\/div>\n<div class=\"bloc_wrapper\">\n<div class=\"bouteille modele_1_vertical gauche\">\n<div class=\"titre_bouteille\">Canadian American Pharmacy &#8211; Bouteille \u00e0 prescription<\/div>\n<p><img decoding=\"async\" src=\"..\/images\/phcie_canadianamerican_montreal.jpg\" width=\"426\">\n<\/div>\n<div class=\"bouteille modele_1_vertical droite\">\n<div class=\"titre_bouteille\">Goulden &amp; Casey &#8211; Bouteille \u00e0 prescription<\/div>\n<p><img decoding=\"async\" src=\"..\/images\/phcie_goulden_casey.jpg\" width=\"426\"><\/p>\n<\/div>\n<p><br style=\"clear:both;\"><\/p>\n<\/div>\n<\/div>\n<div class=\"groupe\">\n<h3 class=\"sous_titre\">VERDUN<\/h3>\n<div class=\"bloc_wrapper\">\n<div class=\"bouteille modele_1_vertical gauche\">\n<div class=\"titre_bouteille\">Pharmacie Lacaille &#8211; Naturetin K.2.<\/div>\n<p><img decoding=\"async\" src=\"..\/images\/phcie_lacaille_verdun.jpg\" width=\"426\"><\/p>\n<\/div>\n<p><br style=\"clear:both;\"><\/p>\n<\/div>\n<\/div>\n<div class=\"groupe\">\n<h3 class=\"sous_titre\">WESTMOUNT<\/h3>\n<div class=\"bloc_wrapper\">\n<div class=\"bouteille modele_1_vertical gauche\">\n<div class=\"titre_bouteille\">W.S. Stone<\/div>\n<p><img decoding=\"async\" src=\"..\/images\/phcie_stone_westmount.jpg\" width=\"426\"><\/p>\n<\/div>\n<p><br style=\"clear:both;\"><\/p>\n<\/div>\n<\/div>\n","protected":false},"excerpt":{"rendered":"<p>LACHINE \u00c9tiquettes Pharmacie Lewis MONTR\u00c9AL Bryson&rsquo;s Medical Dispensary Bryson&rsquo;s Medical Dispensary R. H. Bryson Kerry, Watson &amp; Co. Kerry, Watson &amp; Co. Kerry, Watson &amp; Co. Pharmacie Montr\u00e9al &#8211; Cendrier publicitaire Pharmacie Montr\u00e9al &#8211; bo\u00eete \u00e0 prescription The Medical Hall Kenneth Campbell &amp; Co. Kenneth Campbell &amp; Co. &#8211; Bouteille \u00e0 eau min\u00e9rale Medical Hall [&hellip;]<\/p>\n","protected":false},"author":1,"featured_media":0,"parent":0,"menu_order":0,"comment_status":"closed","ping_status":"closed","template":"","meta":{"footnotes":""},"class_list":["post-1716","page","type-page","status-publish","hentry"],"_links":{"self":[{"href":"https:\/\/martingagnon.net\/collection\/wp-json\/wp\/v2\/pages\/1716","targetHints":{"allow":["GET"]}}],"collection":[{"href":"https:\/\/martingagnon.net\/collection\/wp-json\/wp\/v2\/pages"}],"about":[{"href":"https:\/\/martingagnon.net\/collection\/wp-json\/wp\/v2\/types\/page"}],"author":[{"embeddable":true,"href":"https:\/\/martingagnon.net\/collection\/wp-json\/wp\/v2\/users\/1"}],"replies":[{"embeddable":true,"href":"https:\/\/martingagnon.net\/collection\/wp-json\/wp\/v2\/comments?post=1716"}],"version-history":[{"count":10,"href":"https:\/\/martingagnon.net\/collection\/wp-json\/wp\/v2\/pages\/1716\/revisions"}],"predecessor-version":[{"id":1984,"href":"https:\/\/martingagnon.net\/collection\/wp-json\/wp\/v2\/pages\/1716\/revisions\/1984"}],"wp:attachment":[{"href":"https:\/\/martingagnon.net\/collection\/wp-json\/wp\/v2\/media?parent=1716"}],"curies":[{"name":"wp","href":"https:\/\/api.w.org\/{rel}","templated":true}]}}