{"id":20,"date":"2016-08-27T00:46:58","date_gmt":"2016-08-26T23:46:58","guid":{"rendered":"https:\/\/martingagnon.net\/collection\/?page_id=20"},"modified":"2025-11-26T01:29:16","modified_gmt":"2025-11-26T00:29:16","slug":"pharmacies","status":"publish","type":"page","link":"https:\/\/martingagnon.net\/collection\/pharmacies\/","title":{"rendered":"Pharmacies \/ Autres villes"},"content":{"rendered":"<div class=\"groupe\">\n<h3 class=\"sous_titre\">BAGOTVILLE<\/h3>\n<div class=\"bloc_wrapper\">\n<div class=\"bouteille modele_1_vertical gauche\">\n<div class=\"titre_bouteille\">J. Antoine Desgagn\u00e9s<\/div>\n<p><img decoding=\"async\" src=\"..\/images\/25774037347_7ae65c52fc_z.jpg\" width=\"426\"><\/p>\n<\/div>\n<p><br style=\"clear:both;\"><\/p>\n<\/div>\n<\/div>\n<div class=\"groupe\">\n<h3 class=\"sous_titre\">DRUMMONDVILLE<\/h3>\n<div class=\"bloc_wrapper\">\n<div class=\"bouteille modele_1_vertical gauche\">\n<div class=\"titre_bouteille\">J. E. Lafontaine &#8211; Mehyl-Hydrate<\/div>\n<p><img decoding=\"async\" src=\"..\/images\/28649128264_d5494149d2_z.jpg\" width=\"426\"><\/p>\n<\/div>\n<div class=\"bouteille modele_1_vertical droite\">\n<div class=\"titre_bouteille\">J. E. Lafontaine &#8211; Bouteille \u00e0 prescription<\/div>\n<p><img decoding=\"async\" src=\"..\/images\/phcie_lafontaine_drum.jpg\" width=\"426\"><\/p>\n<\/div>\n<p><br style=\"clear:both;\"><\/p>\n<\/div>\n<div class=\"bloc_wrapper\">\n<div class=\"bouteille modele_1_vertical gauche\">\n<div class=\"titre_bouteille\">Pharmacie Garceau &#8211; Bo\u00eete \u00e0 prescription<\/div>\n<p><img decoding=\"async\" src=\"..\/images\/phcie_garceau_drummond_boite.jpg\" width=\"426\"><\/p>\n<\/div>\n<p><br style=\"clear:both;\"><\/p>\n<\/div>\n<\/div>\n<div class=\"groupe\">\n<h3 class=\"sous_titre\">GRAND-M\u00c8RE<\/h3>\n<div class=\"bloc_wrapper\">\n<div class=\"bouteille modele_1_vertical gauche\">\n<div class=\"titre_bouteille\">Pharmacie du Centre m\u00e9dical &#8211; Onguent<\/div>\n<p><img decoding=\"async\" src=\"..\/images\/phciegrandmere1.jpg\" width=\"426\"><\/p>\n<\/div>\n<div class=\"bouteille modele_1_vertical droite\">\n<div class=\"titre_bouteille\">Pharmacie du Centre m\u00e9dical &#8211; Bouteille \u00e0 prescription<\/div>\n<p><img decoding=\"async\" src=\"..\/images\/phciegrandmere2.jpg\" width=\"426\"><\/p>\n<\/div>\n<p><br style=\"clear:both;\"><\/p>\n<\/div>\n<\/div>\n<div class=\"groupe\">\n<h3 class=\"sous_titre\">HOWICK<\/h3>\n<div class=\"bloc_wrapper\">\n<div class=\"bouteille modele_1_vertical gauche\">\n<div class=\"titre_bouteille\">Howard Planche, M.D., Howick<\/div>\n<p><img decoding=\"async\" src=\"..\/images\/planche_howick.JPG\" width=\"426\"><\/p>\n<\/div>\n<p><br style=\"clear:both;\"><\/p>\n<\/div>\n<\/div>\n<div class=\"groupe\">\n<h3 class=\"sous_titre\">JOLIETTE<\/h3>\n<div class=\"bloc_wrapper\">\n<div class=\"bouteille modele_1_vertical gauche\">\n<div class=\"titre_bouteille\">A. Louis Boucher, Joliette &#8211; \u0292i<\/div>\n<p><img decoding=\"async\" src=\"..\/images\/19939636420_1c7f5578b5_z.jpg\" width=\"426\"><\/p>\n<\/div>\n<div class=\"bouteille modele_1_vertical droite\">\n<div class=\"titre_bouteille\">A. Louis Boucher, Joliette &#8211; \u0292iv<\/div>\n<p><img decoding=\"async\" src=\"..\/images\/19940985209_c7412b27aa_z.jpg\" width=\"426\"><\/p>\n<\/div>\n<p><br style=\"clear:both;\"><\/p>\n<\/div>\n<div class=\"bloc_wrapper\">\n<div class=\"bouteille modele_1_vertical gauche\">\n<div class=\"titre_bouteille\">Oscar Landry &#8211; Glyc\u00e9rine Pure<\/div>\n<p><img decoding=\"async\" src=\"..\/images\/phcie_oscar_landry.jpg\" width=\"426\"><\/p>\n<\/div>\n<p><br style=\"clear:both;\"><\/p>\n<\/div>\n<\/div>\n<div class=\"groupe\">\n<h3 class=\"sous_titre\">L\u00c9VIS<\/h3>\n<div class=\"bloc_wrapper\">\n<div class=\"bouteille modele_2_horizontal\">\n<div class=\"titre_bouteille pleine_largeur\">Adolphe Veilleux, Pharmacien-chimiste<\/div>\n<p><img decoding=\"async\" src=\"..\/images\/phcie_veilleux.jpg\" width=\"881px\"><\/p>\n<\/div>\n<p><br style=\"clear:both;\"><\/p>\n<\/div>\n<div class=\"bloc_wrapper\">\n<div class=\"bouteille modele_1_vertical gauche\">\n<div class=\"titre_bouteille\">J.A. Gosselin<\/div>\n<p><img decoding=\"async\" src=\"..\/images\/39767024494_deb516b93e_z.jpg\" width=\"426\"><\/p>\n<\/div>\n<div class=\"bouteille modele_1_vertical droite\">\n<div class=\"titre_bouteille\">Pharmacie de L\u00e9vis Dr. Fortin<\/div>\n<p><img decoding=\"async\" src=\"..\/images\/phcie_de_levis.jpg\" width=\"426\"><\/p>\n<\/div>\n<p><br style=\"clear:both;\"><\/p>\n<\/div>\n<div class=\"bloc_wrapper\">\n<div class=\"bouteille modele_1_vertical gauche\">\n<div class=\"titre_bouteille\">Pharmacie Edgar Martel<\/div>\n<p><img decoding=\"async\" src=\"..\/images\/phcie_edgar_martel.jpg\" width=\"426\"><\/p>\n<\/div>\n<div class=\"bouteille modele_1_vertical droite\">\n<div class=\"titre_bouteille\">Pharmacie Notre-Dame<\/div>\n<p><img decoding=\"async\" src=\"..\/images\/phcie_notre-dame_levis.jpg\" width=\"426\"><\/p>\n<\/div>\n<p><br style=\"clear:both;\"><\/p>\n<\/div>\n<\/div>\n<div class=\"groupe\">\n<h3 class=\"sous_titre\">LOUISEVILLE<\/h3>\n<div class=\"bloc_wrapper\">\n<div class=\"bouteille modele_1_vertical gauche\">\n<div class=\"titre_bouteille\">Pharmacie Bonin, Louiseville<\/div>\n<p><img decoding=\"async\" src=\"..\/images\/phcie_bonin.jpg\" width=\"426\"><\/p>\n<\/div>\n<p><br style=\"clear:both;\"><\/p>\n<\/div>\n<\/div>\n<div class=\"groupe\">\n<h3 class=\"sous_titre\">MATANE<\/h3>\n<div class=\"bloc_wrapper\">\n<div class=\"bouteille modele_1_vertical gauche\">\n<div class=\"titre_bouteille\">Pharmacie Gagnon<\/div>\n<p><img decoding=\"async\" src=\"..\/images\/phcie_gagnon.jpg\" width=\"426\"><\/p>\n<\/div>\n<p><br style=\"clear:both;\"><\/p>\n<\/div>\n<\/div>\n<div class=\"groupe\">\n<h3 class=\"sous_titre\">MONT-JOLI<\/h3>\n<div class=\"bloc_wrapper\">\n<div class=\"bouteille modele_1_vertical gauche\">\n<div class=\"titre_bouteille\">Pharmacie L\u00e9vesque<\/div>\n<p><img decoding=\"async\" src=\"..\/images\/phcie_levesque_mont-joli.JPG\" width=\"426\"><\/p>\n<\/div>\n<p><br style=\"clear:both;\"><\/p>\n<\/div>\n<\/div>\n<div class=\"groupe\">\n<h3 class=\"sous_titre\">NICOLET<\/h3>\n<div class=\"bloc_wrapper\">\n<div class=\"bouteille modele_1_vertical gauche\">\n<div class=\"titre_bouteille\">Pharmacie C\u00f4t\u00e9 &#8211; Bouteille \u00e0 prescription<\/div>\n<p><img decoding=\"async\" src=\"..\/images\/phcie_cote_nicolet1.jpg\" width=\"426\"><\/p>\n<\/div>\n<div class=\"bouteille modele_1_vertical droite\">\n<div class=\"titre_bouteille\">Pharmacie C\u00f4t\u00e9 &#8211; Bouteille \u00e0 prescription<\/div>\n<p><img decoding=\"async\" src=\"..\/images\/phcie_cote_nicolet2.jpg\" width=\"426\"><\/p>\n<\/div>\n<p><br style=\"clear:both;\"><\/p>\n<\/div>\n<div class=\"bloc_wrapper\">\n<div class=\"bouteille modele_1_vertical gauche\">\n<div class=\"titre_bouteille\">Pharmacie C\u00f4t\u00e9 &#8211; Bouteille \u00e0 prescription<\/div>\n<p><img decoding=\"async\" src=\"..\/images\/phcie_cote_nicolet3.jpg\" width=\"426\"><\/p>\n<\/div>\n<p><br style=\"clear:both;\"><\/p>\n<\/div>\n<\/div>\n<div class=\"groupe\">\n<h3 class=\"sous_titre\">ORMSTOWN<\/h3>\n<div class=\"bloc_wrapper\">\n<div class=\"bouteille modele_1_vertical gauche\">\n<div class=\"titre_bouteille\">Ormstown Medical Centre <\/div>\n<p><img decoding=\"async\" src=\"..\/images\/phcie_ormstown_medical_centre.jpg\" width=\"426\"><\/p>\n<\/div>\n<p><br style=\"clear:both;\"><\/p>\n<\/div>\n<\/div>\n<div class=\"groupe\">\n<h3 class=\"sous_titre\">SAINT-GERMAIN-DE-GRANTHAM<\/h3>\n<div class=\"bloc_wrapper\">\n<div class=\"bouteille modele_1_vertical gauche\">\n<div class=\"titre_bouteille\">Dr Ren\u00e9 Millet<\/div>\n<p><img decoding=\"async\" src=\"..\/images\/millet.jpg\" width=\"426\"><\/p>\n<\/div>\n<p><br style=\"clear:both;\"><\/p>\n<\/div>\n<\/div>\n<div class=\"groupe\">\n<h3 class=\"sous_titre\">SAINT-AUBERT<\/h3>\n<div class=\"bloc_wrapper\">\n<div class=\"bouteille modele_1_vertical gauche\">\n<div class=\"titre_bouteille\">Pharmacie Dr. F. Lizotte<\/div>\n<p><img decoding=\"async\" src=\"..\/images\/23975795877_b21f76a58f_z.jpg\" width=\"426\"><\/p>\n<\/div>\n<p><br style=\"clear:both;\"><\/p>\n<\/div>\n<\/div>\n<div class=\"groupe\">\n<h3 class=\"sous_titre\">SAINT-HYACINTHE<\/h3>\n<div class=\"bloc_wrapper\">\n<div class=\"bouteille modele_1_vertical gauche\">\n<div class=\"titre_bouteille\">Pharmacie Dr. J.E.A. Collette &#8211; Bouteille \u00e0 prescription<\/div>\n<p><img decoding=\"async\" src=\"..\/images\/phcie_j_e_a_collette.JPG\" width=\"426\"><\/p>\n<\/div>\n<div class=\"bouteille modele_1_vertical droite\">\n<div class=\"titre_bouteille\">L-P. Gaucher &#8211; Huile Th\u00e9 des Bois<\/div>\n<p><img decoding=\"async\" src=\"..\/images\/phcie_lpgaucher_huile_the_des_bois.JPG\" width=\"426\"><\/p>\n<\/div>\n<p><br style=\"clear:both;\"><\/p>\n<\/div>\n<div class=\"bloc_wrapper\">\n<div class=\"bouteille modele_1_vertical gauche\">\n<div class=\"titre_bouteille\">Pharmacie Ste-Hyacinthe \u2013<br \/>\nNorwegian Cod Liver Oil<\/div>\n<p><img decoding=\"async\" src=\"..\/images\/18874263079_06954669ca_z.jpg\" width=\"426\"><\/p>\n<\/div>\n<div class=\"bouteille modele_1_vertical droite\">\n<div class=\"titre_bouteille\">L.-J. Langevin, La Providence &#8211;<br \/>\nBouteille de prescription<\/div>\n<p><img decoding=\"async\" src=\"..\/images\/19071494993_181c393bd3_z.jpg\" width=\"426\"><\/p>\n<\/div>\n<p><br style=\"clear:both;\"><\/p>\n<\/div>\n<div class=\"bloc_wrapper\">\n<div class=\"bouteille modele_2_horizontal\">\n<div class=\"titre_bouteille pleine_largeur\">Pharmacie Dessaulles<\/div>\n<p><img decoding=\"async\" src=\"..\/images\/19504431960_7d5425336f_z.jpg\" width=\"881px\"><\/p>\n<\/div>\n<p><br style=\"clear:both;\"><\/p>\n<\/div>\n<div class=\"bloc_wrapper\">\n<div class=\"bouteille modele_1_vertical gauche\">\n<div class=\"titre_bouteille\">Paul Lanctot, St-Hyacinthe &#8211; Bo\u00eete<\/div>\n<p><img decoding=\"async\" src=\"..\/images\/43322305805_598455ce55_z.jpg\" width=\"426\"><\/p>\n<\/div>\n<div class=\"bouteille modele_1_vertical droite\">\n<div class=\"titre_bouteille\">Pharmacie St-Hyacinthe<\/div>\n<p><img decoding=\"async\" src=\"..\/images\/phcie_st-hyacinthe_2.JPG\" width=\"426\"><\/p>\n<\/div>\n<p><br style=\"clear:both;\"><\/p>\n<\/div>\n<div class=\"bloc_wrapper\">\n<div class=\"bouteille modele_1_vertical gauche\">\n<div class=\"titre_bouteille\">Pharmacie Dessaules &#8211; Enveloppe de films<\/div>\n<p><img decoding=\"async\" src=\"..\/images\/phcie_dessaules_kodak.jpg\" width=\"426\"><\/p>\n<\/div>\n<div class=\"bouteille modele_1_vertical droite\">\n<div class=\"titre_bouteille\">Pharmacie Paul Lanctot &#8211; Enveloppe de films<\/div>\n<p><img decoding=\"async\" src=\"..\/images\/phcie_lanctot_kodak.jpg\" width=\"426\"><\/p>\n<\/div>\n<p><br style=\"clear:both;\"><\/p>\n<\/div>\n<div class=\"bloc_wrapper\">\n<div class=\"bouteille modele_1_vertical gauche\">\n<div class=\"titre_bouteille\">Pharmacie L. P. Gaucher &#8211; Enveloppe de films<\/div>\n<p><img decoding=\"async\" src=\"..\/images\/phcie_lpgaucher_kodak.jpg\" width=\"426\"><\/p>\n<\/div>\n<p><br style=\"clear:both;\"><\/p>\n<\/div>\n<\/div>\n<div class=\"groupe\">\n<h3 class=\"sous_titre\">SAINT-PASCAL<\/h3>\n<div class=\"bloc_wrapper\">\n<div class=\"bouteille modele_1_vertical gauche\">\n<div class=\"titre_bouteille\">Dr. Lionel Boulanger, St-Pascal<\/div>\n<p><img decoding=\"async\" src=\"..\/images\/dr_lionel_boulanger_st-pascal.JPG\" width=\"426\"><\/p>\n<\/div>\n<p><br style=\"clear:both;\"><\/p>\n<\/div>\n<\/div>\n<div class=\"groupe\">\n<h3 class=\"sous_titre\">SAINT-PAULIN<\/h3>\n<div class=\"bloc_wrapper\">\n<div class=\"bouteille modele_1_vertical gauche\">\n<div class=\"titre_bouteille\">Dr. Camille Michaud, St-Paulin<\/div>\n<p><img decoding=\"async\" src=\"..\/images\/phcie_michaud_st-paulin.jpg\" width=\"426\"><\/p>\n<\/div>\n<p><br style=\"clear:both;\"><\/p>\n<\/div>\n<\/div>\n<div class=\"groupe\">\n<h3 class=\"sous_titre\">SAINT-ROCH-DES-AULNAIES<\/h3>\n<div class=\"bloc_wrapper\">\n<div class=\"bouteille modele_1_vertical gauche\">\n<div class=\"titre_bouteille\">Docteur J. C. MacKay<\/div>\n<p><img decoding=\"async\" src=\"..\/images\/27064328079_a160498ef8_z.jpg\" width=\"426\"><\/p>\n<\/div>\n<p><br style=\"clear:both;\"><\/p>\n<\/div>\n<\/div>\n<div class=\"groupe\">\n<h3 class=\"sous_titre\">SAINT-STANISLAS<\/h3>\n<div class=\"bloc_wrapper\">\n<div class=\"bouteille modele_1_vertical gauche\">\n<div class=\"titre_bouteille\">Dr. J. Douville<\/div>\n<p><img decoding=\"async\" src=\"..\/images\/dr_douville_st-stanislas.jpg\" width=\"426\"><\/p>\n<\/div>\n<p><br style=\"clear:both;\"><\/p>\n<\/div>\n<\/div>\n<div class=\"groupe\">\n<h3 class=\"sous_titre\">TROIS-RIVI\u00c8RES<\/h3>\n<div class=\"bloc_wrapper\">\n<div class=\"bouteille modele_1_vertical gauche\">\n<div class=\"titre_bouteille\">Alfred Peltier &#8211; Bouteille de prescription<\/div>\n<p><img decoding=\"async\" src=\"..\/images\/phcie_alfred_peltier.jpg\" width=\"426\"><\/p>\n<\/div>\n<p><br style=\"clear:both;\"><\/p>\n<\/div>\n<\/div>\n<div class=\"groupe\">\n<h3 class=\"sous_titre\">CANADA<\/h3>\n<div class=\"bloc_wrapper\">\n<div class=\"bouteille modele_1_vertical gauche\">\n<div class=\"titre_bouteille\">Tamblyn &#8211; \u0292xvi<\/div>\n<p><img decoding=\"async\" src=\"..\/images\/30342553392_a3dbb98dfa_z.jpg\" width=\"426\"><\/p>\n<\/div>\n<div class=\"bouteille modele_1_vertical droite\">\n<div class=\"titre_bouteille\">Pharmacie Horace A. Desjardins, Ottawa<\/div>\n<p><img decoding=\"async\" src=\"..\/images\/phcie_odesjardins.jpg\" width=\"426\"><\/p>\n<\/div>\n<p><br style=\"clear:both;\"><\/p>\n<\/div>\n<div class=\"bloc_wrapper\">\n<div class=\"bouteille modele_1_vertical gauche\">\n<div class=\"titre_bouteille\">Edgar W. Mair, Woodstock NB<\/div>\n<p><img decoding=\"async\" src=\"..\/images\/phcie_edgar_w_mair.jpg\" width=\"426\"><\/p>\n<\/div>\n<div class=\"bouteille modele_1_vertical droite\">\n<div class=\"titre_bouteille\">Staples Pharmacy, Fredericton NB<\/div>\n<p><img decoding=\"async\" src=\"..\/images\/phcie_staples.jpg\" width=\"426\"><\/p>\n<\/div>\n<p><br style=\"clear:both;\"><\/p>\n<\/div>\n<\/div>\n<div class=\"groupe\">\n<h3 class=\"sous_titre\">\u00c9TATS-UNIS<\/h3>\n<div class=\"bloc_wrapper\">\n<div class=\"bouteille modele_1_vertical gauche\">\n<div class=\"titre_bouteille\">Bigelow\u2019s Pharmacy, Newport VT<\/div>\n<p><img decoding=\"async\" src=\"..\/images\/14715412710_d178685373_z.jpg\" width=\"426\"><\/p>\n<\/div>\n<div class=\"bouteille modele_1_vertical droite\">\n<div class=\"titre_bouteille\">Central Pharmacy, Newport VT<\/div>\n<p><img decoding=\"async\" src=\"..\/images\/14715544358_bfb7e6aed9_z.jpg\" width=\"426\"><\/p>\n<\/div>\n<p><br style=\"clear:both;\"><\/p>\n<\/div>\n<div class=\"bloc_wrapper\">\n<div class=\"bouteille modele_1_vertical gauche\">\n<div class=\"titre_bouteille\">D.F. Davis, Barre VT<\/div>\n<p><img decoding=\"async\" src=\"..\/images\/phcie_dfdavis_vermont.jpg\" width=\"426\"><\/p>\n<\/div>\n<div class=\"bouteille modele_1_vertical droite\">\n<div class=\"titre_bouteille\">Riker-Jaynes Drug Stores<\/div>\n<p><img decoding=\"async\" src=\"..\/images\/phcie_riker-jaynes.jpg\" width=\"426\"><\/p>\n<\/div>\n<p><br style=\"clear:both;\"><\/p>\n<\/div>\n<div class=\"bloc_wrapper\">\n<div class=\"bouteille modele_1_vertical gauche\">\n<div class=\"titre_bouteille\">C.C. Bingham, St. Johnsbury, VT<\/div>\n<p><img decoding=\"async\" src=\"..\/images\/phcie_bingham_st-johnsbury.jpg\" width=\"426\"><\/p>\n<\/div>\n<div class=\"bouteille modele_1_vertical droite\">\n<div class=\"titre_bouteille\">Louis Ulloth, Pharmacist, Glendale, LI<\/div>\n<p><img decoding=\"async\" src=\"..\/images\/phcie_ulloth_glendale.jpg\" width=\"426\"><\/p>\n<\/div>\n<p><br style=\"clear:both;\"><\/p>\n<\/div>\n<\/div>\n<div class=\"groupe\">\n<h3 class=\"sous_titre\">BELGIQUE&#8230; !<\/h3>\n<div class=\"bloc_wrapper\">\n<div class=\"bouteille modele_2_horizontal\">\n<div class=\"titre_bouteille pleine_largeur\">Pharmacie mondiale, Bruxelles<\/div>\n<div class=\"modele_2_crop\"><img decoding=\"async\" src=\"..\/images\/19961089991_94e3ef2258_z.jpg\" width=\"881px\"><\/div>\n<\/div>\n<\/div>\n<\/div>\n<div class=\"groupe\">\n<h3 class=\"sous_titre\">FRANCE&#8230; !<\/h3>\n<div class=\"bloc_wrapper\">\n<div class=\"bouteille modele_1_vertical gauche\">\n<div class=\"titre_bouteille\">Pharmacie Pinard et Guignot, Angoul\u00eame<\/div>\n<p><img decoding=\"async\" src=\"..\/images\/phcie_pinard_guignot.jpg\" width=\"426\"><\/p>\n<\/div>\n<p><br style=\"clear:both;\"><\/p>\n<\/div>\n","protected":false},"excerpt":{"rendered":"<p>BAGOTVILLE J. Antoine Desgagn\u00e9s DRUMMONDVILLE J. E. Lafontaine &#8211; Mehyl-Hydrate J. E. Lafontaine &#8211; Bouteille \u00e0 prescription Pharmacie Garceau &#8211; Bo\u00eete \u00e0 prescription GRAND-M\u00c8RE Pharmacie du Centre m\u00e9dical &#8211; Onguent Pharmacie du Centre m\u00e9dical &#8211; Bouteille \u00e0 prescription HOWICK Howard Planche, M.D., Howick JOLIETTE A. Louis Boucher, Joliette &#8211; \u0292i A. Louis Boucher, Joliette &#8211; [&hellip;]<\/p>\n","protected":false},"author":1,"featured_media":0,"parent":0,"menu_order":0,"comment_status":"closed","ping_status":"closed","template":"","meta":{"footnotes":""},"class_list":["post-20","page","type-page","status-publish","hentry"],"_links":{"self":[{"href":"https:\/\/martingagnon.net\/collection\/wp-json\/wp\/v2\/pages\/20","targetHints":{"allow":["GET"]}}],"collection":[{"href":"https:\/\/martingagnon.net\/collection\/wp-json\/wp\/v2\/pages"}],"about":[{"href":"https:\/\/martingagnon.net\/collection\/wp-json\/wp\/v2\/types\/page"}],"author":[{"embeddable":true,"href":"https:\/\/martingagnon.net\/collection\/wp-json\/wp\/v2\/users\/1"}],"replies":[{"embeddable":true,"href":"https:\/\/martingagnon.net\/collection\/wp-json\/wp\/v2\/comments?post=20"}],"version-history":[{"count":55,"href":"https:\/\/martingagnon.net\/collection\/wp-json\/wp\/v2\/pages\/20\/revisions"}],"predecessor-version":[{"id":1923,"href":"https:\/\/martingagnon.net\/collection\/wp-json\/wp\/v2\/pages\/20\/revisions\/1923"}],"wp:attachment":[{"href":"https:\/\/martingagnon.net\/collection\/wp-json\/wp\/v2\/media?parent=20"}],"curies":[{"name":"wp","href":"https:\/\/api.w.org\/{rel}","templated":true}]}}