{"id":214,"date":"2020-04-04T19:36:22","date_gmt":"2020-04-04T18:36:22","guid":{"rendered":"http:\/\/martingagnon.net\/collection\/?page_id=214"},"modified":"2025-11-20T04:19:34","modified_gmt":"2025-11-20T03:19:34","slug":"laboratoire-du-dr-pierre","status":"publish","type":"page","link":"https:\/\/martingagnon.net\/collection\/laboratoire-du-dr-pierre\/","title":{"rendered":"Laboratoire du Dr. Pierre"},"content":{"rendered":"<div class=\"groupe\">\n<h3 class=\"sous_titre\">Rem\u00e8des et m\u00e9dicaments<\/h3>\n<div class=\"bloc_wrapper\">\n<div class=\"bouteille modele_1_vertical gauche\">\n<div class=\"titre_bouteille\">Laboratoire du Dr. Pierre &#8211; Acide Borique<\/div>\n<p><img decoding=\"async\" src=\"..\/images\/44161911961_0ab150c886_z.jpg\" width=\"426\"><\/p>\n<\/div>\n<div class=\"bouteille modele_1_vertical droite\">\n<div class=\"titre_bouteille\">Laboratoire du Dr. Pierre &#8211; Craie Camphr\u00e9e<\/div>\n<p><img decoding=\"async\" src=\"..\/images\/29224522967_a7eefa6b0c_z.jpg\" width=\"426\"><\/p>\n<\/div>\n<p><br style=\"clear:both;\"><\/p>\n<\/div>\n<div class=\"bloc_wrapper\">\n<div class=\"bouteille modele_1_vertical gauche\">\n<div class=\"titre_bouteille\">Laboratoire du Dr. Pierre &#8211; Soufre<\/div>\n<p><img decoding=\"async\" src=\"..\/images\/drpierre_soufre.jpg\" width=\"426\"><\/p>\n<\/div>\n<div class=\"bouteille modele_1_vertical droite\">\n<div class=\"titre_bouteille\">Laboratoire du Dr. Pierre &#8211; Terre a Foulon<\/div>\n<p><img decoding=\"async\" src=\"..\/images\/drpierre_foulon.jpg\" width=\"426\"><\/p>\n<\/div>\n<p><br style=\"clear:both;\"><\/p>\n<\/div>\n<div class=\"bloc_wrapper\">\n<div class=\"bouteille modele_2_horizontal gauche\">\n<div class=\"titre_bouteille pleine_largeur\">Laboratoire du Dr. Pierre &#8211; NAPS<\/div>\n<p><img decoding=\"async\" src=\"..\/images\/44161930301_0ea58a656c_b.jpg\" width=\"881px\"><\/p>\n<\/div>\n<p><br style=\"clear:both;\"><\/p>\n<\/div>\n<div class=\"bloc_wrapper\">\n<div class=\"bouteille modele_1_vertical gauche\">\n<div class=\"titre_bouteille\">Laboratoire du Dr. Pierre &#8211; Semences de Psyllium<\/div>\n<p><img decoding=\"async\" src=\"..\/images\/44512956034_1033e11385_z.jpg\" width=\"426\"><\/p>\n<\/div>\n<div class=\"bouteille modele_1_vertical droite\">\n<div class=\"titre_bouteille\">Laboratoire du Dr. Pierre &#8211; Salsepareille compos\u00e9e<\/div>\n<p><img decoding=\"async\" src=\"..\/images\/43422437210_023090c17c_z.jpg\" width=\"426\"><\/p>\n<\/div>\n<p><br style=\"clear:both;\"><\/p>\n<\/div>\n<div class=\"bloc_wrapper\">\n<div class=\"bouteille modele_1_vertical gauche\">\n<div class=\"titre_bouteille\">Laboratoire du Dr. Pierre &#8211; Sel d&rsquo;epsom<\/div>\n<p><img decoding=\"async\" src=\"..\/images\/drpierre_sel_epsom.jpg\" width=\"426\"><\/p>\n<\/div>\n<div class=\"bouteille modele_1_vertical droite\">\n<div class=\"titre_bouteille\">Laboratoire du Dr. Pierre &#8211; Formaline<\/div>\n<p><img decoding=\"async\" src=\"..\/images\/drpierre_formaline.jpg\" width=\"426\"><\/p>\n<\/div>\n<p><br style=\"clear:both;\"><\/p>\n<\/div>\n<div class=\"bloc_wrapper\">\n<div class=\"bouteille modele_1_vertical gauche\">\n<div class=\"titre_bouteille\">Laboratoire du Dr. Pierre &#8211; Comprim\u00e9s de lait de magn\u00e9sie<\/div>\n<p><img decoding=\"async\" src=\"..\/images\/drpierre_magnesie.jpg\" width=\"426\"><\/p>\n<\/div>\n<div class=\"bouteille modele_1_vertical droite\">\n<div class=\"titre_bouteille\">Laboratoire du Dr. Pierre &#8211; Creosone<\/div>\n<p><img decoding=\"async\" src=\"..\/images\/drpierre_creosone.jpg\" width=\"426\"><\/p>\n<\/div>\n<p><br style=\"clear:both;\"><\/p>\n<\/div>\n<div class=\"bloc_wrapper\">\n<div class=\"bouteille modele_1_vertical gauche\">\n<div class=\"titre_bouteille\">Laboratoire du Dr. Pierre &#8211; Benzine<\/div>\n<p><img decoding=\"async\" src=\"..\/images\/drpierre_benzine.JPG\" width=\"426\"><\/p>\n<\/div>\n<div class=\"bouteille modele_1_vertical droite\">\n<div class=\"titre_bouteille\">Laboratoire du Dr. Pierre &#8211; Chocolats vermifuges du Docteur Pierre<\/div>\n<p><img decoding=\"async\" src=\"..\/images\/drpierre_chocolats_vermifuges.jpg\" width=\"426\"><\/p>\n<\/div>\n<p><br style=\"clear:both;\"><\/p>\n<\/div>\n<div class=\"bloc_wrapper\">\n<div class=\"bouteille modele_1_vertical gauche\">\n<div class=\"titre_bouteille\">Laboratoire du Dr. Pierre &#8211; Acide Borique<\/div>\n<p><img decoding=\"async\" src=\"..\/images\/drpierre_borique.jpg\" width=\"426\"><\/p>\n<\/div>\n<div class=\"bouteille modele_1_vertical droite\">\n<div class=\"titre_bouteille\">Laboratoire du Dr. Pierre &#8211; Vin, Fer et Boeuf<\/div>\n<p><img decoding=\"async\" src=\"..\/images\/drpierre_vinferboeuf.jpg\" width=\"426\"><\/p>\n<\/div>\n<p><br style=\"clear:both;\"><\/p>\n<\/div>\n<div class=\"bloc_wrapper\">\n<div class=\"bouteille modele_1_vertical gauche\">\n<div class=\"titre_bouteille\">Laboratoire du Dr. Pierre &#8211; Sirop Cocill-Co<\/div>\n<p><img decoding=\"async\" src=\"..\/images\/drpierre_cocill-co.jpg\" width=\"426\"><\/p>\n<\/div>\n<div class=\"bouteille modele_1_vertical droite\">\n<div class=\"titre_bouteille\">Laboratoire du Dr. Pierre &#8211; Sel effervescent Vichy<\/div>\n<p><img decoding=\"async\" src=\"..\/images\/drpierre_vichy.jpg\" width=\"426\"><\/p>\n<\/div>\n<p><br style=\"clear:both;\"><\/p>\n<\/div>\n<div class=\"bloc_wrapper\">\n<div class=\"bouteille modele_1_vertical gauche\">\n<div class=\"titre_bouteille\">Laboratoire du Dr. Pierre &#8211; Huile de ricin<\/div>\n<p><img decoding=\"async\" src=\"..\/images\/drpierre_ricin.jpg\" width=\"426\"><\/p>\n<\/div>\n<p><br style=\"clear:both;\"><\/p>\n<\/div>\n<\/div>\n<div class=\"groupe\">\n<h3 class=\"sous_titre\">Produits alimentaires<\/h3>\n<div class=\"bloc_wrapper\">\n<div class=\"bouteille modele_1_vertical gauche\">\n<div class=\"titre_bouteille\">Laboratoire du Dr. Pierre &#8211; Huile \u00e0 salade<\/div>\n<p><img decoding=\"async\" src=\"..\/images\/drpierre_huile_salade.JPG\" width=\"426\"><\/p>\n<\/div>\n<p><br style=\"clear:both;\"><\/p>\n<\/div>\n<\/div>\n","protected":false},"excerpt":{"rendered":"<p>Rem\u00e8des et m\u00e9dicaments Laboratoire du Dr. Pierre &#8211; Acide Borique Laboratoire du Dr. Pierre &#8211; Craie Camphr\u00e9e Laboratoire du Dr. Pierre &#8211; Soufre Laboratoire du Dr. Pierre &#8211; Terre a Foulon Laboratoire du Dr. Pierre &#8211; NAPS Laboratoire du Dr. Pierre &#8211; Semences de Psyllium Laboratoire du Dr. Pierre &#8211; Salsepareille compos\u00e9e Laboratoire du Dr. [&hellip;]<\/p>\n","protected":false},"author":1,"featured_media":0,"parent":0,"menu_order":0,"comment_status":"closed","ping_status":"closed","template":"","meta":{"footnotes":""},"class_list":["post-214","page","type-page","status-publish","hentry"],"_links":{"self":[{"href":"https:\/\/martingagnon.net\/collection\/wp-json\/wp\/v2\/pages\/214","targetHints":{"allow":["GET"]}}],"collection":[{"href":"https:\/\/martingagnon.net\/collection\/wp-json\/wp\/v2\/pages"}],"about":[{"href":"https:\/\/martingagnon.net\/collection\/wp-json\/wp\/v2\/types\/page"}],"author":[{"embeddable":true,"href":"https:\/\/martingagnon.net\/collection\/wp-json\/wp\/v2\/users\/1"}],"replies":[{"embeddable":true,"href":"https:\/\/martingagnon.net\/collection\/wp-json\/wp\/v2\/comments?post=214"}],"version-history":[{"count":11,"href":"https:\/\/martingagnon.net\/collection\/wp-json\/wp\/v2\/pages\/214\/revisions"}],"predecessor-version":[{"id":1898,"href":"https:\/\/martingagnon.net\/collection\/wp-json\/wp\/v2\/pages\/214\/revisions\/1898"}],"wp:attachment":[{"href":"https:\/\/martingagnon.net\/collection\/wp-json\/wp\/v2\/media?parent=214"}],"curies":[{"name":"wp","href":"https:\/\/api.w.org\/{rel}","templated":true}]}}