{"id":26,"date":"2016-08-30T01:03:21","date_gmt":"2016-08-30T00:03:21","guid":{"rendered":"https:\/\/martingagnon.net\/collection\/?page_id=26"},"modified":"2025-06-30T01:00:52","modified_gmt":"2025-06-30T00:00:52","slug":"produits-de-beaute-et-de-toilette","status":"publish","type":"page","link":"https:\/\/martingagnon.net\/collection\/produits-de-beaute-et-de-toilette\/","title":{"rendered":"Parfum \/ eau de toilette"},"content":{"rendered":"<div class=\"groupe\">\n<h3 class=\"sous_titre\">Larkin Soap Co. <span class=\"sous_titre_small\">(Buffalo, NY)<\/span><\/h3>\n<div class=\"bloc_wrapper\">\n<div class=\"bouteille modele_1_vertical gauche\">\n<div class=\"titre_bouteille\">Larkin Soap Co. \u2013 Bouteille g\u00e9n\u00e9rique<\/div>\n<p><img decoding=\"async\" src=\"..\/images\/19333277884_fa50f2a9ce_z.jpg\" width=\"426\"><\/p>\n<\/div>\n<div class=\"bouteille modele_1_vertical droite\">\n<div class=\"titre_bouteille\">Larkin Soap Co. \u2013 Bouteille g\u00e9n\u00e9rique<\/div>\n<p><img decoding=\"async\" src=\"..\/images\/larkin_soap_co_buffalo.jpg\" width=\"426\"><\/p>\n<\/div>\n<p><br style=\"clear:both;\"><\/p>\n<\/div>\n<div class=\"bloc_wrapper\">\n<div class=\"bouteille modele_1_vertical gauche\">\n<div class=\"titre_bouteille\">Larkin Soap Co. \u2013 Bouteille g\u00e9n\u00e9rique<\/div>\n<p><img decoding=\"async\" src=\"..\/images\/larkin_soap_btle.jpg\" width=\"426\"><\/p>\n<\/div>\n<p><br style=\"clear:both;\"><\/p>\n<\/div>\n<\/div>\n<div class=\"groupe\">\n<h3 class=\"sous_titre\">J. A. Marceau <span class=\"sous_titre_small\">(Montr\u00e9al, QC)<\/span><\/h3>\n<div class=\"bloc_wrapper\">\n<div class=\"bouteille modele_1_vertical gauche\">\n<div class=\"titre_bouteille\">J. A. Marceau \u2013 Florida Water<\/div>\n<p><img decoding=\"async\" src=\"..\/images\/marceau_floridawater.JPG\" width=\"426\"><\/p>\n<\/div>\n<div class=\"bouteille modele_1_vertical droite\">\n<div class=\"titre_bouteille\">J. A. Marceau \u2013 Bouteille de parfum<\/div>\n<p><img decoding=\"async\" src=\"..\/images\/marceau_ja_kf.jpg\" width=\"426\"><\/p>\n<\/div>\n<p><br style=\"clear:both;\"><\/p>\n<\/div>\n<div class=\"bloc_wrapper\">\n<div class=\"bouteille modele_1_vertical gauche\">\n<div class=\"titre_bouteille\">J. A. Marceau \u2013 Bouteille de parfum<\/div>\n<p><img decoding=\"async\" src=\"..\/images\/19767837198_658249fd8e_z.jpg\" width=\"426\"><\/p>\n<\/div>\n<div class=\"bouteille modele_1_vertical droite\">\n<div class=\"titre_bouteille\">J. A. Marceau \u2013 Bouteille de parfum<\/div>\n<p><img decoding=\"async\" src=\"..\/images\/19767900100_c2706ed8d1_z.jpg\" width=\"426\"><\/p>\n<\/div>\n<p><br style=\"clear:both;\"><\/p>\n<\/div>\n<div class=\"bloc_wrapper\">\n<div class=\"bouteille modele_1_vertical gauche\">\n<div class=\"titre_bouteille\">J. A. Marceau \u2013 Bouteille de parfum<\/div>\n<p><img decoding=\"async\" src=\"..\/images\/21225758285_82e15eb678_z.jpg\" width=\"426\"><\/p>\n<\/div>\n<div class=\"bouteille modele_1_vertical droite\">\n<div class=\"titre_bouteille\">J. A. Marceau \u2013 Bouteille de parfum<\/div>\n<p><img decoding=\"async\" src=\"..\/images\/jamarceau4.jpg\" width=\"426\"><\/p>\n<\/div>\n<p><br style=\"clear:both;\"><\/p>\n<\/div>\n<div class=\"bloc_wrapper\">\n<div class=\"bouteille modele_1_vertical gauche\">\n<div class=\"titre_bouteille\">J. A. Marceau \u2013 Florida Water<\/div>\n<p><img decoding=\"async\" src=\"..\/images\/marceau_eau_de_floride.JPG\" width=\"426\"><\/p>\n<\/div>\n<div class=\"bouteille modele_1_vertical droite\">\n<div class=\"titre_bouteille\">J. A. Marceau \u2013 Bouteille de parfum<\/div>\n<p><img decoding=\"async\" src=\"..\/images\/marceau_bout_fleur.jpg\" width=\"426\"><\/p>\n<\/div>\n<p><br style=\"clear:both;\"><\/p>\n<\/div>\n<\/div>\n<div class=\"groupe\">\n<h3 class=\"sous_titre\">Murray &amp; Lanman <span class=\"sous_titre_small\">(Montr\u00e9al, QC et New York, NY)<\/span><\/h3>\n<div class=\"bloc_wrapper\">\n<div class=\"bouteille modele_3_vertical gauche\">\n<div class=\"titre_bouteille modele_3\">Murray &amp; Lanman &#8211; Florida Water (grand)<\/div>\n<div class=\"toggle modele_3\">\n        <span class=\"infos\">INFORMATIONS<\/span><br \/>\n<strong>Taille :<\/strong> 9&Prime;<br \/>\n<strong>Type de bouteille :<\/strong> Tooled lip \/ ABM<br \/>\n<strong>Trouv\u00e9 en :<\/strong> 2014 \/ 2014<\/div>\n<div class=\"modele_3_crop\">\n<div class=\"slider\"><img decoding=\"async\" src=\"..\/images\/20151333425_9004687e96_z.jpg\" style=\"margin-left:-80px;\" width=\"426\"><img decoding=\"async\" src=\"..\/images\/20125071056_dcd0feb304_z.jpg\" style=\"margin-left:-80px;\" width=\"426\"><\/div>\n<\/div>\n<\/div>\n<div class=\"bouteille modele_3_vertical centre\">\n<div class=\"titre_bouteille modele_3\">Murray &amp; Lanman &#8211; Florida Water (petit)<\/div>\n<div class=\"toggle modele_3\">\n        <span class=\"infos\">INFORMATIONS<\/span><br \/>\n<strong>Taille :<\/strong> 5.75&Prime;<br \/>\n<strong>Type de bouteille :<\/strong> Tooled lip \/ ABM<br \/>\n<strong>Trouv\u00e9 en :<\/strong> 2013 \/ 2014<\/div>\n<div class=\"modele_3_crop\">\n<div class=\"slider\"><img decoding=\"async\" src=\"..\/images\/19769353409_34bea96c21_z.jpg\" style=\"margin-left:-80px;\" width=\"426\"><img decoding=\"async\" src=\"..\/images\/20143271042_fdc4efe82f_z.jpg\" style=\"margin-left:-80px;\" width=\"426\"><\/div>\n<\/div>\n<\/div>\n<div class=\"bouteille modele_3_vertical droite\">\n<div class=\"titre_bouteille modele_3\">Murray &amp; Lanman &#8211; Florida Water (\u00e9chant.)<\/div>\n<div class=\"toggle modele_3\">\n        <span class=\"infos\">INFORMATIONS<\/span><br \/>\n<strong>Taille :<\/strong> 3.75&Prime;<br \/>\n<strong>Type de bouteille :<\/strong> ABM<br \/>\n<strong>Trouv\u00e9 en :<\/strong> 2017<\/div>\n<div class=\"modele_3_crop\"><img decoding=\"async\" src=\"..\/images\/36971125821_9cf330ac3f_z.jpg\" style=\"margin-left:-80px;\" width=\"426\"><\/div>\n<\/div>\n<p><br style=\"clear:both;\"><\/p>\n<\/div>\n<div class=\"bloc_wrapper\">\n<div class=\"bouteille modele_1_vertical gauche\">\n<div class=\"titre_bouteille\">Murray &amp; Lanman &#8211; Florida Water<\/div>\n<p><img decoding=\"async\" src=\"..\/images\/murray_lanman_florida_water_etiq.JPG\" width=\"426\"><\/p>\n<\/div>\n<div class=\"bouteille modele_1_vertical droite\">\n<div class=\"titre_bouteille\">Florida Water<\/div>\n<p><img decoding=\"async\" src=\"..\/images\/20151332475_fdcf55dbc7_z.jpg\" width=\"426\"><\/p>\n<\/div>\n<p><br style=\"clear:both;\"><\/p>\n<\/div>\n<div class=\"bloc_wrapper\">\n<div class=\"bouteille modele_1_vertical gauche\">\n<div class=\"titre_bouteille\">Murray &amp; Lanman &#8211; Florida Water<\/div>\n<p><img decoding=\"async\" src=\"..\/images\/murray_lanman_floridawater_viss_label.jpg\" width=\"426\"><\/p>\n<\/div>\n<p><br style=\"clear:both;\"><\/p>\n<\/div>\n<\/div>\n<div class=\"groupe\">\n<h3 class=\"sous_titre\">Parfumerie Ch\u00e9nard <span class=\"sous_titre_small\">(Montr\u00e9al, QC)<\/span><\/h3>\n<div class=\"bloc_wrapper\">\n<div class=\"bouteille modele_1_vertical gauche\">\n<div class=\"titre_bouteille\">Parfumerie Ch\u00e9nard \u2013 Tulipe noire<\/div>\n<p><img decoding=\"async\" src=\"..\/images\/chenard_tulipe_noire.jpg\" width=\"426\"><\/p>\n<\/div>\n<div class=\"bouteille modele_1_vertical droite\">\n<div class=\"titre_bouteille\">Parfumerie Ch\u00e9nard \u2013 Fleur r\u00eav\u00e9e<\/div>\n<p><img decoding=\"async\" src=\"..\/images\/chenard_fleur_revee.jpg\" width=\"426\"><\/p>\n<\/div>\n<p><br style=\"clear:both;\"><\/p>\n<\/div>\n<div class=\"bloc_wrapper\">\n<div class=\"bouteille modele_1_vertical gauche\">\n<div class=\"titre_bouteille\">Parfumerie Ch\u00e9nard \u2013 Air parfum\u00e9<\/div>\n<p><img decoding=\"async\" src=\"..\/images\/chenard_air_parfume.jpg\" width=\"426\"><\/p>\n<\/div>\n<div class=\"bouteille modele_1_vertical droite\">\n<div class=\"titre_bouteille\">Parfumerie Ch\u00e9nard \u2013 N\u00e9o-Capilla<\/div>\n<p><img decoding=\"async\" src=\"..\/images\/chenard_neo_capilla.jpg\" width=\"426\"><\/p>\n<\/div>\n<p><br style=\"clear:both;\"><\/p>\n<\/div>\n<\/div>\n<div class=\"groupe\">\n<h3 class=\"sous_titre\">Ed. Pinaud <span class=\"sous_titre_small\">(Paris)<\/span><\/h3>\n<div class=\"bloc_wrapper\">\n<div class=\"bouteille modele_1_vertical gauche\">\n<div class=\"titre_bouteille\">Ed. Pinaud &#8211; Bouteille de parfum<\/div>\n<p><img decoding=\"async\" src=\"..\/images\/pinaud_bout_americaine.JPG\" width=\"426\"><\/p>\n<\/div>\n<div class=\"bouteille modele_1_vertical droite\">\n<div class=\"titre_bouteille\">Ed. Pinaud &#8211; Bouteille de parfum<\/div>\n<p><img decoding=\"async\" src=\"..\/images\/ed_pinaud_bim.jpg\" width=\"426\"><\/p>\n<\/div>\n<p><br style=\"clear:both;\"><\/p>\n<\/div>\n<div class=\"bloc_wrapper\">\n<div class=\"bouteille modele_1_vertical gauche\">\n<div class=\"titre_bouteille\">Ed. Pinaud &#8211; Eau de quinine tonique<\/div>\n<p><img decoding=\"async\" src=\"..\/images\/pinaud_eau_de_quinine.jpg\" width=\"426\"><\/p>\n<\/div>\n<p><br style=\"clear:both;\"><\/p>\n<\/div>\n<\/div>\n<div class=\"groupe\">\n<h3 class=\"sous_titre\">Roger &amp; Gallet <span class=\"sous_titre_small\">(Paris)<\/span><\/h3>\n<div class=\"bloc_wrapper\">\n<div class=\"bouteille modele_1_vertical gauche\">\n<div class=\"titre_bouteille\">Roger &amp; Gallet &#8211; bouteille g\u00e9n\u00e9rique<\/div>\n<p><img decoding=\"async\" src=\"..\/images\/36387442650_8777891337_z.jpg\" width=\"426\"><\/p>\n<\/div>\n<div class=\"bouteille modele_1_vertical droite\">\n<div class=\"titre_bouteille\">Roger &amp; Gallet &#8211; bouteille g\u00e9n\u00e9rique<\/div>\n<p><img decoding=\"async\" src=\"..\/images\/roger_gallet_grand.JPG\" width=\"426\"><\/p>\n<\/div>\n<p><br style=\"clear:both;\"><\/p>\n<\/div>\n<div class=\"bloc_wrapper\">\n<div class=\"bouteille modele_1_vertical gauche\">\n<div class=\"titre_bouteille\">Roger &amp; Gallet &#8211; bouteille g\u00e9n\u00e9rique<\/div>\n<p><img decoding=\"async\" src=\"..\/images\/roger_gallet_2.jpg\" width=\"426\"><\/p>\n<\/div>\n<p><br style=\"clear:both;\"><\/p>\n<\/div>\n<\/div>\n<div class=\"groupe\">\n<h3 class=\"sous_titre\">John Taylor &amp; Co. <span class=\"sous_titre_small\">(Toronto, ON)<\/span><\/h3>\n<div class=\"bloc_wrapper\">\n<div class=\"bouteille modele_1_vertical gauche\">\n<div class=\"titre_bouteille\">John Taylor &amp; Co \u2013 Florida Water<\/div>\n<p><img decoding=\"async\" src=\"..\/images\/19767937840_a9cfcfbd21_z.jpg\" width=\"426\"><\/p>\n<\/div>\n<div class=\"bouteille modele_1_vertical droite\">\n<div class=\"titre_bouteille\">John Taylor &amp; Co \u2013 Bouteille g\u00e9n\u00e9rique<\/div>\n<p><img decoding=\"async\" src=\"..\/images\/taylor_petitebout.jpg\" width=\"426\"><\/p>\n<\/div>\n<p><br style=\"clear:both;\"><\/p>\n<\/div>\n<div class=\"bloc_wrapper\">\n<div class=\"bouteille modele_2_horizontal\">\n<div class=\"titre_bouteille pleine_largeur\">John Taylor &amp; Co \u2013 Taylor&rsquo;s Perfumes<\/div>\n<div class=\"modele_2_crop\"><img decoding=\"async\" src=\"..\/images\/18872599870_b76fc7f567_z.jpg\" width=\"881px\"><\/div>\n<\/div>\n<\/div>\n<div class=\"bloc_wrapper\">\n<div class=\"bouteille modele_1_vertical gauche\">\n<div class=\"titre_bouteille\">John Taylor &amp; Co \u2013 Bouteille g\u00e9n\u00e9rique<\/div>\n<p><img decoding=\"async\" src=\"..\/images\/19333277884_fa50f2a9ce_z.jpg\" width=\"426\"><\/p>\n<\/div>\n<p><br style=\"clear:both;\"><\/p>\n<\/div>\n<\/div>\n<div class=\"groupe\">\n<h3 class=\"sous_titre\">Autres compagnies<\/h3>\n<div class=\"bloc_wrapper\">\n<div class=\"bouteille modele_1_vertical gauche\">\n<div class=\"titre_bouteille\">L. T. Piver &#8211; bouteille g\u00e9n\u00e9rique<\/div>\n<p><img decoding=\"async\" src=\"..\/images\/35191733891_6c7f45cb6b_z.jpg\" width=\"426\"><\/p>\n<\/div>\n<div class=\"bouteille modele_1_vertical droite\">\n<div class=\"titre_bouteille\">Max Cattel<\/div>\n<p><img decoding=\"async\" src=\"..\/images\/19769191209_0d258a0e16_z.jpg\" width=\"426\"><\/p>\n<\/div>\n<p><br style=\"clear:both;\"><\/p>\n<\/div>\n<div class=\"bloc_wrapper\">\n<div class=\"bouteille modele_1_vertical gauche\">\n<div class=\"titre_bouteille\">Colgate &amp; Co. &#8211; bouteille g\u00e9n\u00e9rique<\/div>\n<p><img decoding=\"async\" src=\"..\/images\/colgate_bout.jpg\" width=\"426\"><\/p>\n<\/div>\n<div class=\"bouteille modele_1_vertical droite\">\n<div class=\"titre_bouteille\">Colgate &amp; Co. &#8211; bouteille g\u00e9n\u00e9rique<\/div>\n<p><img decoding=\"async\" src=\"..\/images\/colgate_savon.JPG\" width=\"426\"><\/p>\n<\/div>\n<p><br style=\"clear:both;\"><\/p>\n<\/div>\n<div class=\"bloc_wrapper\">\n<div class=\"bouteille modele_1_vertical gauche\">\n<div class=\"titre_bouteille\">Colgate &amp; Co. &#8211; bouteille g\u00e9n\u00e9rique<\/div>\n<p><img decoding=\"async\" src=\"..\/images\/colgate_ny.jpg\" width=\"426\"><\/p>\n<\/div>\n<div class=\"bouteille modele_1_vertical droite\">\n<div class=\"titre_bouteille\">Jean Giraud &amp; fils &#8211; bouteille g\u00e9n\u00e9rique<\/div>\n<p><img decoding=\"async\" src=\"..\/images\/giraud_paris.jpg\" width=\"426\"><\/p>\n<\/div>\n<p><br style=\"clear:both;\"><\/p>\n<\/div>\n<div class=\"bloc_wrapper\">\n<div class=\"bouteille modele_1_vertical gauche\">\n<div class=\"titre_bouteille\">Honor\u00e9 Payan &#8211; bouteille g\u00e9n\u00e9rique<\/div>\n<p><img decoding=\"async\" src=\"..\/images\/honore_payan.jpg\" width=\"426\"><\/p>\n<\/div>\n<div class=\"bouteille modele_1_vertical droite\">\n<div class=\"titre_bouteille\">Lubin parfumeur &#8211; bouteille g\u00e9n\u00e9rique<\/div>\n<p><img decoding=\"async\" src=\"..\/images\/lubin_parfumeur_paris.jpg\" width=\"426\"><\/p>\n<\/div>\n<p><br style=\"clear:both;\"><\/p>\n<\/div>\n<div class=\"bloc_wrapper\">\n<div class=\"bouteille modele_1_vertical gauche\">\n<div class=\"titre_bouteille\">Wil-Low of Boston &#8211; bouteille g\u00e9n\u00e9rique<\/div>\n<p><img decoding=\"async\" src=\"..\/images\/wil-low_of_boston.jpg\" width=\"426\"><\/p>\n<\/div>\n<div class=\"bouteille modele_1_vertical droite\">\n<div class=\"titre_bouteille\">Erasmic &#8211; bouteille g\u00e9n\u00e9rique<\/div>\n<p><img decoding=\"async\" src=\"..\/images\/erasmic.jpg\" width=\"426\"><\/p>\n<\/div>\n<p><br style=\"clear:both;\"><\/p>\n<\/div>\n<div class=\"bloc_wrapper\">\n<div class=\"bouteille modele_1_vertical gauche\">\n<div class=\"titre_bouteille\">Selick Perfumer &#8211; Bouteille de parfum<\/div>\n<p><img decoding=\"async\" src=\"..\/images\/selick_perfumer.JPG\" width=\"426\"><\/p>\n<\/div>\n<p><br style=\"clear:both;\"><\/p>\n<\/div>\n<\/div>\n","protected":false},"excerpt":{"rendered":"<p>Larkin Soap Co. (Buffalo, NY) Larkin Soap Co. \u2013 Bouteille g\u00e9n\u00e9rique Larkin Soap Co. \u2013 Bouteille g\u00e9n\u00e9rique Larkin Soap Co. \u2013 Bouteille g\u00e9n\u00e9rique J. A. Marceau (Montr\u00e9al, QC) J. A. Marceau \u2013 Florida Water J. A. Marceau \u2013 Bouteille de parfum J. A. Marceau \u2013 Bouteille de parfum J. A. Marceau \u2013 Bouteille de parfum [&hellip;]<\/p>\n","protected":false},"author":1,"featured_media":0,"parent":0,"menu_order":0,"comment_status":"closed","ping_status":"closed","template":"","meta":{"footnotes":""},"class_list":["post-26","page","type-page","status-publish","hentry"],"_links":{"self":[{"href":"https:\/\/martingagnon.net\/collection\/wp-json\/wp\/v2\/pages\/26","targetHints":{"allow":["GET"]}}],"collection":[{"href":"https:\/\/martingagnon.net\/collection\/wp-json\/wp\/v2\/pages"}],"about":[{"href":"https:\/\/martingagnon.net\/collection\/wp-json\/wp\/v2\/types\/page"}],"author":[{"embeddable":true,"href":"https:\/\/martingagnon.net\/collection\/wp-json\/wp\/v2\/users\/1"}],"replies":[{"embeddable":true,"href":"https:\/\/martingagnon.net\/collection\/wp-json\/wp\/v2\/comments?post=26"}],"version-history":[{"count":34,"href":"https:\/\/martingagnon.net\/collection\/wp-json\/wp\/v2\/pages\/26\/revisions"}],"predecessor-version":[{"id":1870,"href":"https:\/\/martingagnon.net\/collection\/wp-json\/wp\/v2\/pages\/26\/revisions\/1870"}],"wp:attachment":[{"href":"https:\/\/martingagnon.net\/collection\/wp-json\/wp\/v2\/media?parent=26"}],"curies":[{"name":"wp","href":"https:\/\/api.w.org\/{rel}","templated":true}]}}