{"id":56,"date":"2017-10-01T19:08:04","date_gmt":"2017-10-01T18:08:04","guid":{"rendered":"http:\/\/martingagnon.net\/collection\/?page_id=56"},"modified":"2025-06-09T01:59:36","modified_gmt":"2025-06-09T00:59:36","slug":"w-brunet-cie","status":"publish","type":"page","link":"https:\/\/martingagnon.net\/collection\/w-brunet-cie\/","title":{"rendered":"W. Brunet &#038; Cie"},"content":{"rendered":"<div class=\"groupe\">\n<h3 class=\"sous_titre\">Rem\u00e8des et m\u00e9dicaments<\/h3>\n<div class=\"bloc_wrapper\">\n<div class=\"bouteille modele_1_vertical gauche\">\n<div class=\"titre_bouteille\">Huile de foie de morue de Norv\u00e8ge<\/div>\n<p><img decoding=\"async\" src=\"..\/images\/brunet_foie_morue1.JPG\" width=\"426\"><\/p>\n<\/div>\n<div class=\"bouteille modele_1_vertical droite\">\n<div class=\"titre_bouteille\">Huile de foie de morue de Norv\u00e8ge<\/div>\n<p><img decoding=\"async\" src=\"..\/images\/brunet_foie_morue2.JPG\" width=\"426\"><\/p>\n<\/div>\n<p><br style=\"clear:both;\"><\/p>\n<\/div>\n<div class=\"bloc_wrapper\">\n<div class=\"bouteille modele_1_vertical gauche\">\n<div class=\"titre_bouteille\">Acide sulfurique<\/div>\n<p><img decoding=\"async\" src=\"..\/images\/brunet_acide_sulfurique.JPG\" width=\"426\"><\/p>\n<\/div>\n<div class=\"bouteille modele_1_vertical droite\">\n<div class=\"titre_bouteille\">Peroxyde d&rsquo;Hydrog\u00e8ne<\/div>\n<p><img decoding=\"async\" src=\"..\/images\/24968365468_16888b7968_z.jpg\" width=\"426\"><\/p>\n<\/div>\n<p><br style=\"clear:both;\"><\/p>\n<\/div>\n<div class=\"bloc_wrapper\">\n<div class=\"bouteille modele_1_vertical gauche\">\n<div class=\"titre_bouteille\">Benzine fran\u00e7aise<\/div>\n<p><img decoding=\"async\" src=\"..\/images\/28156755349_df5516e17d_z.jpg\" width=\"426\"><\/p>\n<\/div>\n<div class=\"bouteille modele_1_vertical droite\">\n<div class=\"titre_bouteille\">Kreosote<\/div>\n<p><img decoding=\"async\" src=\"..\/images\/brunet-kreosote.JPG\" width=\"426\"><\/p>\n<\/div>\n<p><br style=\"clear:both;\"><\/p>\n<\/div>\n<div class=\"bloc_wrapper\">\n<div class=\"bouteille modele_1_vertical gauche\">\n<div class=\"titre_bouteille\">Capsicum et couleur sp\u00e9cial pour vin du Dr. M. Pourtier<\/div>\n<p><img decoding=\"async\" src=\"..\/images\/43256739085_6712eef866_z.jpg\" width=\"426\"><\/p>\n<\/div>\n<div class=\"bouteille modele_1_vertical droite\">\n<div class=\"titre_bouteille\">Pilules Dr. M. Pourtier<\/div>\n<p><img decoding=\"async\" src=\"..\/images\/41740893544_b5a5393b90_z.jpg\" width=\"426\"><\/p>\n<\/div>\n<p><br style=\"clear:both;\"><\/p>\n<\/div>\n<div class=\"bloc_wrapper\">\n<div class=\"bouteille modele_1_vertical gauche\">\n<div class=\"titre_bouteille\">Pr\u00e9paration pour vins du Dr. Pourtier<\/div>\n<p><img decoding=\"async\" src=\"..\/images\/brunet_preparation_vin_pourtier.JPG\" width=\"426\"><\/p>\n<\/div>\n<div class=\"bouteille modele_1_vertical droite\">\n<div class=\"titre_bouteille\">Restaurine du Dr. M. Pourtier<\/div>\n<p><img decoding=\"async\" src=\"..\/images\/brunet_restaurine_pourtier.jpg\" width=\"426\"><\/p>\n<\/div>\n<p><br style=\"clear:both;\"><\/p>\n<\/div>\n<div class=\"bloc_wrapper\">\n<div class=\"bouteille modele_1_vertical gauche\">\n<div class=\"titre_bouteille\">Elixir Dr. M. Pourtier<\/div>\n<p><img decoding=\"async\" src=\"..\/images\/28156758139_a49c264760_z.jpg\" width=\"426\"><\/p>\n<\/div>\n<div class=\"bouteille modele_1_vertical droite\">\n<div class=\"titre_bouteille\">Elixir anti-rhumatique du Dr. M. Pourtier<\/div>\n<p><img decoding=\"async\" src=\"..\/images\/brunet_anti_rhumatique_pourtier.JPG\" width=\"426\"><\/p>\n<\/div>\n<p><br style=\"clear:both;\"><\/p>\n<\/div>\n<div class=\"bloc_wrapper\">\n<div class=\"bouteille modele_1_vertical gauche\">\n<div class=\"titre_bouteille\">Teinture d&rsquo;iode d\u00e9color\u00e9e<\/div>\n<p><img decoding=\"async\" src=\"..\/images\/38477573826_3c14ba10e6_z.jpg\" width=\"426\"><\/p>\n<\/div>\n<div class=\"bouteille modele_1_vertical droite\">\n<div class=\"titre_bouteille\">Sel de citron<\/div>\n<p><img decoding=\"async\" src=\"..\/images\/36768947433_03a539e9ab_z.jpg\" width=\"426\"><\/p>\n<\/div>\n<p><br style=\"clear:both;\"><\/p>\n<\/div>\n<div class=\"bloc_wrapper\">\n<div class=\"bouteille modele_1_vertical gauche\">\n<div class=\"titre_bouteille\">Sel Epsom<\/div>\n<p><img decoding=\"async\" src=\"..\/images\/brunet_sel_epsom.JPG\" width=\"426\"><\/p>\n<\/div>\n<div class=\"bouteille modele_1_vertical droite\">\n<div class=\"titre_bouteille\">Acide Borique<\/div>\n<p><img decoding=\"async\" src=\"..\/images\/brunet_acide_borique.JPG\" width=\"426\"><\/p>\n<\/div>\n<p><br style=\"clear:both;\"><\/p>\n<\/div>\n<div class=\"bloc_wrapper\">\n<div class=\"bouteille modele_1_vertical gauche\">\n<div class=\"titre_bouteille\">Tri-iodol<\/div>\n<p><img decoding=\"async\" src=\"..\/images\/brunet_tri-iodol.JPG\" width=\"426\"><\/p>\n<\/div>\n<div class=\"bouteille modele_1_vertical droite\">\n<div class=\"titre_bouteille\">Sirop Cocilex<\/div>\n<p><img decoding=\"async\" src=\"..\/images\/brunet_cocilex.JPG\" width=\"426\"><\/p>\n<\/div>\n<p><br style=\"clear:both;\"><\/p>\n<\/div>\n<div class=\"bloc_wrapper\">\n<div class=\"bouteille modele_1_vertical gauche\">\n<div class=\"titre_bouteille\">Mercurosan<\/div>\n<p><img decoding=\"async\" src=\"..\/images\/brunet_mercurosan.JPG\" width=\"426\"><\/p>\n<\/div>\n<div class=\"bouteille modele_1_vertical droite\">\n<div class=\"titre_bouteille\">Benzine fran\u00e7aise<\/div>\n<p><img decoding=\"async\" src=\"..\/images\/brunet_benzine.JPG\" width=\"426\"><\/p>\n<\/div>\n<p><br style=\"clear:both;\"><\/p>\n<\/div>\n<div class=\"bloc_wrapper\">\n<div class=\"bouteille modele_1_vertical gauche\">\n<div class=\"titre_bouteille\">Auro-Lan<\/div>\n<p><img decoding=\"async\" src=\"..\/images\/brunet_auro-lan.JPG\" width=\"426\"><\/p>\n<\/div>\n<div class=\"bouteille modele_1_vertical droite\">\n<div class=\"titre_bouteille\">Suppositoire de glyc\u00e9rine<\/div>\n<p><img decoding=\"async\" src=\"..\/images\/brunet_suppositoires_glycerine.JPG\" width=\"426\"><\/p>\n<\/div>\n<p><br style=\"clear:both;\"><\/p>\n<\/div>\n<div class=\"bloc_wrapper\">\n<div class=\"bouteille modele_1_vertical gauche\">\n<div class=\"titre_bouteille\">Huile \u00e0 moustique<\/div>\n<div class=\"slider\"><img decoding=\"async\" src=\"..\/images\/32989627165_40fdfb9b01_z.jpg\" width=\"426\"><img decoding=\"async\" src=\"..\/images\/37645754755_3ef3c59c08_z.jpg\" width=\"426\"><\/div>\n<\/div>\n<div class=\"bouteille modele_1_vertical droite\">\n<div class=\"titre_bouteille\">Huile Castor<\/div>\n<p><img decoding=\"async\" src=\"..\/images\/36284129780_bde3eb2113_z.jpg\" width=\"426\"><\/p>\n<\/div>\n<p><br style=\"clear:both;\"><\/p>\n<\/div>\n<div class=\"bloc_wrapper\">\n<div class=\"bouteille modele_1_vertical gauche\">\n<div class=\"titre_bouteille\">Huile synth\u00e9tique de salicylate de m\u00e9thyle<\/div>\n<p><img decoding=\"async\" src=\"..\/images\/brunet_huile_synthetique.JPG\" width=\"426\"><\/p>\n<\/div>\n<div class=\"bouteille modele_1_vertical droite\">\n<div class=\"titre_bouteille\">Bo\u00eete de pilules<\/div>\n<p><img decoding=\"async\" src=\"..\/images\/brunet_boite_pilules.JPG\" width=\"426\"><\/p>\n<\/div>\n<p><br style=\"clear:both;\"><\/p>\n<\/div>\n<div class=\"bloc_wrapper\">\n<div class=\"bouteille modele_2_horizontal gauche\">\n<div class=\"titre_bouteille pleine_largeur\">Bo\u00eete de pilules<\/div>\n<p><img decoding=\"async\" src=\"..\/images\/26274899269_3090e8c153_c.jpg\" width=\"881px\"><\/p>\n<\/div>\n<p><br style=\"clear:both;\"><\/p>\n<\/div>\n<div class=\"bloc_wrapper\">\n<div class=\"bouteille modele_1_vertical gauche\">\n<div class=\"titre_bouteille\">Huile \u00e0 machine<\/div>\n<p><img decoding=\"async\" src=\"..\/images\/35524580451_ec70c0f953_z.jpg\" width=\"426\"><\/p>\n<\/div>\n<div class=\"bouteille modele_1_vertical droite\">\n<div class=\"titre_bouteille\">Hippo Brunet<\/div>\n<p><img decoding=\"async\" src=\"..\/images\/36690675004_9f793eabca_z.jpg\" width=\"426\"><\/p>\n<\/div>\n<p><br style=\"clear:both;\"><\/p>\n<\/div>\n<div class=\"bloc_wrapper\">\n<div class=\"bouteille modele_2_horizontal gauche\">\n<div class=\"titre_bouteille pleine_largeur\">Bo\u00eete Lithines Brunet<\/div>\n<p><img decoding=\"async\" src=\"..\/images\/37352542166_94dbd3436d_c.jpg\" width=\"881px\"><\/p>\n<\/div>\n<p><br style=\"clear:both;\"><\/p>\n<\/div>\n<div class=\"bloc_wrapper\">\n<div class=\"bouteille modele_1_vertical gauche\">\n<div class=\"titre_bouteille\">Liniment p\u00e9n\u00e9trant<\/div>\n<p><img decoding=\"async\" src=\"..\/images\/37645769035_1e5c7312c9_z.jpg\" width=\"426\"><\/p>\n<\/div>\n<div class=\"bouteille modele_1_vertical droite\">\n<div class=\"titre_bouteille\">Teinture colombo(?)<\/div>\n<p><img decoding=\"async\" src=\"..\/images\/37817535584_9f897b0900_z.jpg\"><\/p>\n<\/div>\n<p><br style=\"clear:both;\"><\/p>\n<\/div>\n<div class=\"bloc_wrapper\">\n<div class=\"bouteille modele_1_vertical gauche\">\n<div class=\"titre_bouteille\">Sel de vichy<\/div>\n<p><img decoding=\"async\" src=\"..\/images\/37645760675_483bbc379d_z.jpg\" width=\"426\"><\/p>\n<\/div>\n<div class=\"bouteille modele_1_vertical droite\">\n<div class=\"titre_bouteille\">Levure et fer<\/div>\n<p><img decoding=\"async\" src=\"..\/images\/brunet_levure_fer.JPG\" width=\"426\"><\/p>\n<\/div>\n<p><br style=\"clear:both;\"><\/p>\n<\/div>\n<div class=\"bloc_wrapper\">\n<div class=\"bouteille modele_1_vertical gauche\">\n<div class=\"titre_bouteille\">San-O-Dor<\/div>\n<p><img decoding=\"async\" src=\"..\/images\/38477569036_70f233e3d2_z.jpg\" width=\"426\"><\/p>\n<\/div>\n<div class=\"bouteille modele_1_vertical droite\">\n<div class=\"titre_bouteille\">Teinture d&rsquo;iode<\/div>\n<p><img decoding=\"async\" src=\"..\/images\/27064411509_01e4e314c5_z.jpg\" width=\"426\"><\/p>\n<\/div>\n<p><br style=\"clear:both;\"><\/p>\n<\/div>\n<div class=\"bloc_wrapper\">\n<div class=\"bouteille modele_1_vertical gauche\">\n<div class=\"titre_bouteille\">Huile de germe de bl\u00e9<\/div>\n<p><img decoding=\"async\" src=\"..\/images\/38841241631_f68cea643d_z.jpg\" width=\"426\"><\/p>\n<\/div>\n<div class=\"bouteille modele_1_vertical droite\">\n<div class=\"titre_bouteille\">Nourriture pour les nerfs<\/div>\n<p><img decoding=\"async\" src=\"..\/images\/27064399349_8a2fda1271_z.jpg\" width=\"426\"><\/p>\n<\/div>\n<p><br style=\"clear:both;\"><\/p>\n<\/div>\n<div class=\"bloc_wrapper\">\n<div class=\"bouteille modele_1_vertical gauche\">\n<div class=\"titre_bouteille\">Peroxyde d&rsquo;Hydrog\u00e8ne<\/div>\n<p><img decoding=\"async\" src=\"..\/images\/38841226421_0458bb29c1_z.jpg\" width=\"426\"><\/p>\n<\/div>\n<div class=\"bouteille modele_1_vertical droite\">\n<div class=\"titre_bouteille\">Sirop vert compos\u00e9<\/div>\n<p><img decoding=\"async\" src=\"..\/images\/37645766305_ec7a319427_z.jpg\"><\/p>\n<\/div>\n<p><br style=\"clear:both;\"><\/p>\n<\/div>\n<div class=\"bloc_wrapper\">\n<div class=\"bouteille modele_1_vertical gauche\">\n<div class=\"titre_bouteille\">Salpetre nitrate de potasse<\/div>\n<p><img decoding=\"async\" src=\"..\/images\/23975846157_eba9b94600_z.jpg\" width=\"426\"><\/p>\n<\/div>\n<div class=\"bouteille modele_1_vertical droite\">\n<div class=\"titre_bouteille\">Borax en poudre<\/div>\n<p><img decoding=\"async\" src=\"..\/images\/27064389809_109e78e19e_z.jpg\" width=\"426\"><\/p>\n<\/div>\n<p><br style=\"clear:both;\"><\/p>\n<\/div>\n<div class=\"bloc_wrapper\">\n<div class=\"bouteille modele_2_horizontal gauche\">\n<div class=\"titre_bouteille pleine_largeur\">Bo\u00eete Tablettes Brunet<\/div>\n<p><img decoding=\"async\" src=\"..\/images\/28156760239_05909c9bf5_b.jpg\" width=\"881px\"><\/p>\n<\/div>\n<p><br style=\"clear:both;\"><\/p>\n<\/div>\n<div class=\"bloc_wrapper\">\n<div class=\"bouteille modele_1_vertical gauche\">\n<div class=\"titre_bouteille\">Onguent gris<\/div>\n<p><img decoding=\"async\" src=\"..\/images\/brunet_onguent_gris.JPG\" width=\"426\"><\/p>\n<\/div>\n<div class=\"bouteille modele_1_vertical droite\">\n<div class=\"titre_bouteille\">Onguent de soufre<\/div>\n<p><img decoding=\"async\" src=\"..\/images\/brunet_onguent_soufre.JPG\" width=\"426\"><\/p>\n<\/div>\n<p><br style=\"clear:both;\"><\/p>\n<\/div>\n<div class=\"bloc_wrapper\">\n<div class=\"bouteille modele_1_vertical gauche\">\n<div class=\"titre_bouteille\">Onguent de zinc<\/div>\n<p><img decoding=\"async\" src=\"..\/images\/brunet_onguent_zinc.JPG\" width=\"426\"><\/p>\n<\/div>\n<div class=\"bouteille modele_1_vertical droite\">\n<div class=\"titre_bouteille\">Onguent de moutarde<\/div>\n<p><img decoding=\"async\" src=\"..\/images\/44159368602_134a4db262_z.jpg\" width=\"426\"><\/p>\n<\/div>\n<p><br style=\"clear:both;\"><\/p>\n<\/div>\n<div class=\"bloc_wrapper\">\n<div class=\"bouteille modele_1_vertical gauche\">\n<div class=\"titre_bouteille\">Vapolatum<\/div>\n<p><img decoding=\"async\" src=\"..\/images\/brunet_vapolatum.JPG\" width=\"426\"><\/p>\n<\/div>\n<div class=\"bouteille modele_1_vertical droite\">\n<div class=\"titre_bouteille\">Onguent phenicol<\/div>\n<p><img decoding=\"async\" src=\"..\/images\/brunet_onguent_phenicol.JPG\" width=\"426\"><\/p>\n<\/div>\n<p><br style=\"clear:both;\"><\/p>\n<\/div>\n<div class=\"bloc_wrapper\">\n<div class=\"bouteille modele_2_horizontal gauche\">\n<div class=\"titre_bouteille pleine_largeur\">Empl\u00e2tre de Belladone<\/div>\n<p><img decoding=\"async\" src=\"..\/images\/brunet_emplatre_belladone.JPG\" width=\"881px\"><\/p>\n<\/div>\n<p><br style=\"clear:both;\"><\/p>\n<\/div>\n<div class=\"bloc_wrapper\">\n<div class=\"bouteille modele_1_vertical gauche\">\n<div class=\"titre_bouteille\">Boites de prescription<\/div>\n<p><img decoding=\"async\" src=\"..\/images\/brunet_boite_prescription.JPG\" width=\"426\"><\/p>\n<\/div>\n<div class=\"bouteille modele_1_vertical droite\">\n<div class=\"titre_bouteille\">Boite de prescription<\/div>\n<p><img decoding=\"async\" src=\"..\/images\/brunet_prescription_suppositoire.JPG\" width=\"426\"><\/p>\n<\/div>\n<p><br style=\"clear:both;\"><\/p>\n<\/div>\n<div class=\"bloc_wrapper\">\n<div class=\"bouteille modele_1_vertical gauche\">\n<div class=\"titre_bouteille\">Elixir Enzo-Ferman<\/div>\n<p><img decoding=\"async\" src=\"..\/images\/26606603748_8f51008220_b.jpg\" width=\"426\"><\/p>\n<\/div>\n<div class=\"bouteille modele_1_vertical droite\">\n<div class=\"titre_bouteille\">Glyc\u00e9rine ph\u00e9nique<\/div>\n<p><img decoding=\"async\" src=\"..\/images\/brunet_glycerine.jpg\" width=\"426\"><\/p>\n<\/div>\n<p><br style=\"clear:both;\"><\/p>\n<\/div>\n<div class=\"bloc_wrapper\">\n<div class=\"bouteille modele_1_vertical gauche\">\n<div class=\"titre_bouteille\">Peroxyde d&rsquo;hydrog\u00e8ne<\/div>\n<p><img decoding=\"async\" src=\"..\/images\/brunet_perox.jpg\" width=\"426\"><\/p>\n<\/div>\n<div class=\"bouteille modele_1_vertical droite\">\n<div class=\"titre_bouteille\">Ponol<\/div>\n<p><img decoding=\"async\" src=\"..\/images\/brunet_ponol.JPG\" width=\"426\"><\/p>\n<\/div>\n<p><br style=\"clear:both;\"><\/p>\n<\/div>\n<div class=\"bloc_wrapper\">\n<div class=\"bouteille modele_2_horizontal gauche\">\n<div class=\"titre_bouteille pleine_largeur\">Capsules d&rsquo;Huile de foie de morue pure<\/div>\n<p><img decoding=\"async\" src=\"..\/images\/brunet_huile_foie_morue_capsules.JPG\" width=\"881px\"><\/p>\n<\/div>\n<p><br style=\"clear:both;\"><\/p>\n<\/div>\n<div class=\"bloc_wrapper\">\n<div class=\"bouteille modele_1_vertical gauche\">\n<div class=\"titre_bouteille\">Huile de ricin<\/div>\n<p><img decoding=\"async\" src=\"..\/images\/brunet_ricin.JPG\" width=\"426\"><\/p>\n<\/div>\n<div class=\"bouteille modele_1_vertical droite\">\n<div class=\"titre_bouteille\">Femol<\/div>\n<p><img decoding=\"async\" src=\"..\/images\/brunet_femol.jpg\" width=\"426\"><\/p>\n<\/div>\n<p><br style=\"clear:both;\"><\/p>\n<\/div>\n<div class=\"bloc_wrapper\">\n<div class=\"bouteille modele_1_vertical gauche\">\n<div class=\"titre_bouteille\">Huile min\u00e9rale<\/div>\n<p><img decoding=\"async\" src=\"..\/images\/brunet_huileminerale.JPG\" width=\"426\"><\/p>\n<\/div>\n<div class=\"bouteille modele_1_vertical droite\">\n<div class=\"titre_bouteille\">Sels effervescents<\/div>\n<p><img decoding=\"async\" src=\"..\/images\/brunet_sels_effervescents.jpg\" width=\"426\"><\/p>\n<\/div>\n<p><br style=\"clear:both;\"><\/p>\n<\/div>\n<div class=\"bloc_wrapper\">\n<div class=\"bouteille modele_1_vertical gauche\">\n<div class=\"titre_bouteille\">ABSC<\/div>\n<p><img decoding=\"async\" src=\"..\/images\/brunet_absc.jpg\" width=\"426\"><\/p>\n<\/div>\n<div class=\"bouteille modele_1_vertical droite\">\n<div class=\"titre_bouteille\">Mercurosan<\/div>\n<p><img decoding=\"async\" src=\"..\/images\/brunet_mercurosan2.JPG\" width=\"426\"><\/p>\n<\/div>\n<p><br style=\"clear:both;\"><\/p>\n<\/div>\n<div class=\"bloc_wrapper\">\n<div class=\"bouteille modele_1_vertical gauche\">\n<div class=\"titre_bouteille\">Produits plus r\u00e9cents<\/div>\n<p><img decoding=\"async\" src=\"..\/images\/25656642827_3f9890677f_z.jpg\" width=\"426\"><\/p>\n<\/div>\n<div class=\"bouteille modele_1_vertical droite\">\n<div class=\"titre_bouteille\">Eau de chaux<\/div>\n<p><img decoding=\"async\" src=\"..\/images\/brunet_eau_chaux.JPG\" width=\"426\"><\/p>\n<\/div>\n<p><br style=\"clear:both;\"><\/p>\n<\/div>\n<div class=\"bloc_wrapper\">\n<div class=\"bouteille modele_1_vertical gauche\">\n<div class=\"titre_bouteille\">Pastilles vermifuges<\/div>\n<p><img decoding=\"async\" src=\"..\/images\/brunet_pastilles_vermifuges.JPG\" width=\"426\"><\/p>\n<\/div>\n<p><br style=\"clear:both;\"><\/p>\n<\/div>\n<\/div>\n<div class=\"groupe\">\n<h3 class=\"sous_titre\">Factures et autres<\/h3>\n<div class=\"bloc_wrapper\">\n<div class=\"bouteille modele_1_vertical gauche\">\n<div class=\"titre_bouteille\">Facture 1917<\/div>\n<p><img decoding=\"async\" src=\"..\/images\/40655433440_6e8e1e9d81_z.jpg\" width=\"426\"><\/p>\n<\/div>\n<div class=\"bouteille modele_1_vertical droite\">\n<div class=\"titre_bouteille\">Le Butineur \u00e9dition Mai 1956<\/div>\n<p><img decoding=\"async\" src=\"..\/images\/brunet_butineur_mai1956.JPG\" width=\"426\"><\/p>\n<\/div>\n<p><br style=\"clear:both;\"><\/p>\n<\/div>\n<div class=\"bloc_wrapper\">\n<div class=\"bouteille modele_2_horizontal gauche\">\n<div class=\"titre_bouteille pleine_largeur\">Facture 1920<\/div>\n<p><img decoding=\"async\" src=\"..\/images\/brunet_facture2.jpg\" width=\"881px\"><\/p>\n<\/div>\n<p><br style=\"clear:both;\"><\/p>\n<\/div>\n<div class=\"bloc_wrapper\">\n<div class=\"bouteille modele_1_vertical gauche\">\n<div class=\"titre_bouteille\">Facture 1961<\/div>\n<p><img decoding=\"async\" src=\"..\/images\/brunet_facture_1961.JPG\" width=\"426\"><\/p>\n<\/div>\n<p><br style=\"clear:both;\"><\/p>\n<\/div>\n<\/div>\n","protected":false},"excerpt":{"rendered":"<p>Rem\u00e8des et m\u00e9dicaments Huile de foie de morue de Norv\u00e8ge Huile de foie de morue de Norv\u00e8ge Acide sulfurique Peroxyde d&rsquo;Hydrog\u00e8ne Benzine fran\u00e7aise Kreosote Capsicum et couleur sp\u00e9cial pour vin du Dr. M. Pourtier Pilules Dr. M. Pourtier Pr\u00e9paration pour vins du Dr. Pourtier Restaurine du Dr. M. Pourtier Elixir Dr. M. Pourtier Elixir anti-rhumatique [&hellip;]<\/p>\n","protected":false},"author":1,"featured_media":0,"parent":0,"menu_order":0,"comment_status":"closed","ping_status":"closed","template":"","meta":{"footnotes":""},"class_list":["post-56","page","type-page","status-publish","hentry"],"_links":{"self":[{"href":"https:\/\/martingagnon.net\/collection\/wp-json\/wp\/v2\/pages\/56","targetHints":{"allow":["GET"]}}],"collection":[{"href":"https:\/\/martingagnon.net\/collection\/wp-json\/wp\/v2\/pages"}],"about":[{"href":"https:\/\/martingagnon.net\/collection\/wp-json\/wp\/v2\/types\/page"}],"author":[{"embeddable":true,"href":"https:\/\/martingagnon.net\/collection\/wp-json\/wp\/v2\/users\/1"}],"replies":[{"embeddable":true,"href":"https:\/\/martingagnon.net\/collection\/wp-json\/wp\/v2\/comments?post=56"}],"version-history":[{"count":31,"href":"https:\/\/martingagnon.net\/collection\/wp-json\/wp\/v2\/pages\/56\/revisions"}],"predecessor-version":[{"id":1648,"href":"https:\/\/martingagnon.net\/collection\/wp-json\/wp\/v2\/pages\/56\/revisions\/1648"}],"wp:attachment":[{"href":"https:\/\/martingagnon.net\/collection\/wp-json\/wp\/v2\/media?parent=56"}],"curies":[{"name":"wp","href":"https:\/\/api.w.org\/{rel}","templated":true}]}}