{"id":58,"date":"2017-10-01T19:44:54","date_gmt":"2017-10-01T18:44:54","guid":{"rendered":"https:\/\/martingagnon.net\/collection\/?page_id=58"},"modified":"2025-11-20T04:36:18","modified_gmt":"2025-11-20T03:36:18","slug":"dr-ed-morin-cie","status":"publish","type":"page","link":"https:\/\/martingagnon.net\/collection\/dr-ed-morin-cie\/","title":{"rendered":"Dr. Ed. Morin &#038; Cie"},"content":{"rendered":"<div class=\"groupe\">\n<h3 class=\"sous_titre\">Rem\u00e8des et m\u00e9dicaments<\/h3>\n<div class=\"bloc_wrapper\">\n<div class=\"bouteille modele_1_vertical gauche\">\n<div class=\"titre_bouteille\">Dr. Ed. Morin &amp; Cie \u2013 Sirop Calmant<\/div>\n<p><img decoding=\"async\" src=\"..\/images\/morin_sirop_calmant.JPG\" width=\"426\"><\/p>\n<\/div>\n<div class=\"bouteille modele_1_vertical droite\">\n<div class=\"titre_bouteille\">Dr. Ed. Morin &#8211; Sirop Pin Blanc Compos\u00e9<\/div>\n<p><img decoding=\"async\" src=\"..\/images\/44094414584_ae8d495ddc_z.jpg\" width=\"426\"><\/p>\n<\/div>\n<p><br style=\"clear:both;\"><\/p>\n<\/div>\n<div class=\"bloc_wrapper\">\n<div class=\"bouteille modele_1_vertical gauche\">\n<div class=\"titre_bouteille\">Dr. Ed. Morin \u2013 Tarol (Tooled lip)<\/div>\n<p><img decoding=\"async\" src=\"..\/images\/18097653630_18e1f03400_z.jpg\" width=\"426\"><\/p>\n<\/div>\n<div class=\"bouteille modele_1_vertical droite\">\n<div class=\"titre_bouteille\">Dr. Ed. Morin \u2013 Tarol (ABM)<\/div>\n<p><img decoding=\"async\" src=\"..\/images\/morin_tarol.jpg\" width=\"426\"><\/p>\n<\/div>\n<p><br style=\"clear:both;\"><\/p>\n<\/div>\n<div class=\"bloc_wrapper\">\n<div class=\"bouteille modele_2_horizontal gauche\">\n<div class=\"titre_bouteille pleine_largeur\">Dr. Ed. Morin &amp; Cie \u2013 Tarol (Tooled lip)<\/div>\n<div class=\"modele_2_crop\">\n<div class=\"slider\"><img decoding=\"async\" src=\"..\/images\/37690427662_33379a9fbb_z.jpg\" width=\"881px\">&lt;<img decoding=\"async\" src=\"..\/images\/24968360228_02bf21a4fd_z.jpg\" width=\"881px\"><\/div>\n<\/div>\n<\/div>\n<p><br style=\"clear:both;\"><\/p>\n<\/div>\n<div class=\"bloc_wrapper\">\n<div class=\"bouteille modele_2_horizontal gauche\">\n<div class=\"titre_bouteille pleine_largeur\">Dr. Ed. Morin &amp; Cie \u2013 Tarol (ABM)<\/div>\n<div class=\"modele_2_crop\">\n<div class=\"slider\"><img decoding=\"async\" src=\"..\/images\/19689240172_2bf726c35c_z.jpg\" width=\"881px\"><img decoding=\"async\" src=\"..\/images\/20665869909_45ac5d6760_z.jpg\" width=\"881px\" style=\"margin:-150px 0 0 0;\"><\/div>\n<\/div>\n<\/div>\n<p><br style=\"clear:both;\"><\/p>\n<\/div>\n<div class=\"bloc_wrapper\">\n<div class=\"bouteille modele_2_horizontal gauche\">\n<div class=\"titre_bouteille pleine_largeur\">Dr. Ed. Morin &amp; Cie \u2013 Empl\u00e2tre \u00e9lectrique<\/div>\n<p><img decoding=\"async\" src=\"..\/images\/32174807713_c1c24be823_c.jpg\" width=\"881px\"><\/p>\n<\/div>\n<p><br style=\"clear:both;\"><\/p>\n<\/div>\n<div class=\"bloc_wrapper\">\n<div class=\"bouteille modele_1_vertical gauche\">\n<div class=\"titre_bouteille\">Dr. Ed. Morin &amp; Cie \u2013 Tr. Capsicum<\/div>\n<p><img decoding=\"async\" src=\"..\/images\/36349986206_a42a14e84c_z.jpg\" width=\"426\"><\/p>\n<\/div>\n<div class=\"bouteille modele_1_vertical droite\">\n<div class=\"titre_bouteille\">Dr. Ed. Morin &amp; Cie \u2013 Vigueur des cheveux<\/div>\n<p><img decoding=\"async\" src=\"..\/images\/36257824621_0b9edcc760_z.jpg\" width=\"426\"><\/p>\n<\/div>\n<p><br style=\"clear:both;\"><\/p>\n<\/div>\n<div class=\"bloc_wrapper\">\n<div class=\"bouteille modele_1_vertical gauche\">\n<div class=\"titre_bouteille\">Dr. Ed. Morin &amp; Cie \u2013 \u00c9mulsion<\/div>\n<p><img decoding=\"async\" src=\"..\/images\/38476473666_3aa1b9b7f1_z.jpg\" width=\"426\"><\/p>\n<\/div>\n<div class=\"bouteille modele_1_vertical droite\">\n<div class=\"titre_bouteille\">Dr. Ed. Morin &amp; Cie \u2013 Vin, fer et boeuf<\/div>\n<p><img decoding=\"async\" src=\"..\/images\/32471826354_d16745bc34_z.jpg\" width=\"426\"><\/p>\n<\/div>\n<p><br style=\"clear:both;\"><\/p>\n<\/div>\n<div class=\"bloc_wrapper\">\n<div class=\"bouteille modele_2_horizontal gauche\">\n<div class=\"titre_bouteille pleine_largeur\">Dr. Ed. Morin &amp; Cie \u2013 Bo\u00eete de pr\u00e9sentation de magasin pour les cachets pour mal de t\u00eate<\/div>\n<p><img decoding=\"async\" src=\"..\/images\/36257817441_e06eafde80_c.jpg\" width=\"881px\"><\/p>\n<\/div>\n<p><br style=\"clear:both;\"><\/p>\n<\/div>\n<div class=\"bloc_wrapper\">\n<div class=\"bouteille modele_1_vertical gauche\">\n<div class=\"titre_bouteille\">Dr. Ed. Morin \u2013 Vin Morin Creso-Phates<\/div>\n<div class=\"slider\"><img decoding=\"async\" src=\"..\/images\/19670843291_36af229480_z.jpg\" width=\"426\"><img decoding=\"async\" src=\"..\/images\/42775625055_4c0c5becda_z.jpg\" width=\"426\"><\/div>\n<\/div>\n<div class=\"bouteille modele_1_vertical droite\">\n<div class=\"titre_bouteille\">Dr. Ed. Morin \u2013 Vin Morin Creso-Phates grand format<\/div>\n<p><img decoding=\"async\" src=\"..\/images\/edmorin_vin_grand.jpg\" width=\"426\"><\/p>\n<\/div>\n<p><br style=\"clear:both;\"><\/p>\n<\/div>\n<div class=\"bloc_wrapper\">\n<div class=\"bouteille modele_1_vertical gauche\">\n<div class=\"titre_bouteille\">Dr. Ed. Morin &amp; Cie \u2013 Alcool<\/div>\n<p><img decoding=\"async\" src=\"..\/images\/morin_alcool1.JPG\" width=\"426\"><\/p>\n<\/div>\n<div class=\"bouteille modele_1_vertical droite\">\n<div class=\"titre_bouteille\">Dr. Ed. Morin &amp; Cie \u2013 Alcool<\/div>\n<p><img decoding=\"async\" src=\"..\/images\/morin_alcool2.JPG\" width=\"426\"><\/p>\n<\/div>\n<p><br style=\"clear:both;\"><\/p>\n<\/div>\n<div class=\"bloc_wrapper\">\n<div class=\"bouteille modele_1_vertical gauche\">\n<div class=\"titre_bouteille\">Dr. Ed. Morin &amp; Cie \u2013 Acid Acetic Glacial<\/div>\n<p><img decoding=\"async\" src=\"..\/images\/morin_acetic.JPG\" width=\"426\"><\/p>\n<\/div>\n<div class=\"bouteille modele_1_vertical droite\">\n<div class=\"titre_bouteille\">Dr. Ed. Morin &amp; Cie \u2013 Vrai esprit d&rsquo;\u00e9pinette<\/div>\n<p><img decoding=\"async\" src=\"..\/images\/morin_epinette.JPG\" width=\"426\"><\/p>\n<\/div>\n<p><br style=\"clear:both;\"><\/p>\n<\/div>\n<div class=\"bloc_wrapper\">\n<div class=\"bouteille modele_1_vertical gauche\">\n<div class=\"titre_bouteille\">Dr. Ed. Morin &amp; Cie (?) \u2013 Morin&rsquo;s Liniment<\/div>\n<p><img decoding=\"async\" src=\"..\/images\/morin_liniment.jpg\" width=\"426\"><\/p>\n<\/div>\n<div class=\"bouteille modele_1_vertical droite\">\n<div class=\"titre_bouteille\">Dr. Ed. Morin &amp; Cie (?) \u2013 Morin&rsquo;s Extract<\/div>\n<p><img decoding=\"async\" src=\"..\/images\/morin_extract.jpg\" width=\"426\"><\/p>\n<\/div>\n<p><br style=\"clear:both;\"><\/p>\n<\/div>\n<div class=\"bloc_wrapper\">\n<div class=\"bouteille modele_1_vertical gauche\">\n<div class=\"titre_bouteille\">L.A. Morin &amp; Cie \u2013 Sel Epsom<\/div>\n<p><img decoding=\"async\" src=\"..\/images\/morin_sel_epsom.jpg\" width=\"426\"><\/p>\n<\/div>\n<div class=\"bouteille modele_1_vertical droite\">\n<div class=\"titre_bouteille\">L.A. Morin &amp; Cie \u2013 Sel et Sen\u00e9<\/div>\n<p><img decoding=\"async\" src=\"..\/images\/lamorin_sel_sene.jpg\" width=\"426\"><\/p>\n<\/div>\n<p><br style=\"clear:both;\"><\/p>\n<\/div>\n<div class=\"bloc_wrapper\">\n<div class=\"bouteille modele_1_vertical gauche\">\n<div class=\"titre_bouteille\">Dr. Ed. Morin &amp; Cie \u2013 Sel et Sen\u00e9<\/div>\n<p><img decoding=\"async\" src=\"..\/images\/edmorin_sel_sene.jpg\" width=\"426\"><\/p>\n<\/div>\n<div class=\"bouteille modele_1_vertical droite\">\n<div class=\"titre_bouteille\">Dr. Ed. Morin &amp; Cie \u2013 Tablettes Royales<\/div>\n<p><img decoding=\"async\" src=\"..\/images\/edmorin_tablettesroyales.jpg\" width=\"426\"><\/p>\n<\/div>\n<p><br style=\"clear:both;\"><\/p>\n<\/div>\n<div class=\"bloc_wrapper\">\n<div class=\"bouteille modele_1_vertical gauche\">\n<div class=\"titre_bouteille\">Dr. Ed. Morin &amp; Cie \u2013 Sang de Dragon en Poudre<\/div>\n<p><img decoding=\"async\" src=\"..\/images\/edmorin_dragon.jpg\" width=\"426\"><\/p>\n<\/div>\n<div class=\"bouteille modele_1_vertical droite\">\n<div class=\"titre_bouteille\">Dr. Ed. Morin &amp; Cie \u2013 Cruche 2 gallons<\/div>\n<p><img decoding=\"async\" src=\"..\/images\/edmorin_cruche_2gallons.JPG\" width=\"426\"><\/p>\n<\/div>\n<p><br style=\"clear:both;\"><\/p>\n<\/div>\n<div class=\"bloc_wrapper\">\n<div class=\"bouteille modele_1_vertical gauche\">\n<div class=\"titre_bouteille\">Dr. Ed. Morin &amp; Cie \u2013 Elixir Morin<\/div>\n<p><img decoding=\"async\" src=\"..\/images\/edmorin_elixir.JPG\" width=\"426\"><\/p>\n<\/div>\n<div class=\"bouteille modele_1_vertical droite\">\n<div class=\"titre_bouteille\">Dr. Ed. Morin &amp; Cie \u2013 Peroxide d&rsquo;hydrog\u00e8ne Morin<\/div>\n<p><img decoding=\"async\" src=\"..\/images\/morin_peroxide.jpg\" width=\"426\"><\/p>\n<\/div>\n<p><br style=\"clear:both;\"><\/p>\n<\/div>\n<div class=\"bloc_wrapper\">\n<div class=\"bouteille modele_1_vertical gauche\">\n<div class=\"titre_bouteille\">Dr. Ed. Morin &amp; Cie \u2013 Liqueur<\/div>\n<p><img decoding=\"async\" src=\"..\/images\/morin_liqueur.jpg\" width=\"426\"><\/p>\n<\/div>\n<div class=\"bouteille modele_1_vertical droite\">\n<div class=\"titre_bouteille\">Dr. Ed. Morin &amp; Cie \u2013 Couleur<\/div>\n<p><img decoding=\"async\" src=\"..\/images\/morin_couleur.jpg\" width=\"426\"><\/p>\n<\/div>\n<p><br style=\"clear:both;\"><\/p>\n<\/div>\n<div class=\"bloc_wrapper\">\n<div class=\"bouteille modele_2_horizontal gauche\">\n<div class=\"titre_bouteille pleine_largeur\">Dr. Ed. Morin &amp; Cie \u2013 Coton absorbant h\u00f4pital<\/div>\n<p><img decoding=\"async\" src=\"..\/images\/edmorin_coton.jpg\" width=\"881px\"><\/p>\n<\/div>\n<p><br style=\"clear:both;\"><\/p>\n<\/div>\n<div class=\"bloc_wrapper\">\n<div class=\"bouteille modele_1_vertical gauche\">\n<div class=\"titre_bouteille\">Dr. Ed. Morin &amp; Cie &#8211; Tablettes Acetyl-Salicylic<\/div>\n<p><img decoding=\"async\" src=\"..\/images\/morin_tablettes.jpg\" width=\"426\"><\/p>\n<\/div>\n<p><br style=\"clear:both;\"><\/p>\n<\/div>\n<\/div>\n<div class=\"groupe\">\n<h3 class=\"sous_titre\">Produits v\u00e9t\u00e9rinaires<\/h3>\n<div class=\"bloc_wrapper\">\n<div class=\"bouteille modele_1_vertical gauche\">\n<div class=\"titre_bouteille\">Omazon sp\u00e9cifique contre la toux<\/div>\n<div class=\"slider\"><img decoding=\"async\" src=\"..\/images\/32229660223_fd41003745_z.jpg\" width=\"426\"><img decoding=\"async\" src=\"..\/images\/32888957862_2f19f1ac6f_z.jpg\" width=\"426\"><\/div>\n<\/div>\n<div class=\"bouteille modele_1_vertical droite\">\n<div class=\"titre_bouteille\">Omazon pour coliques<\/div>\n<div class=\"slider\"><img decoding=\"async\" src=\"..\/images\/38848142694_b1900c78a3_z.jpg\" width=\"426\"><img decoding=\"async\" src=\"..\/images\/39557002831_d453083657_z.jpg\" width=\"426\"><img decoding=\"async\" src=\"..\/images\/39527447082_de91d4db9f_z.jpg\" width=\"426\"><\/div>\n<\/div>\n<p><br style=\"clear:both;\"><\/p>\n<\/div>\n<\/div>\n<div class=\"groupe\">\n<h3 class=\"sous_titre\">Objets publicitaires<\/h3>\n<div class=\"bloc_wrapper\">\n<div class=\"bouteille modele_1_vertical gauche\">\n<div class=\"titre_bouteille\">Dr. Ed. Morin &amp; Cie \u2013 Thermom\u00e8tre publicitaire<\/div>\n<p><img decoding=\"async\" src=\"..\/images\/29904706777_4ff8dddaf1_z.jpg\" width=\"426\"><\/p>\n<\/div>\n<div class=\"bouteille modele_1_vertical droite\">\n<div class=\"titre_bouteille\">Dr. Ed. Morin &amp; Cie \u2013 Cuilli\u00e8re publicitaire<\/div>\n<p><img decoding=\"async\" src=\"..\/images\/morin_cuilliere.JPG\" width=\"426\"><\/p>\n<\/div>\n<p><br style=\"clear:both;\"><\/p>\n<\/div>\n<div class=\"bloc_wrapper\">\n<div class=\"bouteille modele_1_vertical gauche\">\n<div class=\"titre_bouteille\">Dr. Ed. Morin &amp; Cie &#8211; Brochure publicitaire<\/div>\n<p><img decoding=\"async\" src=\"..\/images\/44004933435_ec98121079_z.jpg\" width=\"426\"><\/p>\n<\/div>\n<div class=\"bouteille modele_1_vertical droite\">\n<div class=\"titre_bouteille\">Dr. Ed. Morin &amp; Cie &#8211; Brochure publicitaire<\/div>\n<p><img decoding=\"async\" src=\"..\/images\/morin_brochure2.jpg\" width=\"426\"><\/p>\n<\/div>\n<p><br style=\"clear:both;\"><\/p>\n<\/div>\n<div class=\"bloc_wrapper\">\n<div class=\"bouteille modele_1_vertical gauche\">\n<div class=\"titre_bouteille\">Dr. Ed. Morin &amp; Cie &#8211; Almanach 1919<\/div>\n<p><img decoding=\"async\" src=\"..\/images\/morin_almanach1919.jpg\" width=\"426\"><\/p>\n<\/div>\n<div class=\"bouteille modele_1_vertical droite\">\n<div class=\"titre_bouteille\">Dr. Ed. Morin &amp; Cie &#8211; Almanach 1920<\/div>\n<p><img decoding=\"async\" src=\"..\/images\/morin_almanach1920.jpg\" width=\"426\"><\/p>\n<\/div>\n<p><br style=\"clear:both;\"><\/p>\n<\/div>\n<div class=\"bloc_wrapper\">\n<div class=\"bouteille modele_1_vertical gauche\">\n<div class=\"titre_bouteille\">Dr. Ed. Morin &amp; Cie &#8211; Notice Sirop Dr Ed Morin<\/div>\n<p><img decoding=\"async\" src=\"..\/images\/morin_notice_sirop.jpg\" width=\"426\"><\/p>\n<\/div>\n<p><br style=\"clear:both;\"><\/p>\n<\/div>\n<\/div>\n","protected":false},"excerpt":{"rendered":"<p>Rem\u00e8des et m\u00e9dicaments Dr. Ed. Morin &amp; Cie \u2013 Sirop Calmant Dr. Ed. Morin &#8211; Sirop Pin Blanc Compos\u00e9 Dr. Ed. Morin \u2013 Tarol (Tooled lip) Dr. Ed. Morin \u2013 Tarol (ABM) Dr. Ed. Morin &amp; Cie \u2013 Tarol (Tooled lip) &lt; Dr. Ed. Morin &amp; Cie \u2013 Tarol (ABM) Dr. Ed. Morin &amp; Cie [&hellip;]<\/p>\n","protected":false},"author":1,"featured_media":0,"parent":0,"menu_order":0,"comment_status":"closed","ping_status":"closed","template":"","meta":{"footnotes":""},"class_list":["post-58","page","type-page","status-publish","hentry"],"_links":{"self":[{"href":"https:\/\/martingagnon.net\/collection\/wp-json\/wp\/v2\/pages\/58","targetHints":{"allow":["GET"]}}],"collection":[{"href":"https:\/\/martingagnon.net\/collection\/wp-json\/wp\/v2\/pages"}],"about":[{"href":"https:\/\/martingagnon.net\/collection\/wp-json\/wp\/v2\/types\/page"}],"author":[{"embeddable":true,"href":"https:\/\/martingagnon.net\/collection\/wp-json\/wp\/v2\/users\/1"}],"replies":[{"embeddable":true,"href":"https:\/\/martingagnon.net\/collection\/wp-json\/wp\/v2\/comments?post=58"}],"version-history":[{"count":16,"href":"https:\/\/martingagnon.net\/collection\/wp-json\/wp\/v2\/pages\/58\/revisions"}],"predecessor-version":[{"id":1900,"href":"https:\/\/martingagnon.net\/collection\/wp-json\/wp\/v2\/pages\/58\/revisions\/1900"}],"wp:attachment":[{"href":"https:\/\/martingagnon.net\/collection\/wp-json\/wp\/v2\/media?parent=58"}],"curies":[{"name":"wp","href":"https:\/\/api.w.org\/{rel}","templated":true}]}}