{"id":689,"date":"2021-10-31T16:42:29","date_gmt":"2021-10-31T15:42:29","guid":{"rendered":"https:\/\/martingagnon.net\/collection\/?page_id=689"},"modified":"2025-06-30T00:20:15","modified_gmt":"2025-06-29T23:20:15","slug":"j-r-watkins","status":"publish","type":"page","link":"https:\/\/martingagnon.net\/collection\/j-r-watkins\/","title":{"rendered":"J. R. Watkins"},"content":{"rendered":"<div class=\"groupe\">\n<h3 class=\"sous_titre\">Rem\u00e8des et m\u00e9dicaments<\/h3>\n<div class=\"bloc_wrapper\">\n<div class=\"bouteille modele_2_horizontal gauche\">\n<div class=\"titre_bouteille pleine_largeur\">The J.R. Watkins Co. &#8211; Bouteille g\u00e9n\u00e9rique<\/div>\n<div class=\"modele_2_crop\"><img decoding=\"async\" src=\"..\/images\/34865818022_c8b5ae7f39_b.jpg\" width=\"881px\" style=\"margin: -90px 0 0 0\"><\/div>\n<\/div>\n<p><br style=\"clear:both;\"><\/p>\n<\/div>\n<div class=\"bloc_wrapper\">\n<div class=\"bouteille modele_2_horizontal gauche\">\n<div class=\"titre_bouteille pleine_largeur\">The J.R. Watkins Co. &#8211; Bouteille g\u00e9n\u00e9rique<\/div>\n<div class=\"modele_2_crop\"><img decoding=\"async\" src=\"..\/images\/29980932157_54874ef33b_b.jpg\" width=\"881px\" style=\"margin: -90px 0 0 0\"><\/div>\n<\/div>\n<p><br style=\"clear:both;\"><\/p>\n<\/div>\n<div class=\"bloc_wrapper\">\n<div class=\"bouteille modele_1_vertical gauche\">\n<div class=\"titre_bouteille\">J. R. Watkins &#8211; Liniment<\/div>\n<p><img decoding=\"async\" src=\"..\/images\/watkins_liniment_11oz.jpg\" width=\"426\"><\/p>\n<\/div>\n<div class=\"bouteille modele_1_vertical droite\">\n<div class=\"titre_bouteille\">J. R. Watkins &#8211; Medicated Ointment<\/div>\n<p><img decoding=\"async\" src=\"..\/images\/watkins_medicated_ointment.jpg\" width=\"426\"><\/p>\n<\/div>\n<p><br style=\"clear:both;\"><\/p>\n<\/div>\n<div class=\"bloc_wrapper\">\n<div class=\"bouteille modele_1_vertical gauche\">\n<div class=\"titre_bouteille\">J. R. Watkins &#8211; Laxative Cold and Grip<\/div>\n<p><img decoding=\"async\" src=\"..\/images\/watkins_laxative_cold_grip.jpg\" width=\"426\"><\/p>\n<\/div>\n<div class=\"bouteille modele_1_vertical droite\">\n<div class=\"titre_bouteille\">J. R. Watkins &#8211; Mustard-On<\/div>\n<p><img decoding=\"async\" src=\"..\/images\/watkins_mustard-on.jpg\" width=\"426\"><\/p>\n<\/div>\n<p><br style=\"clear:both;\"><\/p>\n<\/div>\n<div class=\"bloc_wrapper\">\n<div class=\"bouteille modele_2_horizontal gauche\">\n<div class=\"titre_bouteille pleine_largeur\">The J.R. Watkins Co. &#8211; Bouteille g\u00e9n\u00e9rique<\/div>\n<div class=\"modele_2_crop\"><img decoding=\"async\" src=\"..\/images\/44814318731_c1d422ed1d_b.jpg\" width=\"881px\" style=\"margin: -130px 0 0 0\"><\/div>\n<\/div>\n<p><br style=\"clear:both;\"><\/p>\n<\/div>\n<div class=\"bloc_wrapper\">\n<div class=\"bouteille modele_2_horizontal gauche\">\n<div class=\"titre_bouteille pleine_largeur\">The J.R. Watkins Co. &#8211; Bouteille g\u00e9n\u00e9rique<\/div>\n<div class=\"modele_2_crop\"><img decoding=\"async\" src=\"..\/images\/37032434575_c0e8dbc91c_z.jpg\" width=\"881px\" style=\"margin: -100px 0 0 0\"><\/div>\n<\/div>\n<p><br style=\"clear:both;\"><\/p>\n<\/div>\n<div class=\"bloc_wrapper\">\n<div class=\"bouteille modele_1_vertical gauche\">\n<div class=\"titre_bouteille\">J. R. Watkins &#8211; Compound Mustard Ointment<\/div>\n<p><img decoding=\"async\" src=\"..\/images\/40655490510_7b589183e4_z.jpg\" width=\"426\"><\/p>\n<\/div>\n<div class=\"bouteille modele_1_vertical droite\">\n<div class=\"titre_bouteille\">J. R. Watkins &#8211; Menthol-Camphor Ointment<\/div>\n<p><img decoding=\"async\" src=\"..\/images\/watkins_menthol_camphor.JPG\" width=\"426\"><\/p>\n<\/div>\n<p><br style=\"clear:both;\"><\/p>\n<\/div>\n<div class=\"bloc_wrapper\">\n<div class=\"bouteille modele_1_vertical gauche\">\n<div class=\"titre_bouteille\">J. R. Watkins &#8211; Cod liver extract tablets<\/div>\n<p><img decoding=\"async\" src=\"..\/images\/watkins_codliver.JPG\" width=\"426\"><\/p>\n<\/div>\n<div class=\"bouteille modele_1_vertical droite\">\n<div class=\"titre_bouteille\">J. R. Watkins &#8211; Inhalant<\/div>\n<p><img decoding=\"async\" src=\"..\/images\/watkins_inhalant.JPG\" width=\"426\"><\/p>\n<\/div>\n<p><br style=\"clear:both;\"><\/p>\n<\/div>\n<div class=\"bloc_wrapper\">\n<div class=\"bouteille modele_1_vertical gauche\">\n<div class=\"titre_bouteille\">J. R. Watkins &#8211; Bouteille g\u00e9n\u00e9rique<\/div>\n<p><img decoding=\"async\" src=\"..\/images\/43510269474_c71369fdd0_z.jpg\" width=\"426\"><\/p>\n<\/div>\n<div class=\"bouteille modele_1_vertical droite\">\n<div class=\"titre_bouteille\">J. R. Watkins &#8211; Bouteille g\u00e9n\u00e9rique<\/div>\n<p><img decoding=\"async\" src=\"..\/images\/watkins_lotion.JPG\" width=\"426\"><\/p>\n<\/div>\n<p><br style=\"clear:both;\"><\/p>\n<\/div>\n<div class=\"bloc_wrapper\">\n<div class=\"bouteille modele_1_vertical gauche\">\n<div class=\"titre_bouteille\">J. R. Watkins \u2013 Scalp Tonic<\/div>\n<p><img decoding=\"async\" src=\"..\/images\/watkins_scalp_tonic.JPG\" width=\"426\"><\/p>\n<\/div>\n<div class=\"bouteille modele_1_vertical droite\">\n<div class=\"titre_bouteille\">J. R. Watkins &#8211; Tablets<\/div>\n<p><img decoding=\"async\" src=\"..\/images\/watkins_tablets.JPG\" width=\"426\"><\/p>\n<\/div>\n<p><br style=\"clear:both;\"><\/p>\n<\/div>\n<div class=\"bloc_wrapper\">\n<div class=\"bouteille modele_1_vertical gauche\">\n<div class=\"titre_bouteille\">J. R. Watkins &#8211; Inhalant<\/div>\n<p><img decoding=\"async\" src=\"..\/images\/watkins_inhalant_2.JPG\" width=\"426\"><\/p>\n<\/div>\n<div class=\"bouteille modele_1_vertical droite\">\n<div class=\"titre_bouteille\">J. R. Watkins &#8211; Antiseptic<\/div>\n<p><img decoding=\"async\" src=\"..\/images\/watkins_antiseptic.jpg\" width=\"426\"><\/p>\n<\/div>\n<p><br style=\"clear:both;\"><\/p>\n<\/div>\n<\/div>\n<div class=\"groupe\">\n<h3 class=\"sous_titre\">Produits alimentaires<\/h3>\n<div class=\"bloc_wrapper\">\n<div class=\"bouteille modele_1_vertical gauche\">\n<div class=\"titre_bouteille\">The J.R. Watkins Co. \u2013 Extract of Lemon<\/div>\n<p><img decoding=\"async\" src=\"..\/images\/watkins_lemon_cork.jpg\" width=\"426\"><\/p>\n<\/div>\n<div class=\"bouteille modele_1_vertical droite\">\n<div class=\"titre_bouteille\">J. R. Watkins \u2013 Extract of almond<\/div>\n<p><img decoding=\"async\" src=\"..\/images\/watkins_amande.JPG\" width=\"426\"><\/p>\n<\/div>\n<p><br style=\"clear:both;\"><\/p>\n<\/div>\n<div class=\"bloc_wrapper\">\n<div class=\"bouteille modele_1_vertical gauche\">\n<div class=\"titre_bouteille\">The J.R. Watkins Co. \u2013 Extract of Lemon<\/div>\n<p><img decoding=\"async\" src=\"..\/images\/watkins_lemon.jpg\" width=\"426\"><\/p>\n<\/div>\n<div class=\"bouteille modele_1_vertical droite\">\n<div class=\"titre_bouteille\">The J.R. Watkins Co. \u2013 Grape Nectar Syrup<\/div>\n<p><img decoding=\"async\" src=\"..\/images\/watkins_sirop_raisin.jpg\" width=\"426\"><\/p>\n<\/div>\n<p><br style=\"clear:both;\"><\/p>\n<\/div>\n<div class=\"bloc_wrapper\">\n<div class=\"bouteille modele_1_vertical gauche\">\n<div class=\"titre_bouteille\">The J.R. Watkins Co. \u2013 Extract of Lemon<\/div>\n<p><img decoding=\"async\" src=\"..\/images\/watkins_lemon2.jpg\" width=\"426\"><\/p>\n<\/div>\n<p><br style=\"clear:both;\"><\/p>\n<\/div>\n<\/div>\n<div class=\"groupe\">\n<h3 class=\"sous_titre\">Autres produits<\/h3>\n<div class=\"bloc_wrapper\">\n<div class=\"bouteille modele_1_vertical gauche\">\n<div class=\"titre_bouteille\">The J.R. Watkins Co. \u2013 Insecticide<\/div>\n<p><img decoding=\"async\" src=\"..\/images\/watkins_insecticide.jpg\" width=\"426\"><\/p>\n<\/div>\n<div class=\"bouteille modele_1_vertical droite\">\n<div class=\"titre_bouteille\">The J.R. Watkins Co. \u2013 Insecticide<\/div>\n<p><img decoding=\"async\" src=\"..\/images\/watkins_insecticide2.jpg\" width=\"426\"><\/p>\n<\/div>\n<p><br style=\"clear:both;\"><\/p>\n<\/div>\n<div class=\"bloc_wrapper\">\n<div class=\"bouteille modele_1_vertical gauche\">\n<div class=\"titre_bouteille\">The J.R. Watkins Co. \u2013 Watkins Machine Oil<\/div>\n<p><img decoding=\"async\" src=\"..\/images\/18281136422_776946a454_z.jpg\" width=\"426\"><\/p>\n<\/div>\n<div class=\"bouteille modele_1_vertical droite\">\n<div class=\"titre_bouteille\">The J.R. Watkins Co. \u2013 Nail Polish<\/div>\n<p><img decoding=\"async\" src=\"..\/images\/watkins_nail_polish.jpg\" width=\"426\"><\/p>\n<\/div>\n<p><br style=\"clear:both;\"><\/p>\n<\/div>\n<\/div>\n<div class=\"groupe\">\n<h3 class=\"sous_titre\">Catalogues<\/h3>\n<div class=\"bloc_wrapper\">\n<div class=\"bouteille modele_1_vertical gauche\">\n<div class=\"titre_bouteille\">J. R. Watkins &#8211; Cook Book<\/div>\n<p><img decoding=\"async\" src=\"..\/images\/watkins_cook_book.JPG\" width=\"426\"><\/p>\n<\/div>\n<div class=\"bouteille modele_1_vertical droite\">\n<div class=\"titre_bouteille\">J. R. Watkins \u2013 Catalogue<\/div>\n<p><img decoding=\"async\" src=\"..\/images\/watkins_catalogue.JPG\" width=\"426\"><\/p>\n<\/div>\n<p><br style=\"clear:both;\"><\/p>\n<\/div>\n<\/div>\n","protected":false},"excerpt":{"rendered":"<p>Rem\u00e8des et m\u00e9dicaments The J.R. Watkins Co. &#8211; Bouteille g\u00e9n\u00e9rique The J.R. Watkins Co. &#8211; Bouteille g\u00e9n\u00e9rique J. R. Watkins &#8211; Liniment J. R. Watkins &#8211; Medicated Ointment J. R. Watkins &#8211; Laxative Cold and Grip J. R. Watkins &#8211; Mustard-On The J.R. Watkins Co. &#8211; Bouteille g\u00e9n\u00e9rique The J.R. Watkins Co. &#8211; Bouteille g\u00e9n\u00e9rique [&hellip;]<\/p>\n","protected":false},"author":1,"featured_media":0,"parent":0,"menu_order":0,"comment_status":"closed","ping_status":"closed","template":"","meta":{"footnotes":""},"class_list":["post-689","page","type-page","status-publish","hentry"],"_links":{"self":[{"href":"https:\/\/martingagnon.net\/collection\/wp-json\/wp\/v2\/pages\/689","targetHints":{"allow":["GET"]}}],"collection":[{"href":"https:\/\/martingagnon.net\/collection\/wp-json\/wp\/v2\/pages"}],"about":[{"href":"https:\/\/martingagnon.net\/collection\/wp-json\/wp\/v2\/types\/page"}],"author":[{"embeddable":true,"href":"https:\/\/martingagnon.net\/collection\/wp-json\/wp\/v2\/users\/1"}],"replies":[{"embeddable":true,"href":"https:\/\/martingagnon.net\/collection\/wp-json\/wp\/v2\/comments?post=689"}],"version-history":[{"count":13,"href":"https:\/\/martingagnon.net\/collection\/wp-json\/wp\/v2\/pages\/689\/revisions"}],"predecessor-version":[{"id":1855,"href":"https:\/\/martingagnon.net\/collection\/wp-json\/wp\/v2\/pages\/689\/revisions\/1855"}],"wp:attachment":[{"href":"https:\/\/martingagnon.net\/collection\/wp-json\/wp\/v2\/media?parent=689"}],"curies":[{"name":"wp","href":"https:\/\/api.w.org\/{rel}","templated":true}]}}