{"id":701,"date":"2021-10-31T17:06:01","date_gmt":"2021-10-31T16:06:01","guid":{"rendered":"https:\/\/martingagnon.net\/collection\/?page_id=701"},"modified":"2025-06-13T02:03:19","modified_gmt":"2025-06-13T01:03:19","slug":"bouteilles-religieuses","status":"publish","type":"page","link":"https:\/\/martingagnon.net\/collection\/bouteilles-religieuses\/","title":{"rendered":"Bouteilles religieuses"},"content":{"rendered":"<div class=\"groupe\">\n<div class=\"bloc_wrapper\">\n<div class=\"bouteille modele_1_vertical gauche\">\n<div class=\"titre_bouteille\">Huile du sanctuaire de Sainte-Anne-de-Beaupr\u00e9<\/div>\n<div class=\"slider\"><img decoding=\"async\" src=\"..\/images\/35485369862_8bca1b37ac_z.jpg\" width=\"426\"><img decoding=\"async\" src=\"..\/images\/35654211365_1ce4124bec_z.jpg\" width=\"426\"><\/div>\n<\/div>\n<div class=\"bouteille modele_1_vertical droite\">\n<div class=\"titre_bouteille\">Huile du sanctuaire de Ste-Anne-de-Beaupr\u00e9 (grand format)<\/div>\n<p><img decoding=\"async\" src=\"..\/images\/30943213088_93419d27b9_z.jpg\" width=\"426\"><\/p>\n<\/div>\n<p><br style=\"clear:both;\"><\/p>\n<\/div>\n<div class=\"bloc_wrapper\">\n<div class=\"bouteille modele_2_horizontal gauche\">\n<div class=\"titre_bouteille pleine_largeur\">Huile du sanctuaire de Sainte-Anne-de-Beaupr\u00e9<\/div>\n<div class=\"modele_2_crop\"><img decoding=\"async\" src=\"..\/images\/41740897574_999ef93d02_b.jpg\" width=\"881px\" style=\"margin:-100px 0 0 0;\"><\/div>\n<\/div>\n<p><br style=\"clear:both;\"><\/p>\n<\/div>\n<div class=\"bloc_wrapper\">\n<div class=\"bouteille modele_1_vertical gauche\">\n<div class=\"titre_bouteille\">Huile de l&rsquo;Oratoire Saint-Joseph<\/div>\n<p><img decoding=\"async\" src=\"..\/images\/oratoire2.jpg\" width=\"426\"><\/p>\n<\/div>\n<div class=\"bouteille modele_1_vertical droite\">\n<div class=\"titre_bouteille\">Huile de l&rsquo;Oratoire Saint-Joseph<\/div>\n<p><img decoding=\"async\" src=\"..\/images\/36299946003_0fc2971422_z.jpg\" width=\"426\"><\/p>\n<\/div>\n<p><br style=\"clear:both;\"><\/p>\n<\/div>\n<div class=\"bloc_wrapper\">\n<div class=\"bouteille modele_1_vertical gauche\">\n<div class=\"titre_bouteille\">Eau b\u00e9nite<\/div>\n<div class=\"slider\"><img decoding=\"async\" src=\"..\/images\/36299941473_67d8c4eeb0_z.jpg\" width=\"426\"><img decoding=\"async\" src=\"..\/images\/37112530545_f1a0e0cba5_z.jpg\" width=\"426\"><\/div>\n<\/div>\n<p><br style=\"clear:both;\"><\/p>\n<\/div>\n<\/div>\n","protected":false},"excerpt":{"rendered":"<p>Huile du sanctuaire de Sainte-Anne-de-Beaupr\u00e9 Huile du sanctuaire de Ste-Anne-de-Beaupr\u00e9 (grand format) Huile du sanctuaire de Sainte-Anne-de-Beaupr\u00e9 Huile de l&rsquo;Oratoire Saint-Joseph Huile de l&rsquo;Oratoire Saint-Joseph Eau b\u00e9nite<\/p>\n","protected":false},"author":1,"featured_media":0,"parent":0,"menu_order":0,"comment_status":"closed","ping_status":"closed","template":"","meta":{"footnotes":""},"class_list":["post-701","page","type-page","status-publish","hentry"],"_links":{"self":[{"href":"https:\/\/martingagnon.net\/collection\/wp-json\/wp\/v2\/pages\/701","targetHints":{"allow":["GET"]}}],"collection":[{"href":"https:\/\/martingagnon.net\/collection\/wp-json\/wp\/v2\/pages"}],"about":[{"href":"https:\/\/martingagnon.net\/collection\/wp-json\/wp\/v2\/types\/page"}],"author":[{"embeddable":true,"href":"https:\/\/martingagnon.net\/collection\/wp-json\/wp\/v2\/users\/1"}],"replies":[{"embeddable":true,"href":"https:\/\/martingagnon.net\/collection\/wp-json\/wp\/v2\/comments?post=701"}],"version-history":[{"count":4,"href":"https:\/\/martingagnon.net\/collection\/wp-json\/wp\/v2\/pages\/701\/revisions"}],"predecessor-version":[{"id":1791,"href":"https:\/\/martingagnon.net\/collection\/wp-json\/wp\/v2\/pages\/701\/revisions\/1791"}],"wp:attachment":[{"href":"https:\/\/martingagnon.net\/collection\/wp-json\/wp\/v2\/media?parent=701"}],"curies":[{"name":"wp","href":"https:\/\/api.w.org\/{rel}","templated":true}]}}