{"id":721,"date":"2021-10-31T17:41:19","date_gmt":"2021-10-31T16:41:19","guid":{"rendered":"https:\/\/martingagnon.net\/collection\/?page_id=721"},"modified":"2025-11-26T01:09:25","modified_gmt":"2025-11-26T00:09:25","slug":"henry-k-wampole","status":"publish","type":"page","link":"https:\/\/martingagnon.net\/collection\/henry-k-wampole\/","title":{"rendered":"Henry K. Wampole"},"content":{"rendered":"<div class=\"groupe\">\n<h3 class=\"sous_titre\">Rem\u00e8des et m\u00e9dicaments<\/h3>\n<div class=\"bloc_wrapper\">\n<div class=\"bouteille modele_1_vertical gauche\">\n<div class=\"titre_bouteille\">Henry K. Wampole \u2013 Milk of Magnesia<\/div>\n<p><img decoding=\"async\" src=\"..\/images\/36510362572_8074c615e6_z.jpg\" width=\"426\"><\/p>\n<\/div>\n<div class=\"bouteille modele_1_vertical droite\">\n<div class=\"titre_bouteille\">Henry K. Wampole \u2013 Milk of Magnesia<\/div>\n<p><img decoding=\"async\" src=\"..\/images\/37836581314_3ce87094e7_z.jpg\" width=\"426\"><\/p>\n<\/div>\n<p><br style=\"clear:both;\"><\/p>\n<\/div>\n<div class=\"bloc_wrapper\">\n<div class=\"bouteille modele_1_vertical gauche\">\n<div class=\"titre_bouteille\">Henry K. Wampole &#8211; Cod Liver Oil<\/div>\n<p><img decoding=\"async\" src=\"..\/images\/wampole_codliver_cork.jpg\" width=\"426\"><\/p>\n<\/div>\n<div class=\"bouteille modele_1_vertical droite\">\n<div class=\"titre_bouteille\">Henry K. Wampole &#8211; Formolid Sample<\/div>\n<p><img decoding=\"async\" src=\"..\/images\/wampole_formolid_sample.JPG\" width=\"426\"><\/p>\n<\/div>\n<p><br style=\"clear:both;\"><\/p>\n<\/div>\n<div class=\"bloc_wrapper\">\n<div class=\"bouteille modele_1_vertical gauche\">\n<div class=\"titre_bouteille\">Henry K. Wampole &#8211; Bouteille g\u00e9n\u00e9rique (canadienne)<\/div>\n<p><img decoding=\"async\" src=\"..\/images\/wampole_perth_abm.jpg\" width=\"426\"><\/p>\n<\/div>\n<div class=\"bouteille modele_1_vertical droite\">\n<div class=\"titre_bouteille\">Henry K. Wampole &#8211; Bouteille g\u00e9n\u00e9rique (am\u00e9ricaine)<\/div>\n<p><img decoding=\"async\" src=\"..\/images\/wampole_grand_phila.jpg\" width=\"426\"><\/p>\n<\/div>\n<p><br style=\"clear:both;\"><\/p>\n<\/div>\n<div class=\"bloc_wrapper\">\n<div class=\"bouteille modele_2_horizontal gauche\">\n<div class=\"titre_bouteille pleine_largeur\">Henry K. Wampole \u2013 Bouteille g\u00e9n\u00e9rique<\/div>\n<div class=\"modele_2_crop\"><img decoding=\"async\" src=\"..\/images\/19880811518_96413fa2d3_z.jpg\" width=\"881px\" style=\"margin:-125px 0 0 0\"><\/div>\n<\/div>\n<p><br style=\"clear:both;\"><\/p>\n<\/div>\n<div class=\"bloc_wrapper\">\n<div class=\"bouteille modele_1_vertical gauche\">\n<div class=\"titre_bouteille\">Henry K. Wampole &#8211; Tincture Iodine<\/div>\n<p><img decoding=\"async\" src=\"..\/images\/wampole_tct_iodine.jpg\" width=\"426\"><\/p>\n<\/div>\n<div class=\"bouteille modele_1_vertical droite\">\n<div class=\"titre_bouteille\">Henry K. Wampole &#8211; Tincture Iodine<\/div>\n<p><img decoding=\"async\" src=\"..\/images\/wampole_tincture_iodine_bte.jpg\" width=\"426\"><\/p>\n<\/div>\n<p><br style=\"clear:both;\"><\/p>\n<\/div>\n<div class=\"bloc_wrapper\">\n<div class=\"bouteille modele_1_vertical gauche\">\n<div class=\"titre_bouteille\">Henry K. Wampole &#8211; Dande-Cas Tablets<\/div>\n<p><img decoding=\"async\" src=\"..\/images\/44765074122_000d17e9ea_z.jpg\" width=\"426\"><\/p>\n<\/div>\n<div class=\"bouteille modele_1_vertical droite\">\n<div class=\"titre_bouteille\">Henry K. Wampole &#8211; Alcool \u00e0 frictionner<\/div>\n<p><img decoding=\"async\" src=\"..\/images\/42420262980_5a00a9f30d_z.jpg\" width=\"426\"><\/p>\n<\/div>\n<p><br style=\"clear:both;\"><\/p>\n<\/div>\n<div class=\"bloc_wrapper\">\n<div class=\"bouteille modele_1_vertical gauche\">\n<div class=\"titre_bouteille\">Henry K. Wampole &#8211; Mag-Tri-Sil<\/div>\n<p><img decoding=\"async\" src=\"..\/images\/wampole_mag-tri-sil.jpg\" width=\"426\"><\/p>\n<\/div>\n<div class=\"bouteille modele_1_vertical droite\">\n<div class=\"titre_bouteille\">Henry K. Wampole &#8211; Cetyloid Compound<\/div>\n<p><img decoding=\"async\" src=\"..\/images\/wampole_cetyloid_compound.jpg\" width=\"426\"><\/p>\n<\/div>\n<p><br style=\"clear:both;\"><\/p>\n<\/div>\n<div class=\"bloc_wrapper\">\n<div class=\"bouteille modele_1_vertical gauche\">\n<div class=\"titre_bouteille\">Henry K. Wampole &#8211; Tonique Wampole<\/div>\n<p><img decoding=\"async\" src=\"..\/images\/wampole_tonique.JPG\" width=\"426\"><\/p>\n<\/div>\n<div class=\"bouteille modele_1_vertical droite\">\n<div class=\"titre_bouteille\">Henry K. Wampole &#8211; Ointment<\/div>\n<p><img decoding=\"async\" src=\"..\/images\/wampole_ointment.jpg\" width=\"426\"><\/p>\n<\/div>\n<p><br style=\"clear:both;\"><\/p>\n<\/div>\n<div class=\"bloc_wrapper\">\n<div class=\"bouteille modele_1_vertical gauche\">\n<div class=\"titre_bouteille\">Henry K. Wampole &#8211; Grape Salt<\/div>\n<p><img decoding=\"async\" src=\"..\/images\/wampole_grape_salt.JPG\" width=\"426\"><\/p>\n<\/div>\n<div class=\"bouteille modele_1_vertical droite\">\n<div class=\"titre_bouteille\">Henry K. Wampole &#8211; Extrait de foie de morue<\/div>\n<p><img decoding=\"async\" src=\"..\/images\/45234767101_231950ac9c_z.jpg\" width=\"426\"><\/p>\n<\/div>\n<p><br style=\"clear:both;\"><\/p>\n<\/div>\n<div class=\"bloc_wrapper\">\n<div class=\"bouteille modele_1_vertical gauche\">\n<div class=\"titre_bouteille\">Henry K. Wampole &#8211; Paraformic Throat Lozenges<\/div>\n<p><img decoding=\"async\" src=\"..\/images\/wampole_paraformic.jpg\" width=\"426\"><\/p>\n<\/div>\n<div class=\"bouteille modele_1_vertical droite\">\n<div class=\"titre_bouteille\">Henry K. Wampole &#8211; Paraformic Throat Lozenges<\/div>\n<p><img decoding=\"async\" src=\"..\/images\/wampole_paraformic_throat_lozenges.JPG\" width=\"426\"><\/p>\n<\/div>\n<p><br style=\"clear:both;\"><\/p>\n<\/div>\n<div class=\"bloc_wrapper\">\n<div class=\"bouteille modele_1_vertical gauche\">\n<div class=\"titre_bouteille\">Henry K. Wampole &#8211; Hygeol<\/div>\n<p><img decoding=\"async\" src=\"..\/images\/wampole_hygeol.jpg\" width=\"426\"><\/p>\n<\/div>\n<p><br style=\"clear:both;\"><\/p>\n<\/div>\n<\/div>\n<div class=\"groupe\">\n<h3 class=\"sous_titre\">Objets publicitaires<\/h3>\n<div class=\"bloc_wrapper\">\n<div class=\"bouteille modele_1_vertical gauche\">\n<div class=\"titre_bouteille\">Henry K. Wampole &#8211; Publicit\u00e9 huile de foie de morue Wampole<\/div>\n<p><img decoding=\"async\" src=\"..\/images\/44159389602_a34ce1b0fc_z.jpg\" width=\"426\"><\/p>\n<\/div>\n<p><br style=\"clear:both;\"><\/p>\n<\/div>\n<\/div>\n<div class=\"groupe\">\n<h3 class=\"sous_titre\">Vieux papiers<\/h3>\n<div class=\"bloc_wrapper\">\n<div class=\"bouteille modele_2_horizontal gauche\">\n<div class=\"titre_bouteille pleine_largeur\">Henry K. Wampole \u2013 Buvard Extrait de foie de morue<\/div>\n<div class=\"modele_2_crop_buvard\"><img decoding=\"async\" src=\"..\/images\/wampole_buvard_tonique.JPG\" width=\"881px\" style=\"\"><\/div>\n<\/div>\n<p><br style=\"clear:both;\"><\/p>\n<\/div>\n<div class=\"bloc_wrapper\">\n<div class=\"bouteille modele_1_vertical gauche\">\n<div class=\"titre_bouteille\">Henry K. Wampole \u2013 Pub Magnolax<\/div>\n<div class=\"slider\"><img decoding=\"async\" src=\"..\/images\/wampole_pub_magnolax_recto.JPG\" width=\"426\"><img decoding=\"async\" src=\"..\/images\/wampole_pub_magnolax_verso.JPG\" width=\"426\"><\/div>\n<\/div>\n<div class=\"bouteille modele_1_vertical droite\">\n<div class=\"titre_bouteille\">Henry K. Wampole \u2013 Pub Formolid<\/div>\n<div class=\"slider\"><img decoding=\"async\" src=\"..\/images\/wampole_pub_formolid_recto.JPG\" width=\"426\"><img decoding=\"async\" src=\"..\/images\/wampole_pub_formolid_verso.JPG\" width=\"426\"><\/div>\n<\/div>\n<p><br style=\"clear:both;\"><\/p>\n<\/div>\n<div class=\"bloc_wrapper\">\n<div class=\"bouteille modele_1_vertical gauche\">\n<div class=\"titre_bouteille\">Henry K. Wampole \u2013 Pub Paraformic &amp; Antiseptic<\/div>\n<div class=\"slider\"><img decoding=\"async\" src=\"..\/images\/wampole_pub_paraformic_recto.JPG\" width=\"426\"><img decoding=\"async\" src=\"..\/images\/wampole_pub_paraformic_verso.JPG\" width=\"426\"><\/div>\n<\/div>\n<div class=\"bouteille modele_1_vertical droite\">\n<div class=\"titre_bouteille\">Henry K. Wampole \u2013 Pub Sel de Raisin &amp; Peroxyde<\/div>\n<div class=\"slider\"><img decoding=\"async\" src=\"..\/images\/wampole_pub_raisin_perox_recto.JPG\" width=\"426\"><img decoding=\"async\" src=\"..\/images\/wampole_pub_raisin_perox_verso.JPG\" width=\"426\"><\/div>\n<\/div>\n<p><br style=\"clear:both;\"><\/p>\n<\/div>\n","protected":false},"excerpt":{"rendered":"<p>Rem\u00e8des et m\u00e9dicaments Henry K. Wampole \u2013 Milk of Magnesia Henry K. Wampole \u2013 Milk of Magnesia Henry K. Wampole &#8211; Cod Liver Oil Henry K. Wampole &#8211; Formolid Sample Henry K. Wampole &#8211; Bouteille g\u00e9n\u00e9rique (canadienne) Henry K. Wampole &#8211; Bouteille g\u00e9n\u00e9rique (am\u00e9ricaine) Henry K. Wampole \u2013 Bouteille g\u00e9n\u00e9rique Henry K. Wampole &#8211; Tincture [&hellip;]<\/p>\n","protected":false},"author":1,"featured_media":0,"parent":0,"menu_order":0,"comment_status":"closed","ping_status":"closed","template":"","meta":{"footnotes":""},"class_list":["post-721","page","type-page","status-publish","hentry"],"_links":{"self":[{"href":"https:\/\/martingagnon.net\/collection\/wp-json\/wp\/v2\/pages\/721","targetHints":{"allow":["GET"]}}],"collection":[{"href":"https:\/\/martingagnon.net\/collection\/wp-json\/wp\/v2\/pages"}],"about":[{"href":"https:\/\/martingagnon.net\/collection\/wp-json\/wp\/v2\/types\/page"}],"author":[{"embeddable":true,"href":"https:\/\/martingagnon.net\/collection\/wp-json\/wp\/v2\/users\/1"}],"replies":[{"embeddable":true,"href":"https:\/\/martingagnon.net\/collection\/wp-json\/wp\/v2\/comments?post=721"}],"version-history":[{"count":7,"href":"https:\/\/martingagnon.net\/collection\/wp-json\/wp\/v2\/pages\/721\/revisions"}],"predecessor-version":[{"id":1914,"href":"https:\/\/martingagnon.net\/collection\/wp-json\/wp\/v2\/pages\/721\/revisions\/1914"}],"wp:attachment":[{"href":"https:\/\/martingagnon.net\/collection\/wp-json\/wp\/v2\/media?parent=721"}],"curies":[{"name":"wp","href":"https:\/\/api.w.org\/{rel}","templated":true}]}}