{"id":730,"date":"2021-10-31T18:02:26","date_gmt":"2021-10-31T17:02:26","guid":{"rendered":"https:\/\/martingagnon.net\/collection\/?page_id=730"},"modified":"2025-06-13T01:15:45","modified_gmt":"2025-06-13T00:15:45","slug":"dr-leo-lorrain","status":"publish","type":"page","link":"https:\/\/martingagnon.net\/collection\/dr-leo-lorrain\/","title":{"rendered":"Dr. L\u00e9o Lorrain"},"content":{"rendered":"<div class=\"groupe\">\n<h3 class=\"sous_titre\">Produits v\u00e9t\u00e9rinaires<\/h3>\n<div class=\"bloc_wrapper\">\n<div class=\"bouteille modele_1_vertical gauche\">\n<div class=\"titre_bouteille\">Dr. L\u00e9o Lorrain &#8211; Fondant<\/div>\n<p><img decoding=\"async\" src=\"..\/images\/lorrain_fondant.JPG\" width=\"426\"><\/p>\n<\/div>\n<div class=\"bouteille modele_1_vertical droite\">\n<div class=\"titre_bouteille\">Dr. L\u00e9o Lorrain &#8211; Poudre cicatrisante<\/div>\n<p><img decoding=\"async\" src=\"..\/images\/37836620404_decf19761e_z.jpg\" width=\"426\"><\/p>\n<\/div>\n<p><br style=\"clear:both;\"><\/p>\n<\/div>\n<div class=\"bloc_wrapper\">\n<div class=\"bouteille modele_2_horizontal gauche\">\n<div class=\"titre_bouteille pleine_largeur\">Dr. L\u00e9o Lorrain &#8211; Onguent de pieds<\/div>\n<p><img decoding=\"async\" src=\"..\/images\/30340016138_4d0ef163ec_b.jpg\" width=\"881px\"><\/p>\n<\/div>\n<p><br style=\"clear:both;\"><\/p>\n<\/div>\n<div class=\"bloc_wrapper\">\n<div class=\"bouteille modele_1_vertical gauche\">\n<div class=\"titre_bouteille\">Dr. L\u00e9o Lorrain &#8211; Elixir<\/div>\n<p><img decoding=\"async\" src=\"..\/images\/39226178764_f3e9a2a01a_z.jpg\" width=\"426\"><\/p>\n<\/div>\n<div class=\"bouteille modele_1_vertical droite\">\n<div class=\"titre_bouteille\">Dr. L\u00e9o Lorrain &#8211; Diarid<\/div>\n<p><img decoding=\"async\" src=\"..\/images\/30340012888_02075b0e84_z.jpg\" width=\"426\"><\/p>\n<\/div>\n<p><br style=\"clear:both;\"><\/p>\n<\/div>\n<div class=\"bloc_wrapper\">\n<div class=\"bouteille modele_1_vertical gauche\">\n<div class=\"titre_bouteille\">Dr. L\u00e9o Lorrain &#8211; Stock Spray<\/div>\n<p><img decoding=\"async\" src=\"..\/images\/43489785014_d7754d0142_z.jpg\" width=\"426\"><\/p>\n<\/div>\n<div class=\"bouteille modele_1_vertical droite\">\n<div class=\"titre_bouteille\">Dr. L\u00e9o Lorrain &#8211; Larvine<\/div>\n<p><img decoding=\"async\" src=\"..\/images\/30340017658_7f96f564de_z.jpg\" width=\"426\"><\/p>\n<\/div>\n<p><br style=\"clear:both;\"><\/p>\n<\/div>\n<div class=\"bloc_wrapper\">\n<div class=\"bouteille modele_1_vertical gauche\">\n<div class=\"titre_bouteille\">Dr. L\u00e9o Lorrain &#8211; Protectol<\/div>\n<p><img decoding=\"async\" src=\"..\/images\/44207641681_ab3165e7b3_z.jpg\" width=\"426\"><\/p>\n<\/div>\n<div class=\"bouteille modele_1_vertical droite\">\n<div class=\"titre_bouteille\">Dr. L\u00e9o Lorrain &#8211; App\u00e2t \u00e0 mouches<\/div>\n<p><img decoding=\"async\" src=\"..\/images\/lorrain_mouche.jpg\" width=\"426\"><\/p>\n<\/div>\n<p><br style=\"clear:both;\"><\/p>\n<\/div>\n<div class=\"bloc_wrapper\">\n<div class=\"bouteille modele_1_vertical gauche\">\n<div class=\"titre_bouteille\">Dr. L\u00e9o Lorrain &#8211; Iode forte<\/div>\n<p><img decoding=\"async\" src=\"..\/images\/lorrain_iode.JPG\" width=\"426\"><\/p>\n<\/div>\n<div class=\"bouteille modele_1_vertical droite\">\n<div class=\"titre_bouteille\">Dr. L\u00e9o Lorrain &#8211; Repellex<\/div>\n<p><img decoding=\"async\" src=\"..\/images\/lorrain_repellex.JPG\" width=\"426\"><\/p>\n<\/div>\n<p><br style=\"clear:both;\"><\/p>\n<\/div>\n<div class=\"bloc_wrapper\">\n<div class=\"bouteille modele_1_vertical gauche\">\n<div class=\"titre_bouteille\">Dr. L\u00e9o Lorrain &#8211; Rodenex<\/div>\n<p><img decoding=\"async\" src=\"..\/images\/drlorrain_rodenex.jpg\" width=\"426\"><\/p>\n<\/div>\n<div class=\"bouteille modele_1_vertical droite\">\n<div class=\"titre_bouteille\">Dr. L\u00e9o Lorrain &#8211; Cre-O-Lex<\/div>\n<p><img decoding=\"async\" src=\"..\/images\/lorrain_cre-o-lex.JPG\" width=\"426\"><\/p>\n<\/div>\n<p><br style=\"clear:both;\"><\/p>\n<\/div>\n<div class=\"bloc_wrapper\">\n<div class=\"bouteille modele_1_vertical gauche\">\n<div class=\"titre_bouteille\">Dr. L\u00e9o Lorrain &#8211; Pulmonol<\/div>\n<p><img decoding=\"async\" src=\"..\/images\/leolorrain_pulmonol.jpg\" width=\"426\"><\/p>\n<\/div>\n<p><br style=\"clear:both;\"><\/p>\n<\/div>\n<\/div>\n<div class=\"groupe\">\n<h3 class=\"sous_titre\">Objets publicitaires<\/h3>\n<div class=\"bloc_wrapper\">\n<div class=\"bouteille modele_2_horizontal gauche\">\n<div class=\"titre_bouteille pleine_largeur\">Dr. L\u00e9o Lorrain &#8211; Enseigne de t\u00f4le<\/div>\n<p><img decoding=\"async\" src=\"..\/images\/leo_lorrain_pancarte.jpg\" width=\"881px\"><\/p>\n<\/div>\n<p><br style=\"clear:both;\"><\/p>\n<\/div>\n<\/div>\n<div class=\"groupe\">\n<h3 class=\"sous_titre\">Manuels<\/h3>\n<div class=\"bloc_wrapper\">\n<div class=\"bouteille modele_1_vertical gauche\">\n<div class=\"titre_bouteille\">Dr. L\u00e9o Lorrain &#8211; Manuel v\u00e9t\u00e9rinaire<\/div>\n<p><img decoding=\"async\" src=\"..\/images\/38496690746_55e21e16a1_z.jpg\" width=\"426\"><\/p>\n<\/div>\n<div class=\"bouteille modele_1_vertical droite\">\n<div class=\"titre_bouteille\">Dr. L\u00e9o Lorrain &#8211; Manuel V\u00e9t\u00e9rinaire<\/div>\n<p><img decoding=\"async\" src=\"..\/images\/lorrain_manuel_vete.jpg\" width=\"426\"><\/p>\n<\/div>\n<p><br style=\"clear:both;\"><\/p>\n<\/div>\n<div class=\"bloc_wrapper\">\n<div class=\"bouteille modele_1_vertical gauche\">\n<div class=\"titre_bouteille\">Dr. L\u00e9o Lorrain &#8211; Manuel v\u00e9t\u00e9rinaire<\/div>\n<p><img decoding=\"async\" src=\"..\/images\/lorrain_manuel_2.JPG\" width=\"426\"><\/p>\n<\/div>\n<p><br style=\"clear:both;\"><\/p>\n<\/div>\n<\/div>\n","protected":false},"excerpt":{"rendered":"<p>Produits v\u00e9t\u00e9rinaires Dr. L\u00e9o Lorrain &#8211; Fondant Dr. L\u00e9o Lorrain &#8211; Poudre cicatrisante Dr. L\u00e9o Lorrain &#8211; Onguent de pieds Dr. L\u00e9o Lorrain &#8211; Elixir Dr. L\u00e9o Lorrain &#8211; Diarid Dr. L\u00e9o Lorrain &#8211; Stock Spray Dr. L\u00e9o Lorrain &#8211; Larvine Dr. L\u00e9o Lorrain &#8211; Protectol Dr. L\u00e9o Lorrain &#8211; App\u00e2t \u00e0 mouches Dr. L\u00e9o [&hellip;]<\/p>\n","protected":false},"author":1,"featured_media":0,"parent":0,"menu_order":0,"comment_status":"closed","ping_status":"closed","template":"","meta":{"footnotes":""},"class_list":["post-730","page","type-page","status-publish","hentry"],"_links":{"self":[{"href":"https:\/\/martingagnon.net\/collection\/wp-json\/wp\/v2\/pages\/730","targetHints":{"allow":["GET"]}}],"collection":[{"href":"https:\/\/martingagnon.net\/collection\/wp-json\/wp\/v2\/pages"}],"about":[{"href":"https:\/\/martingagnon.net\/collection\/wp-json\/wp\/v2\/types\/page"}],"author":[{"embeddable":true,"href":"https:\/\/martingagnon.net\/collection\/wp-json\/wp\/v2\/users\/1"}],"replies":[{"embeddable":true,"href":"https:\/\/martingagnon.net\/collection\/wp-json\/wp\/v2\/comments?post=730"}],"version-history":[{"count":6,"href":"https:\/\/martingagnon.net\/collection\/wp-json\/wp\/v2\/pages\/730\/revisions"}],"predecessor-version":[{"id":1766,"href":"https:\/\/martingagnon.net\/collection\/wp-json\/wp\/v2\/pages\/730\/revisions\/1766"}],"wp:attachment":[{"href":"https:\/\/martingagnon.net\/collection\/wp-json\/wp\/v2\/media?parent=730"}],"curies":[{"name":"wp","href":"https:\/\/api.w.org\/{rel}","templated":true}]}}