{"id":739,"date":"2021-10-31T18:06:46","date_gmt":"2021-10-31T17:06:46","guid":{"rendered":"https:\/\/martingagnon.net\/collection\/?page_id=739"},"modified":"2025-06-29T19:45:50","modified_gmt":"2025-06-29T18:45:50","slug":"produits-gardo","status":"publish","type":"page","link":"https:\/\/martingagnon.net\/collection\/produits-gardo\/","title":{"rendered":"Produits Gardo"},"content":{"rendered":"<div class=\"groupe\">\n<h3 class=\"sous_titre\">Produits v\u00e9t\u00e9rinaires<\/h3>\n<div class=\"bloc_wrapper\">\n<div class=\"bouteille modele_1_vertical gauche\">\n<div class=\"titre_bouteille\">Produits Gardo &#8211; No. 163 Poudre vermifuge<\/div>\n<p><img decoding=\"async\" src=\"..\/images\/26064319318_e8d9f4f609_z.jpg\" width=\"426\"><\/p>\n<\/div>\n<div class=\"bouteille modele_1_vertical droite\">\n<div class=\"titre_bouteille\">Produits Gardo &#8211; No. 2 Kurine<\/div>\n<p><img decoding=\"async\" src=\"..\/images\/gardo_2.jpg\" width=\"426\"><\/p>\n<\/div>\n<p><br style=\"clear:both;\"><\/p>\n<\/div>\n<div class=\"bloc_wrapper\">\n<div class=\"bouteille modele_1_vertical gauche\">\n<div class=\"titre_bouteille\">Produits Gardo &#8211; Poudre \u00e0 poux<\/div>\n<p><img decoding=\"async\" src=\"..\/images\/30340011248_f6af50c42d_z.jpg\" width=\"426\"><\/p>\n<\/div>\n<div class=\"bouteille modele_1_vertical droite\">\n<div class=\"titre_bouteille\">Produits Gardo &#8211; Anti Colic<\/div>\n<p><img decoding=\"async\" src=\"..\/images\/gardo_anti-colic.jpg\" width=\"426\"><\/p>\n<\/div>\n<p><br style=\"clear:both;\"><\/p>\n<\/div>\n<div class=\"bloc_wrapper\">\n<div class=\"bouteille modele_1_vertical gauche\">\n<div class=\"titre_bouteille\">Produits Gardo &#8211; Anti-pick<\/div>\n<p><img decoding=\"async\" src=\"..\/images\/gardo_anti-pick.jpg\" width=\"426\"><\/p>\n<\/div>\n<div class=\"bouteille modele_1_vertical droite\">\n<div class=\"titre_bouteille\">Produits Gardo &#8211; Teinture d&rsquo;iode<\/div>\n<p><img decoding=\"async\" src=\"..\/images\/gardo_iode.jpg\" width=\"426\"><\/p>\n<\/div>\n<p><br style=\"clear:both;\"><\/p>\n<\/div>\n<\/div>\n<div class=\"groupe\">\n<h3 class=\"sous_titre\">Objets publicitaires<\/h3>\n<div class=\"bloc_wrapper\">\n<div class=\"bouteille modele_2_horizontal gauche\">\n<div class=\"titre_bouteille pleine_largeur\">Produits Gardo &#8211; Enseigne<\/div>\n<div class=\"modele_2\"><img decoding=\"async\" src=\"..\/images\/gardo_dealer_sign.jpg\" width=\"881px\"><\/div>\n<\/div>\n<p><br style=\"clear:both;\"><\/p>\n<\/div>\n<\/div>\n<div class=\"groupe\">\n<h3 class=\"sous_titre\">Vieux papiers<\/h3>\n<div class=\"bloc_wrapper\">\n<div class=\"bouteille modele_2_horizontal gauche\">\n<div class=\"titre_bouteille pleine_largeur\">Produits Gardo &#8211; Enveloppe<\/div>\n<div class=\"modele_2_crop_buvard\"><img decoding=\"async\" src=\"..\/images\/gardo_enveloppe.JPG\" width=\"881px\"><\/div>\n<\/div>\n<p><br style=\"clear:both;\"><\/p>\n<\/div>\n<div class=\"bloc_wrapper\">\n<div class=\"bouteille modele_1_vertical gauche\">\n<div class=\"titre_bouteille\">Produits Gardo &#8211; D\u00e9pliant Guide V\u00e9t\u00e9rinaire<\/div>\n<p><img decoding=\"async\" src=\"..\/images\/gardo_guide_veterinaire.JPG\" width=\"426\"><\/p>\n<\/div>\n<div class=\"bouteille modele_1_vertical droite\">\n<div class=\"titre_bouteille\">Produits Gardo &#8211; Bon de commande<\/div>\n<p><img decoding=\"async\" src=\"..\/images\/gardo_bon_commande.JPG\" width=\"426\"><\/p>\n<\/div>\n<p><br style=\"clear:both;\"><\/p>\n<\/div>\n<div class=\"bloc_wrapper\">\n<div class=\"bouteille modele_1_vertical gauche\">\n<div class=\"titre_bouteille\">Produits Gardo &#8211; Le manuel Gardo<\/div>\n<p><img decoding=\"async\" src=\"..\/images\/gardo_manuel.jpg\" width=\"426\"><\/p>\n<\/div>\n<p><br style=\"clear:both;\"><\/p>\n<\/div>\n<\/div>\n","protected":false},"excerpt":{"rendered":"<p>Produits v\u00e9t\u00e9rinaires Produits Gardo &#8211; No. 163 Poudre vermifuge Produits Gardo &#8211; No. 2 Kurine Produits Gardo &#8211; Poudre \u00e0 poux Produits Gardo &#8211; Anti Colic Produits Gardo &#8211; Anti-pick Produits Gardo &#8211; Teinture d&rsquo;iode Objets publicitaires Produits Gardo &#8211; Enseigne Vieux papiers Produits Gardo &#8211; Enveloppe Produits Gardo &#8211; D\u00e9pliant Guide V\u00e9t\u00e9rinaire Produits Gardo [&hellip;]<\/p>\n","protected":false},"author":1,"featured_media":0,"parent":0,"menu_order":0,"comment_status":"closed","ping_status":"closed","template":"","meta":{"footnotes":""},"class_list":["post-739","page","type-page","status-publish","hentry"],"_links":{"self":[{"href":"https:\/\/martingagnon.net\/collection\/wp-json\/wp\/v2\/pages\/739","targetHints":{"allow":["GET"]}}],"collection":[{"href":"https:\/\/martingagnon.net\/collection\/wp-json\/wp\/v2\/pages"}],"about":[{"href":"https:\/\/martingagnon.net\/collection\/wp-json\/wp\/v2\/types\/page"}],"author":[{"embeddable":true,"href":"https:\/\/martingagnon.net\/collection\/wp-json\/wp\/v2\/users\/1"}],"replies":[{"embeddable":true,"href":"https:\/\/martingagnon.net\/collection\/wp-json\/wp\/v2\/comments?post=739"}],"version-history":[{"count":6,"href":"https:\/\/martingagnon.net\/collection\/wp-json\/wp\/v2\/pages\/739\/revisions"}],"predecessor-version":[{"id":1834,"href":"https:\/\/martingagnon.net\/collection\/wp-json\/wp\/v2\/pages\/739\/revisions\/1834"}],"wp:attachment":[{"href":"https:\/\/martingagnon.net\/collection\/wp-json\/wp\/v2\/media?parent=739"}],"curies":[{"name":"wp","href":"https:\/\/api.w.org\/{rel}","templated":true}]}}