{"id":776,"date":"2021-10-31T20:39:12","date_gmt":"2021-10-31T19:39:12","guid":{"rendered":"https:\/\/martingagnon.net\/collection\/?page_id=776"},"modified":"2025-06-30T00:25:00","modified_gmt":"2025-06-29T23:25:00","slug":"autres-produits-utilitaires","status":"publish","type":"page","link":"https:\/\/martingagnon.net\/collection\/autres-produits-utilitaires\/","title":{"rendered":"Autres produits utilitaires"},"content":{"rendered":"<div class=\"groupe\">\n<h3 class=\"sous_titre\">TEINTURE<\/h3>\n<div class=\"bloc_wrapper\">\n<div class=\"bouteille modele_2_horizontal gauche\">\n<div class=\"titre_bouteille pleine_largeur\">Carpenter Morton Co \u2013 Colorite<\/div>\n<div class=\"modele_2_crop\"><img decoding=\"async\" src=\"..\/images\/19668898283_c6a9d37259_z.jpg\" width=\"881px\" style=\"margin:-150px 0 0 0\"><\/div>\n<\/div>\n<p><br style=\"clear:both;\"><\/p>\n<\/div>\n<div class=\"bloc_wrapper\">\n<div class=\"bouteille modele_1_vertical gauche\">\n<div class=\"titre_bouteille\">Dy-o-la \u2013 Dy-o-la Straw Hat Color<\/div>\n<p><img decoding=\"async\" src=\"..\/images\/18439641593_0fbd909775_z.jpg\" width=\"426\"><\/p>\n<\/div>\n<div class=\"bouteille modele_1_vertical droite\">\n<div class=\"titre_bouteille\">Laboratoires L. Krall &#8211; Microcolor<\/div>\n<p><img decoding=\"async\" src=\"..\/images\/laboratoires_l_krall_microcolor.JPG\" width=\"426\"><\/p>\n<\/div>\n<p><br style=\"clear:both;\"><\/p>\n<\/div>\n<div class=\"bloc_wrapper\">\n<div class=\"bouteille modele_1_vertical gauche\">\n<div class=\"titre_bouteille\">La Cie Techno-Chimique Mass\u00e9  \u2013 Zesto Straw Hat Dye<\/div>\n<p><img decoding=\"async\" src=\"..\/images\/zesto_straw_hat.jpg\" width=\"426\"><\/p>\n<\/div>\n<p><br style=\"clear:both;\"><\/p>\n<\/div>\n<\/div>\n<div class=\"groupe\">\n<h3 class=\"sous_titre\">PRODUITS PHOTOGRAPHIQUES<\/h3>\n<div class=\"bloc_wrapper\">\n<div class=\"bouteille modele_2_horizontal gauche\">\n<div class=\"titre_bouteille pleine_largeur\">Soehn\u00e9e Fr\u00e8res \u2013 Vernis photographique<\/div>\n<div class=\"modele_2_crop\"><img decoding=\"async\" src=\"..\/images\/19446232134_ff090de893_z.jpg\" width=\"881px\" style=\"margin:-100px 0 0 0\"><\/div>\n<\/div>\n<p><br style=\"clear:both;\"><\/p>\n<\/div>\n<div class=\"bloc_wrapper\">\n<div class=\"bouteille modele_1_vertical gauche\">\n<div class=\"titre_bouteille\">Canadian Kodak Co.<\/div>\n<p><img decoding=\"async\" src=\"..\/images\/20094063181_ccfc50b01a_z.jpg\" width=\"426\"><\/p>\n<\/div>\n<p><br style=\"clear:both;\"><\/p>\n<\/div>\n<\/div>\n<div class=\"groupe\">\n<h3 class=\"sous_titre\">PRODUITS DENTAIRES<\/h3>\n<div class=\"bloc_wrapper\">\n<div class=\"bouteille modele_1_vertical gauche\">\n<div class=\"titre_bouteille\">Weston&rsquo;s Insoluble Cement<\/div>\n<p><img decoding=\"async\" src=\"..\/images\/weston_cement1.jpg\" width=\"426\"><\/p>\n<\/div>\n<div class=\"bouteille modele_1_vertical droite\">\n<div class=\"titre_bouteille\">Weston&rsquo;s Insoluble Cement<\/div>\n<p><img decoding=\"async\" src=\"..\/images\/weston_cement2.jpg\" width=\"426\"><\/p>\n<\/div>\n<p><br style=\"clear:both;\"><\/p>\n<\/div>\n<div class=\"bloc_wrapper\">\n<div class=\"bouteille modele_1_vertical gauche\">\n<div class=\"titre_bouteille\">Caulk&rsquo;s Accurate Metalloy<\/div>\n<p><img decoding=\"async\" src=\"..\/images\/caulks_accurate_metalloy.jpg\" width=\"426\"><\/p>\n<\/div>\n<div class=\"bouteille modele_1_vertical droite\">\n<div class=\"titre_bouteille\">S.S. White True Dentalloy<\/div>\n<p><img decoding=\"async\" src=\"..\/images\/sswhite_true_dentalloy.jpg\" width=\"426\"><\/p>\n<\/div>\n<p><br style=\"clear:both;\"><\/p>\n<\/div>\n<div class=\"bloc_wrapper\">\n<div class=\"bouteille modele_1_vertical gauche\">\n<div class=\"titre_bouteille\">Sozodont For The Teeth And Breath<\/div>\n<p><img decoding=\"async\" src=\"..\/images\/sozodont_sample.jpg\" width=\"426\"><\/p>\n<\/div>\n<div class=\"bouteille modele_1_vertical droite\">\n<div class=\"titre_bouteille\">E.W. Hoyt &amp; Co. &#8211; Rubifoam<\/div>\n<p><img decoding=\"async\" src=\"..\/images\/hoyt_rubifoam.jpg\" width=\"426\"><\/p>\n<\/div>\n<p><br style=\"clear:both;\"><\/p>\n<\/div>\n<div class=\"bloc_wrapper\">\n<div class=\"bouteille modele_1_vertical gauche\">\n<div class=\"titre_bouteille\">Dentifrice de Botot<\/div>\n<p><img decoding=\"async\" src=\"..\/images\/botot_dentifrice.jpg\" width=\"426\"><\/p>\n<\/div>\n<div class=\"bouteille modele_1_vertical droite\">\n<div class=\"titre_bouteille\">Astringosol<\/div>\n<p><img decoding=\"async\" src=\"..\/images\/astringosol.jpg\" width=\"426\"><\/p>\n<\/div>\n<p><br style=\"clear:both;\"><\/p>\n<\/div>\n<div class=\"bloc_wrapper\">\n<div class=\"bouteille modele_1_vertical gauche\">\n<div class=\"titre_bouteille\">block Drug Co &#8211; Jiffy Tootache Drops<\/div>\n<p><img decoding=\"async\" src=\"..\/images\/jiffy_tootache.jpg\" width=\"426\"><\/p>\n<\/div>\n<p><br style=\"clear:both;\"><\/p>\n<\/div>\n<\/div>\n<div class=\"groupe\">\n<h3 class=\"sous_titre\">AUTRES<\/h3>\n<div class=\"bloc_wrapper\">\n<div class=\"bouteille modele_1_vertical gauche\">\n<div class=\"titre_bouteille\">Paul Gagn\u00e9 Art&amp;Photo &#8211; T\u00e9r\u00e9benthine<\/div>\n<p><img decoding=\"async\" src=\"..\/images\/33537855126_2b39b08f4b_z.jpg\" width=\"426\"><\/p>\n<\/div>\n<div class=\"bouteille modele_1_vertical droite\">\n<div class=\"titre_bouteille\">M.&amp;M. Co. &#8211; Vulcanizing Solution<\/div>\n<p><img decoding=\"async\" src=\"..\/images\/mm_mfg_co_vulcanizing_solution.jpg\" width=\"426\"><\/p>\n<\/div>\n<p><br style=\"clear:both;\"><\/p>\n<\/div>\n<div class=\"bloc_wrapper\">\n<div class=\"bouteille modele_1_vertical gauche\">\n<div class=\"titre_bouteille\">Duroziez &#8211; Siccatif de Harlem<\/div>\n<p><img decoding=\"async\" src=\"..\/images\/duroziez_siccatif_de_harlem.jpg\" width=\"426\"><\/p>\n<\/div>\n<div class=\"bouteille modele_1_vertical droite\">\n<div class=\"titre_bouteille\">Louis B\u00e9rub\u00e9 &#8211; Purificateur d&rsquo;air B\u00e9rub\u00e9<\/div>\n<p><img decoding=\"async\" src=\"..\/images\/berube_purificateur_dair.jpg\" width=\"426\"><\/p>\n<\/div>\n<p><br style=\"clear:both;\"><\/p>\n<\/div>\n<\/div>\n","protected":false},"excerpt":{"rendered":"<p>TEINTURE Carpenter Morton Co \u2013 Colorite Dy-o-la \u2013 Dy-o-la Straw Hat Color Laboratoires L. Krall &#8211; Microcolor La Cie Techno-Chimique Mass\u00e9 \u2013 Zesto Straw Hat Dye PRODUITS PHOTOGRAPHIQUES Soehn\u00e9e Fr\u00e8res \u2013 Vernis photographique Canadian Kodak Co. PRODUITS DENTAIRES Weston&rsquo;s Insoluble Cement Weston&rsquo;s Insoluble Cement Caulk&rsquo;s Accurate Metalloy S.S. White True Dentalloy Sozodont For The Teeth [&hellip;]<\/p>\n","protected":false},"author":1,"featured_media":0,"parent":0,"menu_order":0,"comment_status":"closed","ping_status":"closed","template":"","meta":{"footnotes":""},"class_list":["post-776","page","type-page","status-publish","hentry"],"_links":{"self":[{"href":"https:\/\/martingagnon.net\/collection\/wp-json\/wp\/v2\/pages\/776","targetHints":{"allow":["GET"]}}],"collection":[{"href":"https:\/\/martingagnon.net\/collection\/wp-json\/wp\/v2\/pages"}],"about":[{"href":"https:\/\/martingagnon.net\/collection\/wp-json\/wp\/v2\/types\/page"}],"author":[{"embeddable":true,"href":"https:\/\/martingagnon.net\/collection\/wp-json\/wp\/v2\/users\/1"}],"replies":[{"embeddable":true,"href":"https:\/\/martingagnon.net\/collection\/wp-json\/wp\/v2\/comments?post=776"}],"version-history":[{"count":13,"href":"https:\/\/martingagnon.net\/collection\/wp-json\/wp\/v2\/pages\/776\/revisions"}],"predecessor-version":[{"id":1856,"href":"https:\/\/martingagnon.net\/collection\/wp-json\/wp\/v2\/pages\/776\/revisions\/1856"}],"wp:attachment":[{"href":"https:\/\/martingagnon.net\/collection\/wp-json\/wp\/v2\/media?parent=776"}],"curies":[{"name":"wp","href":"https:\/\/api.w.org\/{rel}","templated":true}]}}