{"id":8,"date":"2016-06-18T05:27:40","date_gmt":"2016-06-18T04:27:40","guid":{"rendered":"http:\/\/martingagnon.net\/collection\/?page_id=8"},"modified":"2025-11-25T04:29:47","modified_gmt":"2025-11-25T03:29:47","slug":"les-remedes-faguet","status":"publish","type":"page","link":"https:\/\/martingagnon.net\/collection\/les-remedes-faguet\/","title":{"rendered":"Les Rem\u00e8des Faguet"},"content":{"rendered":"<div class=\"groupe\">\n<h3 class=\"sous_titre\">Rem\u00e8des et m\u00e9dicaments<\/h3>\n<div class=\"bloc_wrapper\">\n<div class=\"bouteille modele_1_vertical gauche\">\n<div class=\"titre_bouteille\">Soufre pur sublime<\/div>\n<p><img decoding=\"async\" src=\"..\/images\/19063639221_8ee635deac_z.jpg\" width=\"426\"><\/p>\n<\/div>\n<div class=\"bouteille modele_1_vertical droite\">\n<div class=\"titre_bouteille\">Vin \u00c9lixir Tonique Hemogenol Faguet<\/div>\n<p><img decoding=\"async\" src=\"..\/images\/faguet_hemogenol_vin.jpg\" width=\"426\"><\/p>\n<\/div>\n<p><br style=\"clear:both;\"><\/p>\n<\/div>\n<div class=\"bloc_wrapper\">\n<div class=\"bouteille modele_1_vertical gauche\">\n<div class=\"titre_bouteille\">Extrait de foie de morue<\/div>\n<p><img decoding=\"async\" src=\"..\/images\/19034209156_571bb85813_z.jpg\" width=\"426\"><\/p>\n<\/div>\n<div class=\"bouteille modele_1_vertical droite\">\n<div class=\"titre_bouteille\">Pastilles antiseptiques<\/div>\n<p><img decoding=\"async\" src=\"..\/images\/18874277289_2889979ba4_z.jpg\" width=\"426\"><\/p>\n<\/div>\n<p><br style=\"clear:both;\"><\/p>\n<\/div>\n<div class=\"bloc_wrapper\">\n<div class=\"bouteille modele_1_vertical gauche\">\n<div class=\"titre_bouteille\">Teinture d&rsquo;iode<\/div>\n<p><img decoding=\"async\" src=\"..\/images\/29738559514_63cb5512d0_z.jpg\" width=\"426\"><\/p>\n<\/div>\n<div class=\"bouteille modele_1_vertical droite\">\n<div class=\"titre_bouteille\">Bo\u00eetes Nevralgol<\/div>\n<p><img decoding=\"async\" src=\"..\/images\/30075364300_4ec520f078_z.jpg\" width=\"426\"><\/p>\n<\/div>\n<p><br style=\"clear:both;\"><\/p>\n<\/div>\n<div class=\"bloc_wrapper\">\n<div class=\"bouteille modele_1_vertical gauche\">\n<div class=\"titre_bouteille\">Teinture d&rsquo;iode<\/div>\n<p><img decoding=\"async\" src=\"..\/images\/31331756864_5d950064f6_z.jpg\" width=\"426\"><\/p>\n<\/div>\n<div class=\"bouteille modele_1_vertical droite\">\n<div class=\"titre_bouteille\">Onguent Lamontagne<\/div>\n<p><img decoding=\"async\" src=\"..\/images\/33449352421_066c3d6d7e_z.jpg\" width=\"426\"><\/p>\n<\/div>\n<p><br style=\"clear:both;\"><\/p>\n<\/div>\n<div class=\"bloc_wrapper\">\n<div class=\"bouteille modele_1_vertical gauche\">\n<div class=\"titre_bouteille\">Onguent gris<\/div>\n<p><img decoding=\"async\" src=\"..\/images\/37370291962_d4bfcd5c8e_z.jpg\" width=\"426\"><\/p>\n<\/div>\n<div class=\"bouteille modele_1_vertical droite\">\n<div class=\"titre_bouteille\">Onguent Healing<\/div>\n<p><img decoding=\"async\" src=\"..\/images\/37370296252_bc682eb3da_z.jpg\" width=\"426\"><\/p>\n<\/div>\n<p><br style=\"clear:both;\"><\/p>\n<\/div>\n<div class=\"bloc_wrapper\">\n<div class=\"bouteille modele_1_vertical gauche\">\n<div class=\"titre_bouteille\">Huile de foie de morue<\/div>\n<p><img decoding=\"async\" src=\"..\/images\/36394712875_c70b45711a_z.jpg\" width=\"426\"><\/p>\n<\/div>\n<div class=\"bouteille modele_1_vertical droite\">\n<div class=\"titre_bouteille\">Sirop de pin blanc compos\u00e9<\/div>\n<p><img decoding=\"async\" src=\"..\/images\/38848146544_db84c4f385_z.jpg\" width=\"426\"><\/p>\n<\/div>\n<p><br style=\"clear:both;\"><\/p>\n<\/div>\n<div class=\"bloc_wrapper\">\n<div class=\"bouteille modele_1_vertical gauche\">\n<div class=\"titre_bouteille\">Elixir Hemogenol Faguet<\/div>\n<p><img decoding=\"async\" src=\"..\/images\/faguet_hemogenol2.jpg\" width=\"426\"><\/p>\n<\/div>\n<div class=\"bouteille modele_1_vertical droite\">\n<div class=\"titre_bouteille\">Elixir Hemogenol Faguet<\/div>\n<p><img decoding=\"async\" src=\"..\/images\/faguet_hemogenol_sherb.jpg\" width=\"426\"><\/p>\n<\/div>\n<p><br style=\"clear:both;\"><\/p>\n<\/div>\n<\/div>\n<div class=\"groupe\">\n<h3 class=\"sous_titre\">Pr\u00e9sentoirs et publicit\u00e9s<\/h3>\n<div class=\"bloc_wrapper\">\n<div class=\"bouteille modele_1_vertical gauche\">\n<div class=\"titre_bouteille\">Pr\u00e9sentoir de comptoir Onguent Lamontagne<\/div>\n<p><img decoding=\"async\" src=\"..\/images\/faguet_lamontagne_display_full.jpg\" width=\"426\"><\/p>\n<\/div>\n<div class=\"bouteille modele_1_vertical droite\">\n<div class=\"titre_bouteille\">Pr\u00e9sentoir de comptoir Onguent Lamontagne<\/div>\n<p><img decoding=\"async\" src=\"..\/images\/faguet_ointment_display.jpg\" width=\"426\"><\/p>\n<\/div>\n<p><br style=\"clear:both;\"><\/p>\n<\/div>\n<div class=\"bloc_wrapper\">\n<div class=\"bouteille modele_1_vertical gauche\">\n<div class=\"titre_bouteille\">Pr\u00e9sentoir Nevralgol<\/div>\n<p><img decoding=\"async\" src=\"..\/images\/18872759438_468469de03_z.jpg\" width=\"426\"><\/p>\n<\/div>\n<p><br style=\"clear:both;\"><\/p>\n<\/div>\n<div class=\"bloc_wrapper\">\n<div class=\"bouteille modele_2_horizontal gauche\">\n<div class=\"titre_bouteille pleine_largeur\">Annonce Elixir H\u00e9mog\u00e9nol<\/div>\n<p><img decoding=\"async\" src=\"..\/images\/faguet_elixir_hemogenol_annonce.jpg\" width=\"881px\"><\/p>\n<\/div>\n<p><br style=\"clear:both;\"><\/p>\n<\/div>\n<\/div>\n<div class=\"groupe\">\n<h3 class=\"sous_titre\">BLOCS D&rsquo;IMPRESSION<\/h3>\n<div class=\"bloc_wrapper\">\n<div class=\"bouteille modele_2_horizontal gauche\">\n<div class=\"titre_bouteille pleine_largeur\">Les Rem\u00e8des Faguet<\/div>\n<div class=\"modele_2_crop\" style=\"height:200px\"><img decoding=\"async\" src=\"..\/images\/31099599565_066afb525e_z.jpg\" width=\"881px\" style=\"margin:-200px 0 0 0\"><\/div>\n<\/div>\n<p><br style=\"clear:both;\"><\/p>\n<\/div>\n<div class=\"bloc_wrapper\">\n<div class=\"bouteille modele_2_horizontal gauche\">\n<div class=\"titre_bouteille pleine_largeur\">Rem\u00e8des<\/div>\n<p><img decoding=\"async\" src=\"..\/images\/30957336722_89e2dd0a5a_b.jpg\" width=\"881px\"><\/p>\n<\/div>\n<p><br style=\"clear:both;\"><\/p>\n<\/div>\n<div class=\"bloc_wrapper\">\n<div class=\"bouteille modele_2_horizontal gauche\">\n<div class=\"titre_bouteille pleine_largeur\">Les Rem\u00e8des Faguet<\/div>\n<div class=\"modele_2_crop\" style=\"height:350px\"><img decoding=\"async\" src=\"..\/images\/30291170344_cc4742cc7a_b.jpg\" width=\"881px\" style=\"margin:-110px 0 0 0\"><\/div>\n<\/div>\n<p><br style=\"clear:both;\"><\/p>\n<\/div>\n<div class=\"bloc_wrapper\">\n<div class=\"bouteille modele_1_vertical gauche\">\n<div class=\"titre_bouteille\">Faguet<\/div>\n<p><img decoding=\"async\" src=\"..\/images\/30957395642_2709847a26_z.jpg\" width=\"426\"><\/p>\n<\/div>\n<div class=\"bouteille modele_1_vertical droite\">\n<div class=\"titre_bouteille\">Hemogenol<\/div>\n<p><img decoding=\"async\" src=\"..\/images\/30293006443_203c427f5e_z.jpg\" width=\"426\"><\/p>\n<\/div>\n<p><br style=\"clear:both;\"><\/p>\n<\/div>\n<div class=\"bloc_wrapper\">\n<div class=\"bouteille modele_1_vertical gauche\">\n<div class=\"titre_bouteille\">Elixir Hemogenol<\/div>\n<p><img decoding=\"async\" src=\"..\/images\/30291179714_dc5c4f8e5e_z.jpg\" width=\"426\"><\/p>\n<\/div>\n<div class=\"bouteille modele_1_vertical droite\">\n<div class=\"titre_bouteille\">Elixir Hemogenol<\/div>\n<p><img decoding=\"async\" src=\"..\/images\/31099589035_01f7448bcf_z.jpg\" width=\"426\"><\/p>\n<\/div>\n<p><br style=\"clear:both;\"><\/p>\n<\/div>\n<div class=\"bloc_wrapper\">\n<div class=\"bouteille modele_1_vertical gauche\">\n<div class=\"titre_bouteille\">Hemogenol<\/div>\n<p><img decoding=\"async\" src=\"..\/images\/30291134184_5c067ba02d_z.jpg\" width=\"426\"><\/p>\n<\/div>\n<div class=\"bouteille modele_1_vertical droite\">\n<div class=\"titre_bouteille\">Hemogenol Pills<\/div>\n<p><img decoding=\"async\" src=\"..\/images\/30293032673_b3773b4ca0_z.jpg\" width=\"426\"><\/p>\n<\/div>\n<p><br style=\"clear:both;\"><\/p>\n<\/div>\n<div class=\"bloc_wrapper\">\n<div class=\"bouteille modele_2_horizontal gauche\">\n<div class=\"titre_bouteille pleine_largeur\">Hemogenol<\/div>\n<div class=\"modele_2_crop\" style=\"height:300px\"><img decoding=\"async\" src=\"..\/images\/30957369142_dde594e802_b.jpg\" width=\"881px\" style=\"margin:-160px 0 0 0\"><\/div>\n<\/div>\n<p><br style=\"clear:both;\"><\/p>\n<\/div>\n<div class=\"bloc_wrapper\">\n<div class=\"bouteille modele_2_horizontal gauche\">\n<div class=\"titre_bouteille pleine_largeur\">Hemogenol<\/div>\n<div class=\"modele_2_crop\" style=\"height:300px\"><img decoding=\"async\" src=\"..\/images\/30293019733_a510ce8163_b.jpg\" width=\"881px\" style=\"margin:-120px 0 0 0\"><\/div>\n<\/div>\n<p><br style=\"clear:both;\"><\/p>\n<\/div>\n<div class=\"bloc_wrapper\">\n<div class=\"bouteille modele_2_horizontal gauche\">\n<div class=\"titre_bouteille pleine_largeur\">Tonique Hemogenol<\/div>\n<div class=\"modele_2_crop\"><img decoding=\"async\" src=\"..\/images\/31099594235_f77e74ff83_b.jpg\" width=\"881px\" style=\"margin:-80px 0 0 0\"><\/div>\n<\/div>\n<p><br style=\"clear:both;\"><\/p>\n<\/div>\n<div class=\"bloc_wrapper\">\n<div class=\"bouteille modele_2_horizontal gauche\">\n<div class=\"titre_bouteille pleine_largeur\">Toniqe Hemogenol<\/div>\n<div class=\"modele_2_crop\" style=\"height:500px\"><img decoding=\"async\" src=\"..\/images\/30957379512_dbd589947a_b.jpg\" width=\"881px\" style=\"margin:-60px 0 0 0\"><\/div>\n<\/div>\n<p><br style=\"clear:both;\"><\/p>\n<\/div>\n<div class=\"bloc_wrapper\">\n<div class=\"bouteille modele_2_horizontal gauche\">\n<div class=\"titre_bouteille pleine_largeur\">Hemogenol<\/div>\n<div class=\"modele_2_crop\"><img decoding=\"async\" src=\"..\/images\/31063931156_35c35fc9b1_b.jpg\" width=\"881px\" style=\"margin:-100px 0 0 0\"><\/div>\n<\/div>\n<p><br style=\"clear:both;\"><\/p>\n<\/div>\n<div class=\"bloc_wrapper\">\n<div class=\"bouteille modele_1_vertical gauche\">\n<div class=\"titre_bouteille\">Elixir Hemogenol<\/div>\n<p><img decoding=\"async\" src=\"..\/images\/30957343732_afb4cd9e82_z.jpg\" width=\"426\"><\/p>\n<\/div>\n<div class=\"bouteille modele_1_vertical droite\">\n<div class=\"titre_bouteille\">Elixir Hemogenol<\/div>\n<p><img decoding=\"async\" src=\"..\/images\/30957331282_7d519253b7_z.jpg\" width=\"426\"><\/p>\n<\/div>\n<p><br style=\"clear:both;\"><\/p>\n<\/div>\n<div class=\"bloc_wrapper\">\n<div class=\"bouteille modele_1_vertical gauche\">\n<div class=\"titre_bouteille\">Elixir Hemogenol<\/div>\n<p><img decoding=\"async\" src=\"..\/images\/31099519705_7e1858a9af_z.jpg\" width=\"426\"><\/p>\n<\/div>\n<div class=\"bouteille modele_1_vertical droite\">\n<div class=\"titre_bouteille\">Tonique Hemogenol<\/div>\n<p><img decoding=\"async\" src=\"..\/images\/30985904721_3b1eb5e6a1_z.jpg\" width=\"426\"><\/p>\n<\/div>\n<p><br style=\"clear:both;\"><\/p>\n<\/div>\n<div class=\"bloc_wrapper\">\n<div class=\"bouteille modele_2_horizontal gauche\">\n<div class=\"titre_bouteille pleine_largeur\">Tablettes Nevralgol Faguet<\/div>\n<div class=\"modele_2_crop\" style=\"height:500px;\"><img decoding=\"async\" src=\"..\/images\/30957326052_1dc07cc9ae_b.jpg\" width=\"881px\" style=\"margin:-70px 0 0 0\"><\/div>\n<\/div>\n<p><br style=\"clear:both;\"><\/p>\n<\/div>\n<div class=\"bloc_wrapper\">\n<div class=\"bouteille modele_2_horizontal gauche\">\n<div class=\"titre_bouteille pleine_largeur\">Nevralgol Faguet<\/div>\n<div class=\"modele_2_crop\" style=\"height:350px;\"><img decoding=\"async\" src=\"..\/images\/30957374662_e265c893af_b.jpg\" width=\"881px\" style=\"margin:-130px 0 0 0\"><\/div>\n<\/div>\n<p><br style=\"clear:both;\"><\/p>\n<\/div>\n<div class=\"bloc_wrapper\">\n<div class=\"bouteille modele_2_horizontal gauche\">\n<div class=\"titre_bouteille pleine_largeur\">Pastilles Benzocainol<\/div>\n<p><img decoding=\"async\" src=\"..\/images\/30293025193_758bcaa243_b.jpg\" width=\"881px\"><\/p>\n<\/div>\n<p><br style=\"clear:both;\"><\/p>\n<\/div>\n<div class=\"bloc_wrapper\">\n<div class=\"bouteille modele_1_vertical gauche\">\n<div class=\"titre_bouteille\">Nevralgol<\/div>\n<p><img decoding=\"async\" src=\"..\/images\/30957386492_1f4c1ecbd6_z.jpg\" width=\"426\"><\/p>\n<\/div>\n<p><br style=\"clear:both;\"><\/p>\n<\/div>\n<\/div>\n<div class=\"groupe\">\n<h3 class=\"sous_titre\">Autres<\/h3>\n<div class=\"bloc_wrapper\">\n<div class=\"bouteille modele_2_horizontal gauche\">\n<div class=\"titre_bouteille pleine_largeur\">Ch\u00e8ques<\/div>\n<p><img decoding=\"async\" src=\"..\/images\/faguet_cheque.jpg\" width=\"881px\"><\/p>\n<\/div>\n<p><br style=\"clear:both;\"><\/p>\n<\/div>\n<\/div>\n","protected":false},"excerpt":{"rendered":"<p>Rem\u00e8des et m\u00e9dicaments Soufre pur sublime Vin \u00c9lixir Tonique Hemogenol Faguet Extrait de foie de morue Pastilles antiseptiques Teinture d&rsquo;iode Bo\u00eetes Nevralgol Teinture d&rsquo;iode Onguent Lamontagne Onguent gris Onguent Healing Huile de foie de morue Sirop de pin blanc compos\u00e9 Elixir Hemogenol Faguet Elixir Hemogenol Faguet Pr\u00e9sentoirs et publicit\u00e9s Pr\u00e9sentoir de comptoir Onguent Lamontagne Pr\u00e9sentoir [&hellip;]<\/p>\n","protected":false},"author":1,"featured_media":0,"parent":0,"menu_order":0,"comment_status":"closed","ping_status":"closed","template":"","meta":{"footnotes":""},"class_list":["post-8","page","type-page","status-publish","hentry"],"_links":{"self":[{"href":"https:\/\/martingagnon.net\/collection\/wp-json\/wp\/v2\/pages\/8","targetHints":{"allow":["GET"]}}],"collection":[{"href":"https:\/\/martingagnon.net\/collection\/wp-json\/wp\/v2\/pages"}],"about":[{"href":"https:\/\/martingagnon.net\/collection\/wp-json\/wp\/v2\/types\/page"}],"author":[{"embeddable":true,"href":"https:\/\/martingagnon.net\/collection\/wp-json\/wp\/v2\/users\/1"}],"replies":[{"embeddable":true,"href":"https:\/\/martingagnon.net\/collection\/wp-json\/wp\/v2\/comments?post=8"}],"version-history":[{"count":16,"href":"https:\/\/martingagnon.net\/collection\/wp-json\/wp\/v2\/pages\/8\/revisions"}],"predecessor-version":[{"id":1904,"href":"https:\/\/martingagnon.net\/collection\/wp-json\/wp\/v2\/pages\/8\/revisions\/1904"}],"wp:attachment":[{"href":"https:\/\/martingagnon.net\/collection\/wp-json\/wp\/v2\/media?parent=8"}],"curies":[{"name":"wp","href":"https:\/\/api.w.org\/{rel}","templated":true}]}}