{"id":812,"date":"2021-10-31T21:44:01","date_gmt":"2021-10-31T20:44:01","guid":{"rendered":"https:\/\/martingagnon.net\/collection\/?page_id=812"},"modified":"2025-11-26T00:53:06","modified_gmt":"2025-11-25T23:53:06","slug":"nyal-co","status":"publish","type":"page","link":"https:\/\/martingagnon.net\/collection\/nyal-co\/","title":{"rendered":"Nyal Co."},"content":{"rendered":"<div class=\"groupe\">\n<h3 class=\"sous_titre\">Rem\u00e8des et m\u00e9dicaments<\/h3>\n<div class=\"bloc_wrapper\">\n<div class=\"bouteille modele_1_vertical gauche\">\n<div class=\"titre_bouteille\">Nyal Company Ltd  \u2013 Powdered Alum<\/div>\n<p><img decoding=\"async\" src=\"..\/images\/38084394355_6c7481086d_z.jpg\" width=\"426\"><\/p>\n<\/div>\n<div class=\"bouteille modele_1_vertical droite\">\n<div class=\"titre_bouteille\">Nyal Company Ltd &#8211; Tincture of Iodine<\/div>\n<p><img decoding=\"async\" src=\"..\/images\/44094362814_ff6b76763e_z.jpg\" width=\"426\"><\/p>\n<\/div>\n<p><br style=\"clear:both;\"><\/p>\n<\/div>\n<div class=\"bloc_wrapper\">\n<div class=\"bouteille modele_1_vertical gauche\">\n<div class=\"titre_bouteille\">Nyal Company Ltd  \u2013 Nyeast<\/div>\n<p><img decoding=\"async\" src=\"..\/images\/nyal_nyeast.JPG\" width=\"426\"><\/p>\n<\/div>\n<div class=\"bouteille modele_1_vertical droite\">\n<div class=\"titre_bouteille\">Nyal Company Ltd  \u2013 Vaporizing Salve<\/div>\n<p><img decoding=\"async\" src=\"..\/images\/nyal_vaporizing.JPG\" width=\"426\"><\/p>\n<\/div>\n<p><br style=\"clear:both;\"><\/p>\n<\/div>\n<div class=\"bloc_wrapper\">\n<div class=\"bouteille modele_1_vertical gauche\">\n<div class=\"titre_bouteille\">Nyal Company Ltd  \u2013 Creside<\/div>\n<p><img decoding=\"async\" src=\"..\/images\/nyal_creside.jpg\" width=\"426\"><\/p>\n<\/div>\n<div class=\"bouteille modele_1_vertical droite\">\n<div class=\"titre_bouteille\">Nyal Company Ltd  \u2013 Peroxide<\/div>\n<p><img decoding=\"async\" src=\"..\/images\/nyal_peroxide.JPG\" width=\"426\"><\/p>\n<\/div>\n<p><br style=\"clear:both;\"><\/p>\n<\/div>\n<div class=\"bloc_wrapper\">\n<div class=\"bouteille modele_1_vertical gauche\">\n<div class=\"titre_bouteille\">Nyal&rsquo;s &#8211; Bouteille g\u00e9n\u00e9rique<\/div>\n<p><img decoding=\"async\" src=\"..\/images\/nyal_bim_rect.jpg\" width=\"426\"><\/p>\n<\/div>\n<div class=\"bouteille modele_1_vertical droite\">\n<div class=\"titre_bouteille\">Nyal&rsquo;s &#8211; Bouteille g\u00e9n\u00e9rique<\/div>\n<p><img decoding=\"async\" src=\"..\/images\/nyal_petit_bim.jpg\" width=\"426\"><\/p>\n<\/div>\n<p><br style=\"clear:both;\"><\/p>\n<\/div>\n<div class=\"bloc_wrapper\">\n<div class=\"bouteille modele_1_vertical gauche\">\n<div class=\"titre_bouteille\">Nyal&rsquo;s &#8211; Bouteille g\u00e9n\u00e9rique<\/div>\n<p><img decoding=\"async\" src=\"..\/images\/nyal_large.jpg\" width=\"426\"><\/p>\n<\/div>\n<div class=\"bouteille modele_1_vertical droite\">\n<div class=\"titre_bouteille\">Nyal&rsquo;s &#8211; Bouteille g\u00e9n\u00e9rique<\/div>\n<p><img decoding=\"async\" src=\"..\/images\/nyal_grand_ambre.jpg\" width=\"426\"><\/p>\n<\/div>\n<p><br style=\"clear:both;\"><\/p>\n<\/div>\n<div class=\"bloc_wrapper\">\n<div class=\"bouteille modele_1_vertical gauche\">\n<div class=\"titre_bouteille\">Nyal&rsquo;s &#8211; Hirsutone<\/div>\n<p><img decoding=\"async\" src=\"..\/images\/nyals_hirsutone_ambre.jpg\" width=\"426\"><\/p>\n<\/div>\n<div class=\"bouteille modele_1_vertical droite\">\n<div class=\"titre_bouteille\">Nyal&rsquo;s &#8211; Hirsutone<\/div>\n<p><img decoding=\"async\" src=\"..\/images\/nyals_hirsutone.jpg\" width=\"426\"><\/p>\n<\/div>\n<p><br style=\"clear:both;\"><\/p>\n<\/div>\n<div class=\"bloc_wrapper\">\n<div class=\"bouteille modele_1_vertical gauche\">\n<div class=\"titre_bouteille\">Nyal&rsquo;s &#8211; Boric Acid<\/div>\n<p><img decoding=\"async\" src=\"..\/images\/nyal_boric_acid.jpg\" width=\"426\"><\/p>\n<\/div>\n<div class=\"bouteille modele_1_vertical droite\">\n<div class=\"titre_bouteille\">Nyal&rsquo;s &#8211; Chest Rub<\/div>\n<p><img decoding=\"async\" src=\"..\/images\/nyal_chest_rub.jpg\" width=\"426\"><\/p>\n<\/div>\n<p><br style=\"clear:both;\"><\/p>\n<\/div>\n<div class=\"bloc_wrapper\">\n<div class=\"bouteille modele_1_vertical gauche\">\n<div class=\"titre_bouteille\">Nyal&rsquo;s &#8211; Tooth-Ache<\/div>\n<p><img decoding=\"async\" src=\"..\/images\/nyal_tooth-ache.jpg\" width=\"426\"><\/p>\n<\/div>\n<div class=\"bouteille modele_1_vertical droite\">\n<div class=\"titre_bouteille\">Nyal&rsquo;s &#8211; Pilo Pile Ointment<\/div>\n<p><img decoding=\"async\" src=\"..\/images\/nyal_pilo1.jpg\" width=\"426\"><\/p>\n<\/div>\n<p><br style=\"clear:both;\"><\/p>\n<\/div>\n<div class=\"bloc_wrapper\">\n<div class=\"bouteille modele_1_vertical gauche\">\n<div class=\"titre_bouteille\">Nyal&rsquo;s &#8211; Pilo Pile Ointment<\/div>\n<p><img decoding=\"async\" src=\"..\/images\/nyal_pilo2.jpg\" width=\"426\"><\/p>\n<\/div>\n<div class=\"bouteille modele_1_vertical droite\">\n<div class=\"titre_bouteille\">Nyal&rsquo;s &#8211; Pilo Pile Ointment<\/div>\n<p><img decoding=\"async\" src=\"..\/images\/nyal_pilo3.jpg\" width=\"426\"><\/p>\n<\/div>\n<p><br style=\"clear:both;\"><\/p>\n<\/div>\n<div class=\"bloc_wrapper\">\n<div class=\"bouteille modele_1_vertical gauche\">\n<div class=\"titre_bouteille\">Nyal&rsquo;s &#8211; Buchu-Juniper Kidney Pills<\/div>\n<p><img decoding=\"async\" src=\"..\/images\/nyal_kidneypills.jpg\" width=\"426\"><\/p>\n<\/div>\n<div class=\"bouteille modele_1_vertical droite\">\n<div class=\"titre_bouteille\">Nyal&rsquo;s &#8211; Eczema Ointment<\/div>\n<p><img decoding=\"async\" src=\"..\/images\/nyal_eczemaointment.jpg\" width=\"426\"><\/p>\n<\/div>\n<p><br style=\"clear:both;\"><\/p>\n<\/div>\n<div class=\"bloc_wrapper\">\n<div class=\"bouteille modele_1_vertical gauche\">\n<div class=\"titre_bouteille\">Nyal&rsquo;s &#8211; Ny-cet-Al<\/div>\n<p><img decoding=\"async\" src=\"..\/images\/nyal_nycetal.jpg\" width=\"426\"><\/p>\n<\/div>\n<div class=\"bouteille modele_1_vertical droite\">\n<div class=\"titre_bouteille\">Nyal&rsquo;s &#8211; Laxacold<\/div>\n<p><img decoding=\"async\" src=\"..\/images\/nyal_laxacold.jpg\" width=\"426\"><\/p>\n<\/div>\n<p><br style=\"clear:both;\"><\/p>\n<\/div>\n<div class=\"bloc_wrapper\">\n<div class=\"bouteille modele_1_vertical gauche\">\n<div class=\"titre_bouteille\">Nyal&rsquo;s &#8211; Nyagar<\/div>\n<p><img decoding=\"async\" src=\"..\/images\/nyal_nyagar.jpg\" width=\"426\"><\/p>\n<\/div>\n<div class=\"bouteille modele_1_vertical droite\">\n<div class=\"titre_bouteille\">Nyal&rsquo;s &#8211; Sels biliaires Nyal<\/div>\n<p><img decoding=\"async\" src=\"..\/images\/nyal_sels_biliaires.jpg\" width=\"426\"><\/p>\n<\/div>\n<p><br style=\"clear:both;\"><\/p>\n<\/div>\n<div class=\"bloc_wrapper\">\n<div class=\"bouteille modele_1_vertical gauche\">\n<div class=\"titre_bouteille\">Nyal&rsquo;s &#8211; Compound Syrup White Pine<\/div>\n<p><img decoding=\"async\" src=\"..\/images\/nyal_whitepine.jpg\" width=\"426\"><\/p>\n<\/div>\n<div class=\"bouteille modele_1_vertical droite\">\n<div class=\"titre_bouteille\">Nyal&rsquo;s &#8211; Cold Cream<\/div>\n<p><img decoding=\"async\" src=\"..\/images\/nyals_coldcream.jpg\" width=\"426\"><\/p>\n<\/div>\n<p><br style=\"clear:both;\"><\/p>\n<\/div>\n<\/div>\n","protected":false},"excerpt":{"rendered":"<p>Rem\u00e8des et m\u00e9dicaments Nyal Company Ltd \u2013 Powdered Alum Nyal Company Ltd &#8211; Tincture of Iodine Nyal Company Ltd \u2013 Nyeast Nyal Company Ltd \u2013 Vaporizing Salve Nyal Company Ltd \u2013 Creside Nyal Company Ltd \u2013 Peroxide Nyal&rsquo;s &#8211; Bouteille g\u00e9n\u00e9rique Nyal&rsquo;s &#8211; Bouteille g\u00e9n\u00e9rique Nyal&rsquo;s &#8211; Bouteille g\u00e9n\u00e9rique Nyal&rsquo;s &#8211; Bouteille g\u00e9n\u00e9rique Nyal&rsquo;s &#8211; [&hellip;]<\/p>\n","protected":false},"author":1,"featured_media":0,"parent":0,"menu_order":0,"comment_status":"closed","ping_status":"closed","template":"","meta":{"footnotes":""},"class_list":["post-812","page","type-page","status-publish","hentry"],"_links":{"self":[{"href":"https:\/\/martingagnon.net\/collection\/wp-json\/wp\/v2\/pages\/812","targetHints":{"allow":["GET"]}}],"collection":[{"href":"https:\/\/martingagnon.net\/collection\/wp-json\/wp\/v2\/pages"}],"about":[{"href":"https:\/\/martingagnon.net\/collection\/wp-json\/wp\/v2\/types\/page"}],"author":[{"embeddable":true,"href":"https:\/\/martingagnon.net\/collection\/wp-json\/wp\/v2\/users\/1"}],"replies":[{"embeddable":true,"href":"https:\/\/martingagnon.net\/collection\/wp-json\/wp\/v2\/comments?post=812"}],"version-history":[{"count":6,"href":"https:\/\/martingagnon.net\/collection\/wp-json\/wp\/v2\/pages\/812\/revisions"}],"predecessor-version":[{"id":1911,"href":"https:\/\/martingagnon.net\/collection\/wp-json\/wp\/v2\/pages\/812\/revisions\/1911"}],"wp:attachment":[{"href":"https:\/\/martingagnon.net\/collection\/wp-json\/wp\/v2\/media?parent=812"}],"curies":[{"name":"wp","href":"https:\/\/api.w.org\/{rel}","templated":true}]}}